{"id":26502,"date":"2026-03-25T14:50:33","date_gmt":"2026-03-25T13:50:33","guid":{"rendered":"https:\/\/serviclean.be\/?post_type=product&#038;p=26502"},"modified":"2026-03-25T14:58:56","modified_gmt":"2026-03-25T13:58:56","slug":"multiclean-mg-vloerreiniging-bloemengeur-copie","status":"publish","type":"product","link":"https:\/\/serviclean.be\/nl\/produit\/multiclean-mg-vloerreiniging-bloemengeur-copie\/","title":{"rendered":"Multiclean TROPICAL \u2013 Vloerreiniger"},"content":{"rendered":"<p data-start=\"63\" data-end=\"391\" data-rm-block-id=\"block-1\"><strong data-start=\"63\" data-end=\"89\">Multiclean Tropical <\/strong>is een multisurfacereiniger met tropische geur, speciaal ontwikkeld voor het regelmatig onderhoud van vloeren en afwasbare oppervlakken. De doeltreffende formule ontvet en verwijdert vuil, vlekken en resten, terwijl ze een frisse, exotische en langdurige geur achterlaat die een aangenaam gevoel van netheid geeft. <\/p>\n<p data-start=\"393\" data-end=\"649\" data-rm-block-id=\"block-2\">Veelzijdig inzetbaar, zowel in professionele omgevingen (kantoren, winkels, scholen, hotels, openbare instellingen) als thuis. In \u00e9\u00e9n beweging reinigt, hygi\u00ebniseert, ontgeurt en verfrist het de oppervlakken, voor dagelijkse hygi\u00ebne en comfort. <\/p>\n<p data-start=\"651\" data-end=\"747\" data-rm-block-id=\"block-3\">Ideaal voor frequent gebruik: Multiclean Tropical combineert prestaties, zuinigheid en frisheid.<\/p>\n<h3 data-section-id=\"1kciam9\" data-start=\"754\" data-end=\"779\" data-rm-block-id=\"block-4\"><span role=\"text\"><strong data-start=\"758\" data-end=\"779\">Technische fiche:<\/strong><\/span><\/h3>\n<p data-start=\"781\" data-end=\"1006\" data-rm-block-id=\"block-5\"><strong data-start=\"781\" data-end=\"801\">Productnaam:<\/strong> Multiclean Tropical \u2013 multisurfacereiniger met tropische geur<br data-start=\"867\" data-end=\"870\"><strong data-start=\"870\" data-end=\"880\">Type:<\/strong> multisurfacereiniger, hygi\u00ebniserend en ontgeurend<br data-start=\"935\" data-end=\"938\"><strong data-start=\"938\" data-end=\"950\">Formaat:<\/strong> jerrycan 5 L<br data-start=\"960\" data-end=\"963\"><strong data-start=\"963\" data-end=\"975\">Geur:<\/strong> fris tropisch en langdurig<\/p>\n<h3 data-section-id=\"1kkbfbx\" data-start=\"1013\" data-end=\"1033\" data-rm-block-id=\"block-6\"><span role=\"text\"><strong data-start=\"1017\" data-end=\"1033\">Eigenschappen:<\/strong><\/span><\/h3>\n<ul data-start=\"1034\" data-end=\"1269\">\n<li data-section-id=\"6clb5q\" data-start=\"1034\" data-end=\"1071\" data-rm-block-id=\"block-7\">Reinigt en ontvet effectief<\/li>\n<li data-section-id=\"158yk11\" data-start=\"1072\" data-end=\"1109\" data-rm-block-id=\"block-8\">Verwijdert vuil en resten<\/li>\n<li data-section-id=\"1bwn06k\" data-start=\"1110\" data-end=\"1144\" data-rm-block-id=\"block-9\">Ontsmet wasbare oppervlakken<\/li>\n<li data-section-id=\"1sem4mc\" data-start=\"1145\" data-end=\"1171\" data-rm-block-id=\"block-10\">Desodoreert duurzaam<\/li>\n<li data-section-id=\"wvi50p\" data-start=\"1172\" data-end=\"1219\" data-rm-block-id=\"block-11\">Laat een tropisch fris gevoel achter<\/li>\n<li data-section-id=\"1j2tab\" data-start=\"1220\" data-end=\"1269\" data-rm-block-id=\"block-12\">Geschikt voor professioneel en huishoudelijk gebruik<\/li>\n<\/ul>\n<h3 data-section-id=\"1mmb3qt\" data-start=\"1276\" data-end=\"1306\" data-rm-block-id=\"block-13\"><span role=\"text\"><strong data-start=\"1280\" data-end=\"1306\">Compatibele ondergronden:<\/strong><\/span><\/h3>\n<ul data-start=\"1307\" data-end=\"1378\">\n<li data-section-id=\"q0sheb\" data-start=\"1307\" data-end=\"1321\" data-rm-block-id=\"block-14\">Tegelvloeren<\/li>\n<li data-section-id=\"192fr85\" data-start=\"1322\" data-end=\"1347\" data-rm-block-id=\"block-15\">PVC, vinyl, linoleum<\/li>\n<li data-section-id=\"1pdvw05\" data-start=\"1348\" data-end=\"1378\" data-rm-block-id=\"block-16\">Moderne afwasbare oppervlakken<\/li>\n<\/ul>\n<h3 data-section-id=\"dehl04\" data-start=\"1385\" data-end=\"1417\" data-rm-block-id=\"block-17\"><span role=\"text\"><strong data-start=\"1389\" data-end=\"1417\">Toepassingsgebieden:<\/strong><\/span><\/h3>\n<ul data-start=\"1418\" data-end=\"1542\">\n<li data-section-id=\"3kkdc5\" data-start=\"1418\" data-end=\"1450\" data-rm-block-id=\"block-18\">Kantoren, winkels en hotels<\/li>\n<li data-section-id=\"462krl\" data-start=\"1451\" data-end=\"1502\" data-rm-block-id=\"block-19\">Scholen, collectiviteiten en openbare instellingen<\/li>\n<li data-section-id=\"nffjns\" data-start=\"1503\" data-end=\"1521\" data-rm-block-id=\"block-20\">HORECA-ruimtes<\/li>\n<li data-section-id=\"1vd6mxt\" data-start=\"1522\" data-end=\"1542\" data-rm-block-id=\"block-21\">Huishoudelijk gebruik<\/li>\n<\/ul>\n<h3 data-section-id=\"b36sa8\" data-start=\"1549\" data-end=\"1572\" data-rm-block-id=\"block-22\"><span role=\"text\"><strong data-start=\"1553\" data-end=\"1572\">Handleiding :<\/strong><\/span><\/h3>\n<p data-start=\"1573\" data-end=\"1850\" data-rm-block-id=\"block-23\">Verdun Multiclean Tropical in water (25 tot 50 ml per 5 L water, afhankelijk van de vervuilingsgraad).<br data-start=\"1673\" data-end=\"1676\">Aanbrengen met een dweil, sponsmop of schrobzuigmachine.<br data-start=\"1753\" data-end=\"1756\">Laten drogen zonder naspoelen, behalve bij oppervlakken die in contact komen met levensmiddelen.<\/p>\n","protected":false},"excerpt":{"rendered":"<p>Multisurfacereiniger met tropische geur, ideaal voor professioneel gebruik. Reinigt doeltreffend alle afwasbare oppervlakken en laat een aangename frisse, exotische geur achter. <\/p>\n<p><span style=\"color: #008000;\"><strong>Ref.: 6181<\/strong><\/span><\/p>\n","protected":false},"featured_media":26507,"template":"","meta":[],"product_brand":[],"product_cat":[412,398],"product_tag":[420],"class_list":{"0":"post-26502","1":"product","2":"type-product","3":"status-publish","4":"has-post-thumbnail","6":"product_cat-onderhoudsproducten","7":"product_cat-vloerreiniging","8":"product_tag-servi-clean","10":"first","11":"instock","12":"featured","13":"taxable","14":"shipping-taxable","15":"purchasable","16":"product-type-variable"},"acf":[],"_links":{"self":[{"href":"https:\/\/serviclean.be\/nl\/wp-json\/wp\/v2\/product\/26502","targetHints":{"allow":["GET"]}}],"collection":[{"href":"https:\/\/serviclean.be\/nl\/wp-json\/wp\/v2\/product"}],"about":[{"href":"https:\/\/serviclean.be\/nl\/wp-json\/wp\/v2\/types\/product"}],"wp:featuredmedia":[{"embeddable":true,"href":"https:\/\/serviclean.be\/nl\/wp-json\/wp\/v2\/media\/26507"}],"wp:attachment":[{"href":"https:\/\/serviclean.be\/nl\/wp-json\/wp\/v2\/media?parent=26502"}],"wp:term":[{"taxonomy":"product_brand","embeddable":true,"href":"https:\/\/serviclean.be\/nl\/wp-json\/wp\/v2\/product_brand?post=26502"},{"taxonomy":"product_cat","embeddable":true,"href":"https:\/\/serviclean.be\/nl\/wp-json\/wp\/v2\/product_cat?post=26502"},{"taxonomy":"product_tag","embeddable":true,"href":"https:\/\/serviclean.be\/nl\/wp-json\/wp\/v2\/product_tag?post=26502"}],"curies":[{"name":"wp","href":"https:\/\/api.w.org\/{rel}","templated":true}]}}