{"id":24868,"date":"2022-02-21T11:56:13","date_gmt":"2022-02-21T10:56:13","guid":{"rendered":"https:\/\/serviclean.be\/produit\/dreumex-dispenser-rvs-afvalbak-800-doekjes\/"},"modified":"2025-11-29T22:00:35","modified_gmt":"2025-11-29T21:00:35","slug":"dreumex-dispenser-rvs-afvalbak-800-doekjes","status":"publish","type":"product","link":"https:\/\/serviclean.be\/nl\/produit\/dreumex-dispenser-rvs-afvalbak-800-doekjes\/","title":{"rendered":"Dreumex Dispenser &amp; RVS Afvalbak \u2013 800 Doekjes"},"content":{"rendered":"<p>De Dreumex alles-in-\u00e9\u00e9n dispenser en afvalbak van roestvrij staal is speciaal ontworpen voor het bevatten en distribueren van maximaal 800 doekjes. Dit apparaat combineert een praktische dispenser en een ge\u00efntegreerde afvalbak, en biedt een hygi\u00ebnische en compacte oplossing voor professionele reiniging. <\/p>\n<p>Robuust en gemakkelijk te reinigen, past perfect in veeleisende omgevingen zoals industrie\u00ebn, laboratoria, keukens en medische ruimtes, waar een snelle en schone verwijdering van gebruikte doekjes essentieel is.<\/p>\n<p><strong>Belangrijkste kenmerken<\/strong><\/p>\n<ul>\n<li>Constructie van duurzaam en corrosiebestendig roestvrij staal<\/li>\n<li>Capaciteit tot 800 doekjes<\/li>\n<li>Gemakkelijk toegankelijke dispenser<\/li>\n<li>Ge\u00efntegreerde afvalbak voor gebruikte doekjes<\/li>\n<li>Alles-in-\u00e9\u00e9n hygi\u00ebnische oplossing<\/li>\n<li>Compact ontwerp, geschikt voor professionele omgevingen<\/li>\n<li>Gemakkelijk schoon te maken en te onderhouden<\/li>\n<\/ul>\n<p><strong>Gebruiksaanwijzing voor desinfecterende doekjes:<\/strong><\/p>\n<p>Neem een vochtig doekje en veeg het te behandelen oppervlak af totdat het volledig nat is. Zorg ervoor dat het oppervlak minstens 2 minuten nat blijft. Laat vervolgens aan de lucht drogen. Gooi het gebruikte doekje in de afvalbak. Sluit de deksel na gebruik zorgvuldig om de vochtigheid van de overige doekjes te behouden. Bewaren bij kamertemperatuur, beschermd tegen vorst. Uitsluitend voor professioneel gebruik.      <\/p>\n","protected":false},"excerpt":{"rendered":"<p>Alles-in-\u00e9\u00e9n dispenser en afvalbak van roestvrij staal voor 800 doekjes. Hygi\u00ebnische en praktische oplossing voor professioneel gebruik.<br \/>\n<span style=\"color: #008000;\"><strong>Ref: 14248<\/strong><\/span><\/p>\n","protected":false},"featured_media":24870,"template":"","meta":[],"product_brand":[],"product_cat":[404,436,405,421],"product_tag":[488],"class_list":{"0":"post-24868","1":"product","2":"type-product","3":"status-publish","4":"has-post-thumbnail","6":"product_cat-desinfectiemiddelen-voor-handen-en-oppervlakken","7":"product_cat-garages-carrosserieen","8":"product_cat-hand-hygiene","9":"product_cat-handdoekdispensers","10":"product_tag-dreumex","12":"first","13":"instock","14":"taxable","15":"shipping-taxable","16":"purchasable","17":"product-type-simple"},"acf":[],"_links":{"self":[{"href":"https:\/\/serviclean.be\/nl\/wp-json\/wp\/v2\/product\/24868","targetHints":{"allow":["GET"]}}],"collection":[{"href":"https:\/\/serviclean.be\/nl\/wp-json\/wp\/v2\/product"}],"about":[{"href":"https:\/\/serviclean.be\/nl\/wp-json\/wp\/v2\/types\/product"}],"wp:featuredmedia":[{"embeddable":true,"href":"https:\/\/serviclean.be\/nl\/wp-json\/wp\/v2\/media\/24870"}],"wp:attachment":[{"href":"https:\/\/serviclean.be\/nl\/wp-json\/wp\/v2\/media?parent=24868"}],"wp:term":[{"taxonomy":"product_brand","embeddable":true,"href":"https:\/\/serviclean.be\/nl\/wp-json\/wp\/v2\/product_brand?post=24868"},{"taxonomy":"product_cat","embeddable":true,"href":"https:\/\/serviclean.be\/nl\/wp-json\/wp\/v2\/product_cat?post=24868"},{"taxonomy":"product_tag","embeddable":true,"href":"https:\/\/serviclean.be\/nl\/wp-json\/wp\/v2\/product_tag?post=24868"}],"curies":[{"name":"wp","href":"https:\/\/api.w.org\/{rel}","templated":true}]}}