{"id":24806,"date":"2022-04-18T15:23:22","date_gmt":"2022-04-18T13:23:22","guid":{"rendered":"https:\/\/serviclean.be\/produit\/23l-vrouwelijke-hygine-bin\/"},"modified":"2026-01-31T23:06:06","modified_gmt":"2026-01-31T22:06:06","slug":"23l-vrouwelijke-hygine-bin","status":"publish","type":"product","link":"https:\/\/serviclean.be\/nl\/produit\/23l-vrouwelijke-hygine-bin\/","title":{"rendered":"23L VROUWELIJKE HYGINE BIN"},"content":{"rendered":"<p><strong>Voordelen<\/strong><br \/>\n<strong>Elegant:<\/strong> harmonieus design dat goed past in alle omgevingen<br \/>\n<strong>Discreet:<\/strong> de opening van het klapluik voorkomt zichtbaarheid van de inhoud en voorkomt het ontsnappen van onaangename geuren<br \/>\n<strong>Compact:<\/strong> ideaal voor beperkte ruimtes<br \/>\n<strong>Hygi\u00ebnisch:<\/strong> het pedaal maakt gebruik mogelijk zonder handcontact<br \/>\n<strong>Eenvoudig onderhoud:<\/strong> de gladde oppervlakken en afwezigheid van holtes vergemakkelijken de reiniging en garanderen een hoog hygi\u00ebneniveau<br \/>\nConform H.A.C.C.P.-normen die vuilnisbakken voorschrijven die handcontact vermijden en gemakkelijk te reinigen en te desinfecteren zijn<\/p>\n","protected":false},"excerpt":{"rendered":"<p>De HYGI\u00cbNE AFVALBAK VOOR DAMES van 23 L is ontworpen voor een effici\u00ebnt beheer van sanitair afval. Uitgerust met een deksel met brede klep en een pedaal, zorgt deze voor een hygi\u00ebnisch gebruik zonder direct contact. De zakhouderring garandeert een optimale bevestiging, terwijl de houder voor geurtabletten bijdraagt aan het behoud van een aangename atmosfeer. Deze uitrusting is ideaal voor toiletten en vergemakkelijkt zo het inzamelen van afval.   <\/p>\n<p>Ref: 2120<\/p>\n","protected":false},"featured_media":24811,"template":"","meta":[],"product_brand":[],"product_cat":[433],"product_tag":[],"class_list":{"0":"post-24806","1":"product","2":"type-product","3":"status-publish","4":"has-post-thumbnail","6":"product_cat-vuilnisbakken","8":"first","9":"instock","10":"taxable","11":"shipping-taxable","12":"purchasable","13":"product-type-simple"},"acf":[],"_links":{"self":[{"href":"https:\/\/serviclean.be\/nl\/wp-json\/wp\/v2\/product\/24806","targetHints":{"allow":["GET"]}}],"collection":[{"href":"https:\/\/serviclean.be\/nl\/wp-json\/wp\/v2\/product"}],"about":[{"href":"https:\/\/serviclean.be\/nl\/wp-json\/wp\/v2\/types\/product"}],"wp:featuredmedia":[{"embeddable":true,"href":"https:\/\/serviclean.be\/nl\/wp-json\/wp\/v2\/media\/24811"}],"wp:attachment":[{"href":"https:\/\/serviclean.be\/nl\/wp-json\/wp\/v2\/media?parent=24806"}],"wp:term":[{"taxonomy":"product_brand","embeddable":true,"href":"https:\/\/serviclean.be\/nl\/wp-json\/wp\/v2\/product_brand?post=24806"},{"taxonomy":"product_cat","embeddable":true,"href":"https:\/\/serviclean.be\/nl\/wp-json\/wp\/v2\/product_cat?post=24806"},{"taxonomy":"product_tag","embeddable":true,"href":"https:\/\/serviclean.be\/nl\/wp-json\/wp\/v2\/product_tag?post=24806"}],"curies":[{"name":"wp","href":"https:\/\/api.w.org\/{rel}","templated":true}]}}