{"id":23243,"date":"2021-06-20T15:29:28","date_gmt":"2021-06-20T13:29:28","guid":{"rendered":"https:\/\/serviclean.be\/produit\/ronde-zonborstel-o110-mm-hard-blauw\/"},"modified":"2025-11-29T20:38:19","modified_gmt":"2025-11-29T19:38:19","slug":"ronde-zonborstel-o110-mm-hard-blauw","status":"publish","type":"product","link":"https:\/\/serviclean.be\/nl\/produit\/ronde-zonborstel-o110-mm-hard-blauw\/","title":{"rendered":"Ronde Zonborstel \u00d8110 mm \u2013 Hard Blauw"},"content":{"rendered":"<p>De ronde zonborstel \u00d8110 mm hard \u2013 blauw is ontworpen voor een intensieve en hygi\u00ebnische reiniging in veeleisende professionele omgevingen.<\/p>\n<p>De ronde en ergonomische vorm zorgt voor een betere grip en verhoogde druk tijdens het borstelen, ideaal voor het verwijderen van hardnekkig vuil. Dankzij de harde nylonvezels reinigt deze effectief transportbanden, voedselcontainers, werkbladen en moeilijk bereikbare oppervlakken. <\/p>\n<p>Ontworpen voor duurzaamheid, is deze slijtvast en kan deze worden gebruikt binnen een HACCP-systeem dankzij de blauwe kleurcodering, waardoor reinigingszones kunnen worden onderscheiden.<\/p>\n<p><strong>Technische fiche:<\/strong><\/p>\n<ul>\n<li>Product: Ronde zonborstel<\/li>\n<li>Diameter: \u00d8110 mm<\/li>\n<li>Kleur: Blauw (HACCP-codering)<\/li>\n<li>Type vezels: Hard (hoogwaardig nylon)<\/li>\n<\/ul>\n<p><strong>Functies :<\/strong><\/p>\n<ul>\n<li>Ergonomische vorm voor betere druk<\/li>\n<li>Harde vezels voor hardnekkig vuil<\/li>\n<li>Geschikt voor de voedingsindustrie<\/li>\n<li>Hygi\u00ebnisch en slijtvast<\/li>\n<\/ul>\n<p><strong>Toepassingen:<\/strong> Transportbanden, voedselcontainers, keukens, industri\u00eble zones<\/p>\n<p><strong>Handleiding :<\/strong><\/p>\n<ul>\n<li>Houd de borstel stevig vast aan de ergonomische ronde handgreep.<\/li>\n<li>Oefen gelijkmatige druk uit op het te reinigen oppervlak.<\/li>\n<li>Gebruik met schoon water of een geschikte reinigingsoplossing.<\/li>\n<li>Spoel de borstel na gebruik af en laat deze aan de lucht drogen.<\/li>\n<\/ul>\n","protected":false},"excerpt":{"rendered":"<p>Ronde zonborstel \u00d8110 mm hard blauw. Ergonomisch, hygi\u00ebnisch en slijtvast, ideaal voor transportbanden, voedselcontainers en industri\u00eble zones. <\/p>\n<p><strong><span style=\"color: #008000;\">Ref: 5229<\/span><\/strong><\/p>\n","protected":false},"featured_media":23247,"template":"","meta":[],"product_brand":[],"product_cat":[417],"product_tag":[],"class_list":{"0":"post-23243","1":"product","2":"type-product","3":"status-publish","4":"has-post-thumbnail","6":"product_cat-borstels-en-schrapers","8":"first","9":"instock","10":"taxable","11":"shipping-taxable","12":"purchasable","13":"product-type-simple"},"acf":[],"_links":{"self":[{"href":"https:\/\/serviclean.be\/nl\/wp-json\/wp\/v2\/product\/23243","targetHints":{"allow":["GET"]}}],"collection":[{"href":"https:\/\/serviclean.be\/nl\/wp-json\/wp\/v2\/product"}],"about":[{"href":"https:\/\/serviclean.be\/nl\/wp-json\/wp\/v2\/types\/product"}],"wp:featuredmedia":[{"embeddable":true,"href":"https:\/\/serviclean.be\/nl\/wp-json\/wp\/v2\/media\/23247"}],"wp:attachment":[{"href":"https:\/\/serviclean.be\/nl\/wp-json\/wp\/v2\/media?parent=23243"}],"wp:term":[{"taxonomy":"product_brand","embeddable":true,"href":"https:\/\/serviclean.be\/nl\/wp-json\/wp\/v2\/product_brand?post=23243"},{"taxonomy":"product_cat","embeddable":true,"href":"https:\/\/serviclean.be\/nl\/wp-json\/wp\/v2\/product_cat?post=23243"},{"taxonomy":"product_tag","embeddable":true,"href":"https:\/\/serviclean.be\/nl\/wp-json\/wp\/v2\/product_tag?post=23243"}],"curies":[{"name":"wp","href":"https:\/\/api.w.org\/{rel}","templated":true}]}}