{"id":22474,"date":"2025-05-01T16:21:04","date_gmt":"2025-05-01T14:21:04","guid":{"rendered":"https:\/\/serviclean.be\/produit\/zerox-one-shot-750ml-edialux\/"},"modified":"2026-04-13T14:01:49","modified_gmt":"2026-04-13T12:01:49","slug":"zerox-one-shot-750ml-edialux","status":"publish","type":"product","link":"https:\/\/serviclean.be\/nl\/produit\/zerox-one-shot-750ml-edialux\/","title":{"rendered":"ZEROX ONE SHOT 200ML- EDIALUX"},"content":{"rendered":"<p>Tegen vliegen, muggen, wespen, motten, vlooien, kakkerlakken, kevers enz.<\/p>\n<p>Aerosol 200ML geen 250ML<\/p>\n<p><strong>Gebruiksaanwijzing:<\/strong><br \/>\nDosering: 1 aerosol van 200 ml is geschikt voor een ruimte van 600 m\u00b3 tegen vliegen, muggen, motten en wespen, voor een ruimte van 300 m\u00b3 tegen vlooien, kevers en zilvervisjes en voor een ruimte van 100 m\u00b3 tegen kakkerlakken.<br \/>\nGebruiksaanwijzing: Sluit deuren en ramen. Plaats de aerosol in het midden van de ruimte en nooit in direct contact met de ondergrond (bij voorkeur op een stuk karton van 40 x 40 cm). Verwijder de beschermring. Draai de klep volledig naar beneden tot er een sterke nevel vrijkomt. Verlaat de ruimte en houd deze minstens 4 uur goed gesloten. Ventileer de ruimte minstens 1 uur grondig v\u00f3\u00f3r u ze opnieuw gebruikt. De behandeling, het openen en het verluchten van de ruimte moeten door \u00e9\u00e9n en dezelfde persoon gebeuren. Zerox\u00ae One Shot heeft geen nawerking. Herhaal de toepassing indien nodig.<br \/>\nOpmerkingen: voor de behandeling van kleine volumes kan de lediging worden gestopt door de klep naar boven los te draaien (gefractioneerde behandeling). De volledige lediging van een aerosol van 200 ml duurt ongeveer 2 minuten; d.w.z. per 30 sec. kan men 150 m\u00b3 behandelen tegen vliegende insecten, 75 m\u00b3 tegen vlooien en 25 m\u00b3 tegen kakkerlakken. Bevat aceton. Vermijd dat de nevel in contact komt met synthetische materialen zoals bv. computerschermen, plexiglas, cd\u2019s, enz.<br \/>\nGebruik biociden en gewasbeschermingsmiddelen voorzichtig. Lees v\u00f3\u00f3r elk gebruik het etiket en de productinformatie, ook de relevante risicozinnen en -symbolen.         <\/p>\n<p><strong>Spuitbus<\/strong><br \/>\n<strong>Samenstelling<\/strong><br \/>\n0,3% pyrethrinen, andere gevaarlijke stoffen: PBO<br \/>\n<strong>Dosering<\/strong><br \/>\n200 ml \/ 100 &#8211; 600 m\u00b3<\/p>\n<p><strong>Toelatingsnummer<\/strong><br \/>\nBelgi\u00eb: BE-REG-00202<\/p>\n<p>&nbsp;<\/p>\n","protected":false},"excerpt":{"rendered":"<p>Zerox\u00ae One Shot is een spuitbus uitgerust met een &#8216;One Shot&#8217; ventiel voor de bestrijding van vliegende en kruipende insecten in woningen, werkplekken en verblijfsruimten, die tijdens de behandeling onbezet zijn. <strong><span style=\"color: #008000;\">Ref: 3063<\/span><\/strong><\/p>\n","protected":false},"featured_media":26694,"template":"","meta":[],"product_brand":[],"product_cat":[457],"product_tag":[],"class_list":{"0":"post-22474","1":"product","2":"type-product","3":"status-publish","4":"has-post-thumbnail","6":"product_cat-insecticiden","8":"first","9":"instock","10":"taxable","11":"shipping-taxable","12":"purchasable","13":"product-type-simple"},"acf":[],"_links":{"self":[{"href":"https:\/\/serviclean.be\/nl\/wp-json\/wp\/v2\/product\/22474","targetHints":{"allow":["GET"]}}],"collection":[{"href":"https:\/\/serviclean.be\/nl\/wp-json\/wp\/v2\/product"}],"about":[{"href":"https:\/\/serviclean.be\/nl\/wp-json\/wp\/v2\/types\/product"}],"wp:featuredmedia":[{"embeddable":true,"href":"https:\/\/serviclean.be\/nl\/wp-json\/wp\/v2\/media\/26694"}],"wp:attachment":[{"href":"https:\/\/serviclean.be\/nl\/wp-json\/wp\/v2\/media?parent=22474"}],"wp:term":[{"taxonomy":"product_brand","embeddable":true,"href":"https:\/\/serviclean.be\/nl\/wp-json\/wp\/v2\/product_brand?post=22474"},{"taxonomy":"product_cat","embeddable":true,"href":"https:\/\/serviclean.be\/nl\/wp-json\/wp\/v2\/product_cat?post=22474"},{"taxonomy":"product_tag","embeddable":true,"href":"https:\/\/serviclean.be\/nl\/wp-json\/wp\/v2\/product_tag?post=22474"}],"curies":[{"name":"wp","href":"https:\/\/api.w.org\/{rel}","templated":true}]}}