{"id":22202,"date":"2018-10-09T01:23:32","date_gmt":"2018-10-08T23:23:32","guid":{"rendered":"https:\/\/serviclean.be\/schoonmaakbedrijf\/"},"modified":"2026-01-19T22:44:03","modified_gmt":"2026-01-19T21:44:03","slug":"schoonmaakbedrijf-brussel","status":"publish","type":"page","link":"https:\/\/serviclean.be\/nl\/schoonmaakbedrijf-brussel\/","title":{"rendered":"Schoonmaakbedrijf"},"content":{"rendered":"\t<section class=\"section dark\" id=\"section_26157844\">\n\t\t<div class=\"bg section-bg fill bg-fill bg-loaded \" >\n\n\t\t\t\n\t\t\t<div class=\"section-bg-overlay absolute fill\"><\/div>\n\t\t\t\n\t<div class=\"is-border\"\n\t\tstyle=\"border-color:rgb(235, 235, 235);border-width:0px 0px 0px 0px;\">\n\t<\/div>\n\n\t\t<\/div>\n\n\t\t\n\t<div class=\"ux-shape-divider ux-shape-divider--bottom ux-shape-divider--style-waves-opacity-3\">\n\t\t<svg viewBox=\"0 0 1000 300\" xmlns=\"http:\/\/www.w3.org\/2000\/svg\" preserveAspectRatio=\"none\">\n\t<path class=\"ux-shape-fill\" opacity=\"0.05\" d=\"M1014 264V386H206L34 300C34 300 344.42 277.16 436 221C542 156 590 160 704 209C811 255 899.11 214.94 979 346L1014 264Z\"\/>\n\t<path class=\"ux-shape-fill\" opacity=\"0.1\" d=\"M-302 55C-302 55 -66.73 263.25 50 214C178 160 283 116 353 141C445.68 174.1 534.28 256.19 588 249C692.9 235 764.52 75.94 855 131C940.61 183.09 1000 254 1000 254V328L-306 338L-302 55Z\"\/>\n\t<path class=\"ux-shape-fill\" opacity=\"0.15\" d=\"M-286 255C-286 255 -72 152 52 126C176 100 255 155 436 227C581.57 284.91 614.7 277.79 708 227C787 184 1009 3.0001 1093 164C1146 265.63 1031 293 1031 293L924 377L-288 389L-286 255Z\"\/>\n\t<path class=\"ux-shape-fill\" opacity=\"0.3\" d=\"M-24 69C-24 69 275.68 370.66 389 314C397 310 622 316 673 356C690.47 369.7 845 224 890 182C944.8 130.85 1018 92 1078 143C1154.12 207.7 1196 242 1196 242L1184 374L-28 386L-24 69Z\"\/>\n\t<path class=\"ux-shape-fill\" d=\"M-12 201C-12 201 58 284 182 258C306 232 342.29 221.23 456 264C565 305 640.82 288.36 721 249C776 222 837.5 191.31 935 253C984 284 1030 279 1030 279L1024 430L-12 440V201Z\"\/>\n<\/svg>\n\t<\/div>\n\n\t\t<div class=\"section-content relative\">\n\t\t\t\n<div class=\"row align-middle\"  id=\"row-319333058\">\n\n\t<div id=\"col-450137271\" class=\"col medium-11 small-12 large-11\"  >\n\t\t\t\t<div class=\"col-inner text-center text-shadow-1\"  >\n\t\t\t\n\t\t\t\n\t<div id=\"text-1133467423\" class=\"text\">\n\t\t\n<h1 style=\"text-align: left;\" data-rm-block-id=\"block-5\"><span style=\"font-size: 115%;\" data-line-height=\"s\">Multidisciplinair<br \/>\nschoonmaakbedrijf<br \/>\nin Brussel<\/span><\/h1>\n<p data-rm-block-id=\"block-6\">\t\t\n<style>\n#text-1133467423 {\n  font-size: 1.45rem;\n}\n<\/style>\n\t<\/div>\n\t\n<div class=\"row row-small row-full-width\"  id=\"row-160646004\">\n\n\t<div id=\"col-1540328892\" class=\"col small-12 large-12\"  >\n\t\t\t\t<div class=\"col-inner text-center\"  >\n\t\t\t\n\t\t\t\n<a href=\"https:\/\/serviclean.be\/nl\/schoonmaak-offerte\/\" target=\"_self\" class=\"button alert is-larger box-shadow-2 box-shadow-5-hover\"  >\n  <i class=\"icon-checkmark\" ><\/i>  <span>Gratis offerte<\/span>\n  <\/a>\n\n<a href=\"tel:0479670679\" target=\"_self\" class=\"button primary is-larger\"  >\n  <i class=\"icon-phone\" ><\/i>  <span>0479 67 06 79<\/span>\n  <\/a>\n\n\t\t<\/div>\n\t\t\t\t\t<\/div>\n\n\t\n<\/div>\n\t\t<\/div>\n\t\t\t\t\n<style>\n#col-450137271 > .col-inner {\n  margin: 50px 0px 0px 0px;\n}\n<\/style>\n\t<\/div>\n\n\t\n<\/div>\n\t\t<\/div>\n\n\t\t\n<style>\n#section_26157844 {\n  padding-top: 0px;\n  padding-bottom: 0px;\n  background-color: rgb(145, 221, 90);\n}\n#section_26157844 .section-bg-overlay {\n  background-color: rgba(0, 0, 0, 0.273);\n}\n#section_26157844 .section-bg.bg-loaded {\n  background-image: url(https:\/\/serviclean.be\/wp-content\/uploads\/2023\/03\/societe-nettoyage-bruxelles.jpg);\n}\n#section_26157844 .section-bg {\n  background-position: 52% 100%;\n}\n#section_26157844 .ux-shape-divider--top svg {\n  height: 150px;\n  --divider-top-width: 100%;\n}\n#section_26157844 .ux-shape-divider--bottom svg {\n  height: 98px;\n  --divider-width: 110%;\n}\n@media (min-width:550px) {\n  #section_26157844 {\n    padding-top: 0px;\n    padding-bottom: 0px;\n  }\n  #section_26157844 .ux-shape-divider--bottom svg {\n    height: 200px;\n    --divider-width: 185%;\n  }\n}\n@media (min-width:850px) {\n  #section_26157844 .ux-shape-divider--bottom svg {\n    height: 124px;\n    --divider-width: 100%;\n  }\n}\n<\/style>\n\t<\/section>\n\t\n<div class=\"row align-center\"  id=\"row-375195606\">\n\n\t<div id=\"col-2026120932\" class=\"col medium-10 small-12 large-10\"  >\n\t\t\t\t<div class=\"col-inner text-left\"  >\n\t\t\t\n\t\t\t\n\t<div id=\"text-399076305\" class=\"text\">\n\t\t\n<h2 style=\"text-align: center;\" data-rm-block-id=\"block-17\">Zorg voor een schone en gezonde werkomgeving dankzij ons professionele schoonmaakbedrijf voor uw kantoren en lokalen<\/h2>\n<p data-rm-block-id=\"block-18\"><span style=\"font-size: 100%;\">Met meer dan 18 jaar ervaring biedt ons <strong>schoonmaakbedrijf<\/strong> Servi-Clean bedrijven in Brussel op maat gemaakte diensten aangepast aan hun behoeften. Servi-Clean draagt bij aan uw merkimago door u een gezonde en prettige werkomgeving te bieden. Onze diensten omvatten vele soorten schoonmaak zoals het onderhoud van vloeren en kantoren, grote schoonmaak en eindschoonmaak van bouwwerven en het schoonmaken van ramen.<\/span><br \/>\n\t\t\n<style>\n#text-399076305 {\n  text-align: left;\n}\n<\/style>\n\t<\/div>\n\t\n\t\t<\/div>\n\t\t\t\t\t<\/div>\n\n\t\n<\/div>\n<div class=\"row\"  id=\"row-376740689\">\n\n\t<div id=\"col-1913961115\" class=\"col medium-6 small-12 large-6\"  >\n\t\t\t\t<div class=\"col-inner\"  >\n\t\t\t\n\t\t\t\n\t<div class=\"box has-hover   has-hover box-push box-text-bottom\" >\n\n\t\t<div class=\"box-image\" >\n\t\t\t\t\t\t<div class=\"\" >\n\t\t\t\t<img decoding=\"async\" width=\"700\" height=\"400\" src=\"https:\/\/serviclean.be\/wp-content\/uploads\/2020\/06\/nettoyage-bureau-sol.jpg\" class=\"attachment- size-\" alt=\"Kantoorschoonmaak Brussel\" srcset=\"https:\/\/serviclean.be\/wp-content\/uploads\/2020\/06\/nettoyage-bureau-sol.jpg 700w, https:\/\/serviclean.be\/wp-content\/uploads\/2020\/06\/nettoyage-bureau-sol-300x171.jpg 300w, https:\/\/serviclean.be\/wp-content\/uploads\/2020\/06\/nettoyage-bureau-sol-600x343.jpg 600w\" sizes=\"(max-width: 700px) 100vw, 700px\" \/>\t\t\t\t\t\t\t\t\t\t\t<\/div>\n\t\t\t\t\t<\/div>\n\n\t\t<div class=\"box-text text-left is-large\" style=\"padding:10px 10px 10px 10px;\">\n\t\t\t<div class=\"box-text-inner\">\n\t\t\t\t\n<h2 style=\"text-align: center;\" data-rm-block-id=\"block-23\"><span class=\"fancy-underline\">Kantoorschoonmaak<\/span><\/h2>\n<p data-rm-block-id=\"block-24\">Het schoonmaken van kantoren en vloeren is essentieel voor elk bedrijf. Het is echter belangrijk om voor elke ondergrond en elke coating de juiste producten te gebruiken. Daarom kunt u deze taak beter toevertrouwen aan een gespecialiseerd <strong>vloerreinigingsbedrijf<\/strong> .<\/p>\n<p data-rm-block-id=\"block-25\">Servi-Clean biedt regelmatige en incidentele onderhoudsdiensten voor kantoren, commerci\u00eble oppervlakken, werkplaatsen en gemeenschappen. Voor het reinigen van parketvloeren, het reinigen van tapijtvloeren, het reinigen van tegelvloeren, etc. gebruiken wij professionele kwaliteitsproducten en apparatuur.<\/p>\n<p data-rm-block-id=\"block-26\">Ook het schuren en polijsten van alle oppervlakken, het drogen van vodden, stofzuigen en het dagelijks onderhoud van meubilair en sanitair nemen wij voor onze rekening.<\/p>\n<p data-rm-block-id=\"block-27\"><a href=\"https:\/\/serviclean.be\/nl\/kantoorschoonmaak-brussel\/\" target=\"_self\" class=\"button primary\"  >\n    <span>Meer informatie gebruiksaanwijzing<\/span>\n  <\/a>\n\n\t\t\t<\/div>\n\t\t<\/div>\n\t<\/div>\n\t\n\t\t<\/div>\n\t\t\t\t\t<\/div>\n\n\t\n\n\t<div id=\"col-876571859\" class=\"col medium-6 small-12 large-6\"  >\n\t\t\t\t<div class=\"col-inner\"  >\n\t\t\t\n\t\t\t\n\t<div class=\"box has-hover   has-hover box-push box-text-bottom\" >\n\n\t\t<div class=\"box-image\" >\n\t\t\t\t\t\t<div class=\"\" >\n\t\t\t\t<img decoding=\"async\" width=\"700\" height=\"400\" src=\"https:\/\/serviclean.be\/wp-content\/uploads\/2022\/09\/nettoyage-restaurant-cuisine-bruxelles-1.jpeg\" class=\"attachment- size-\" alt=\"schoonmaak restaurant keuken brussel 1\" srcset=\"https:\/\/serviclean.be\/wp-content\/uploads\/2022\/09\/nettoyage-restaurant-cuisine-bruxelles-1.jpeg 700w, https:\/\/serviclean.be\/wp-content\/uploads\/2022\/09\/nettoyage-restaurant-cuisine-bruxelles-1-300x171.jpeg 300w, https:\/\/serviclean.be\/wp-content\/uploads\/2022\/09\/nettoyage-restaurant-cuisine-bruxelles-1-600x343.jpeg 600w\" sizes=\"(max-width: 700px) 100vw, 700px\" \/>\t\t\t\t\t\t\t\t\t\t\t<\/div>\n\t\t\t\t\t<\/div>\n\n\t\t<div class=\"box-text text-left is-large\" style=\"padding:10px 10px 10px 10px;\">\n\t\t\t<div class=\"box-text-inner\">\n\t\t\t\t\n<h2 style=\"text-align: center;\" data-rm-block-id=\"block-31\"><span class=\"fancy-underline\">Schoonmaken van restaurants en caf\u00e9s<\/span><\/h2>\n<p data-rm-block-id=\"block-32\">Bij Servi-Clean begrijpen we dat de netheid van uw restaurant, eetzalen, bar en keuken een uiterst belangrijke factor is die uw succes bepaalt.<\/p>\n<p data-rm-block-id=\"block-33\">Wij kunnen alle schoonmaaktaken uitvoeren om ervoor te zorgen dat uw etablissement er professioneel uitziet en de hoogste niveaus van hygi\u00ebne handhaaft.<\/p>\n<p data-rm-block-id=\"block-34\">Vertrouw het dagelijks onderhoud van uw Restaurant, Caf\u00e9 en Bar toe aan een professioneel schoonmaakbedrijf gevestigd in het centrum van Brussel. Servi-Clean draagt bij aan uw merkimago door uw klanten een gezonde en prettige omgeving te bieden.<\/p>\n<p data-rm-block-id=\"block-35\"><a href=\"https:\/\/serviclean.be\/nl\/schoonmaakbedrijf-restaurants-cafes-bars\/\" target=\"_self\" class=\"button primary\"  >\n    <span>Meer informatie gebruiksaanwijzing<\/span>\n  <\/a>\n\n\t\t\t<\/div>\n\t\t<\/div>\n\t<\/div>\n\t\n\t\t<\/div>\n\t\t\t\t\t<\/div>\n\n\t\n<\/div>\n<div class=\"row\"  id=\"row-382703283\">\n\n\t<div id=\"col-1734859813\" class=\"col medium-6 small-12 large-6\"  >\n\t\t\t\t<div class=\"col-inner\"  >\n\t\t\t\n\t\t\t\n\t<div class=\"box has-hover   has-hover box-push box-text-bottom\" >\n\n\t\t<div class=\"box-image\" >\n\t\t\t\t\t\t<div class=\"\" >\n\t\t\t\t<img decoding=\"async\" width=\"700\" height=\"400\" src=\"https:\/\/serviclean.be\/wp-content\/uploads\/2023\/03\/nettoyage-vitres.jpg\" class=\"attachment- size-\" alt=\"ramenreiniging\" srcset=\"https:\/\/serviclean.be\/wp-content\/uploads\/2023\/03\/nettoyage-vitres.jpg 700w, https:\/\/serviclean.be\/wp-content\/uploads\/2023\/03\/nettoyage-vitres-300x171.jpg 300w, https:\/\/serviclean.be\/wp-content\/uploads\/2023\/03\/nettoyage-vitres-600x343.jpg 600w\" sizes=\"(max-width: 700px) 100vw, 700px\" \/>\t\t\t\t\t\t\t\t\t\t\t<\/div>\n\t\t\t\t\t<\/div>\n\n\t\t<div class=\"box-text text-left is-large\" style=\"padding:10px 10px 10px 10px;\">\n\t\t\t<div class=\"box-text-inner\">\n\t\t\t\t\n<h2 style=\"text-align: center;\" data-rm-block-id=\"block-41\"><span class=\"fancy-underline\">Ramen wassen<\/span><\/h2>\n<p data-rm-block-id=\"block-42\">Ons ramenreinigingsbedrijf biedt professionele en effici\u00ebnte diensten. Wij gebruiken geavanceerde schoonmaaktechnieken en kwaliteitsproducten om onberispelijke resultaten te garanderen. Onze schoonmaakteams zijn hooggekwalificeerd en getraind om veilig en met precisie te werken.<\/p>\n<p data-rm-block-id=\"block-43\">Wij bieden een breed scala aan ramenreinigingsdiensten, inclusief het schoonmaken van binnen- en buitenramen, spiegels, etalages, veranda&#8217;s, glazen puien, moeilijk bereikbare ramen en nog veel meer. Wij zijn ook in staat om te werken aan gebouwen van alle groottes, van kantoorgebouwen tot.<\/p>\n<p data-rm-block-id=\"block-44\">Neem vandaag nog contact met ons op voor meer informatie over onze professionele ramenreinigingsdiensten en voor een gratis offerte.<\/p>\n\t\t\t<\/div>\n\t\t<\/div>\n\t<\/div>\n\t\n\t\t<\/div>\n\t\t\t\t\t<\/div>\n\n\t\n\n\t<div id=\"col-611066842\" class=\"col medium-6 small-12 large-6\"  >\n\t\t\t\t<div class=\"col-inner\"  >\n\t\t\t\n\t\t\t\n\t<div class=\"box has-hover   has-hover box-push box-text-bottom\" >\n\n\t\t<div class=\"box-image\" >\n\t\t\t\t\t\t<div class=\"\" >\n\t\t\t\t<img decoding=\"async\" width=\"700\" height=\"400\" src=\"https:\/\/serviclean.be\/wp-content\/uploads\/2020\/07\/nettoyage-fin-chantier-apres-travaux.jpg\" class=\"attachment- size-\" alt=\"eindschoonmaak bouwwerf na werkzaamheden\" srcset=\"https:\/\/serviclean.be\/wp-content\/uploads\/2020\/07\/nettoyage-fin-chantier-apres-travaux.jpg 700w, https:\/\/serviclean.be\/wp-content\/uploads\/2020\/07\/nettoyage-fin-chantier-apres-travaux-300x171.jpg 300w, https:\/\/serviclean.be\/wp-content\/uploads\/2020\/07\/nettoyage-fin-chantier-apres-travaux-600x343.jpg 600w\" sizes=\"(max-width: 700px) 100vw, 700px\" \/>\t\t\t\t\t\t\t\t\t\t\t<\/div>\n\t\t\t\t\t<\/div>\n\n\t\t<div class=\"box-text text-left is-large\" style=\"padding:10px 10px 10px 10px;\">\n\t\t\t<div class=\"box-text-inner\">\n\t\t\t\t\n<h2 style=\"text-align: center;\" data-rm-block-id=\"block-48\"><span class=\"fancy-underline\">Einde bouwschoonmaak<\/span><\/h2>\n<p data-rm-block-id=\"block-49\">Wij bieden oplossingen voor al uw <strong>reinigingsprojecten na het werk<\/strong> , het einde van de bouw, residenti\u00eble en commerci\u00eble reiniging. De algemene schoonmaak van bedrijfsruimten, woningen en appartementen kent voor ons geen geheimen.<\/p>\n<p data-rm-block-id=\"block-50\">Onze teams verzorgen uw grote voorjaarsschoonmaak, grote schoonmaak na verbouwing en verbouwing, verhuisschoonmaak, etc. U heeft de garantie van een grote schoonmaak goed gedaan en tegen de beste prijs.<\/p>\n<p data-rm-block-id=\"block-51\">Onze diensten houden rekening met alle grote schoonmaakklussen: meubelreiniging, reiniging ventilatiekanalen, reiniging van vloeren en tapijten, reiniging en desinfectie van keukens en badkamers, afstoffen na renovatie, wassen van verschoten muren zonder sporen na te laten en meer.<\/p>\n<p data-rm-block-id=\"block-52\"><a href=\"https:\/\/serviclean.be\/nl\/schoonmaakbedrijf-voor-na-verbouwingen-einde-bouwwerkzaamheden-en-voor-na-verhuizing\/\" target=\"_self\" class=\"button primary\"  >\n    <span>Meer informatie gebruiksaanwijzing<\/span>\n  <\/a>\n\n\t\t\t<\/div>\n\t\t<\/div>\n\t<\/div>\n\t\n\t\t<\/div>\n\t\t\t\t\t<\/div>\n\n\t\n<\/div>\n<div class=\"row\"  id=\"row-355206040\">\n\n\t<div id=\"col-42315297\" class=\"col small-12 large-12\"  >\n\t\t\t\t<div class=\"col-inner text-center\"  >\n\t\t\t\n\t\t\t\n<h2 style=\"text-align: center;\" data-rm-block-id=\"block-57\">Vous souhaitez obtenir un devis concernant l&#8217;un des services<br \/>\nde notre soci\u00e9t\u00e9 de nettoyage ?<\/h2>\n<p style=\"text-align: left;\" data-rm-block-id=\"block-58\">N&#8217;h\u00e9sitez pas \u00e0 demander un devis gratuit et sans engagement si vous souhaitez avoir plus d&#8217;informations sur les prix concernant les diff\u00e9rents services que propose notre <strong>soci\u00e9t\u00e9 de nettoyage<\/strong>, Vous recevrez une r\u00e9ponse dans les 24 heures de notre part.<\/p>\n<p data-rm-block-id=\"block-59\"><a href=\"https:\/\/serviclean.be\/nl\/schoonmaak-offerte\/\" target=\"_self\" class=\"button primary is-primary is-large\"  >\n  <i class=\"icon-checkmark\" ><\/i>  <span>Gratis offerte<\/span>\n  <\/a>\n\n\t\t<\/div>\n\t\t\t\t\n<style>\n#col-42315297 > .col-inner {\n  padding: 20px 20px 0px 20px;\n  border-radius: 10px;\n}\n<\/style>\n\t<\/div>\n\n\t\n\n<style>\n#row-355206040 > .col > .col-inner {\n  background-color: rgb(245, 245, 245);\n}\n<\/style>\n<\/div>\n<div class=\"row\"  id=\"row-2062079742\">\n\n\t<div id=\"col-714624408\" class=\"col medium-4 small-12 large-4\"  >\n\t\t\t\t<div class=\"col-inner\"  >\n\t\t\t\n\t\t\t\n\t<div class=\"box has-hover   has-hover box-push box-text-bottom\" >\n\n\t\t<div class=\"box-image\" >\n\t\t\t\t\t\t<div class=\"\" >\n\t\t\t\t<img decoding=\"async\" width=\"1000\" height=\"668\" src=\"https:\/\/serviclean.be\/wp-content\/uploads\/2023\/03\/societe-de-nettoyage-bruxelles.jpg\" class=\"attachment- size-\" alt=\"schoonmaakbedrijf brussel\" srcset=\"https:\/\/serviclean.be\/wp-content\/uploads\/2023\/03\/societe-de-nettoyage-bruxelles.jpg 1000w, https:\/\/serviclean.be\/wp-content\/uploads\/2023\/03\/societe-de-nettoyage-bruxelles-300x200.jpg 300w, https:\/\/serviclean.be\/wp-content\/uploads\/2023\/03\/societe-de-nettoyage-bruxelles-768x513.jpg 768w, https:\/\/serviclean.be\/wp-content\/uploads\/2023\/03\/societe-de-nettoyage-bruxelles-600x401.jpg 600w\" sizes=\"(max-width: 1000px) 100vw, 1000px\" \/>\t\t\t\t\t\t\t\t\t\t\t<\/div>\n\t\t\t\t\t<\/div>\n\n\t\t<div class=\"box-text text-left is-large\" style=\"padding:10px 10px 10px 10px;\">\n\t\t\t<div class=\"box-text-inner\">\n\t\t\t\t\n<h2 style=\"text-align: center;\" data-rm-block-id=\"block-64\"><span class=\"fancy-underline\" style=\"font-size: 80%;\">De voordelen van het inhuren van een schoonmaakbedrijf<\/span><\/h2>\n<p data-rm-block-id=\"block-65\">Het inhuren van een schoonmaakbedrijf om uw bedrijf schoon te maken kan vele voordelen hebben. Ten eerste stelt het u in staat om u te concentreren op uw hoofdactiviteit zonder u zorgen te maken over de netheid van uw bedrijf. Bovendien gebruiken professionele schoonmaakbedrijven gespecialiseerde schoonmaakproducten en hebben zij grondige kennis van effici\u00ebnte schoonmaaktechnieken. Dit garandeert dat uw bedrijf altijd schoon en hygi\u00ebnisch is, wat essentieel kan zijn voor de gezondheid van uw werknemers en de tevredenheid van uw klanten.<\/p>\n\t\t\t<\/div>\n\t\t<\/div>\n\t<\/div>\n\t\n\t\t<\/div>\n\t\t\t\t\t<\/div>\n\n\t\n\n\t<div id=\"col-1597897653\" class=\"col medium-4 small-12 large-4\"  >\n\t\t\t\t<div class=\"col-inner\"  >\n\t\t\t\n\t\t\t\n\t<div class=\"box has-hover   has-hover box-push box-text-bottom\" >\n\n\t\t<div class=\"box-image\" >\n\t\t\t\t\t\t<div class=\"\" >\n\t\t\t\t<img decoding=\"async\" width=\"1000\" height=\"668\" src=\"https:\/\/serviclean.be\/wp-content\/uploads\/2023\/03\/Agence-nettoyage.jpg\" class=\"attachment- size-\" alt=\"Schoonmaakbureau\" srcset=\"https:\/\/serviclean.be\/wp-content\/uploads\/2023\/03\/Agence-nettoyage.jpg 1000w, https:\/\/serviclean.be\/wp-content\/uploads\/2023\/03\/Agence-nettoyage-300x200.jpg 300w, https:\/\/serviclean.be\/wp-content\/uploads\/2023\/03\/Agence-nettoyage-768x513.jpg 768w, https:\/\/serviclean.be\/wp-content\/uploads\/2023\/03\/Agence-nettoyage-600x401.jpg 600w\" sizes=\"(max-width: 1000px) 100vw, 1000px\" \/>\t\t\t\t\t\t\t\t\t\t\t<\/div>\n\t\t\t\t\t<\/div>\n\n\t\t<div class=\"box-text text-left is-large\" style=\"padding:10px 10px 10px 10px;\">\n\t\t\t<div class=\"box-text-inner\">\n\t\t\t\t\n<h2 style=\"text-align: center;\" data-rm-block-id=\"block-69\"><span class=\"fancy-underline\" style=\"font-size: 80%;\">Hoe het juiste schoonmaakbedrijf kiezen<\/span><\/h2>\n<p data-rm-block-id=\"block-70\">Het is belangrijk om het juiste schoonmaakbedrijf te kiezen om te voldoen aan de behoeften van uw bedrijf. Voordat u een bedrijf kiest, moet u ervoor zorgen dat het bedrijf erkend en verzekerd is, dat het ervaring heeft met het schoonmaken van bedrijven vergelijkbaar met het uwe en dat het verifieerbare referenties kan verstrekken. Bovendien moet u ervoor zorgen dat het bedrijf in staat is om de schoonmaakdiensten te leveren die u nodig heeft, inclusief de frequentie van de schoonmaak en de gebruikte schoonmaakproducten.<\/p>\n\t\t\t<\/div>\n\t\t<\/div>\n\t<\/div>\n\t\n\t\t<\/div>\n\t\t\t\t\t<\/div>\n\n\t\n\n\t<div id=\"col-321409399\" class=\"col medium-4 small-12 large-4\"  >\n\t\t\t\t<div class=\"col-inner\"  >\n\t\t\t\n\t\t\t\n\t<div class=\"box has-hover   has-hover box-push box-text-bottom\" >\n\n\t\t<div class=\"box-image\" >\n\t\t\t\t\t\t<div class=\"\" >\n\t\t\t\t<img decoding=\"async\" width=\"1000\" height=\"668\" src=\"https:\/\/serviclean.be\/wp-content\/uploads\/2023\/03\/nettoyage-tapis-2.jpg\" class=\"attachment- size-\" alt=\"tapijtreiniging 2\" srcset=\"https:\/\/serviclean.be\/wp-content\/uploads\/2023\/03\/nettoyage-tapis-2.jpg 1000w, https:\/\/serviclean.be\/wp-content\/uploads\/2023\/03\/nettoyage-tapis-2-300x200.jpg 300w, https:\/\/serviclean.be\/wp-content\/uploads\/2023\/03\/nettoyage-tapis-2-768x513.jpg 768w, https:\/\/serviclean.be\/wp-content\/uploads\/2023\/03\/nettoyage-tapis-2-600x401.jpg 600w\" sizes=\"(max-width: 1000px) 100vw, 1000px\" \/>\t\t\t\t\t\t\t\t\t\t\t<\/div>\n\t\t\t\t\t<\/div>\n\n\t\t<div class=\"box-text text-left is-large\" style=\"padding:10px 10px 10px 10px;\">\n\t\t\t<div class=\"box-text-inner\">\n\t\t\t\t\n<h2 style=\"text-align: center;\" data-rm-block-id=\"block-74\"><span class=\"fancy-underline\" style=\"font-size: 80%;\">De verschillende soorten aangeboden schoonmaakdiensten<\/span><\/h2>\n<p data-rm-block-id=\"block-75\">Ons schoonmaakbedrijf is in staat om een scala aan gevarieerde diensten te leveren, van regelmatige schoonmaak van uw commerci\u00eble lokalen tot meer gespecialiseerde schoonmaaktaken, zoals het schoonmaken van vloeren, ramen en tapijten. Wij zijn ook in staat om aanvullende diensten aan te bieden, zoals schoonmaak na renovatiewerkzaamheden of schoonmaak na speciale evenementen&#8230;<\/p>\n\t\t\t<\/div>\n\t\t<\/div>\n\t<\/div>\n\t\n\t\t<\/div>\n\t\t\t\t\t<\/div>\n\n\t\n<\/div>\n<div class=\"row\"  id=\"row-943150007\">\n\n\t<div id=\"col-1272883256\" class=\"col small-12 large-12\"  >\n\t\t\t\t<div class=\"col-inner\"  >\n\t\t\t\n\t\t\t\n<h2 style=\"text-align: center;\" data-rm-block-id=\"block-80\">Profiteer van onze schoonmaakdiensten in<br \/>\nde 19 gemeenten van Brussel<\/h2>\n<p data-rm-block-id=\"block-81\">Voor al uw schoonmaakbehoeften kunt u rekenen op ons professionele team om u de onberispelijke en persoonlijke service te bieden die u verdient. Onze teams van professionals zullen er alles aan doen om aan uw verwachtingen te voldoen. Wij bieden verschillende diensten aan voor:<\/p>\n\t\t<\/div>\n\t\t\t\t\t<\/div>\n\n\t\n<\/div>\n<div class=\"row row-collapse row-dashed\"  id=\"row-422112638\">\n\n\t<div id=\"col-1569172464\" class=\"col medium-4 small-12 large-4\"  >\n\t\t\t\t<div class=\"col-inner\"  >\n\t\t\t\n\t\t\t\n<ul>\n<li class=\"bullet-checkmark\" data-rm-block-id=\"block-85\">Anderlecht<\/li>\n<li class=\"bullet-checkmark\" data-rm-block-id=\"block-86\">Oudergem<\/li>\n<li class=\"bullet-checkmark\" data-rm-block-id=\"block-87\">Sint-Agatha-Berchem<\/li>\n<li class=\"bullet-checkmark\" data-rm-block-id=\"block-88\">Brussel stad<\/li>\n<li class=\"bullet-checkmark\" data-rm-block-id=\"block-89\">Etterbeek<\/li>\n<li class=\"bullet-checkmark\" data-rm-block-id=\"block-90\">Evere<\/li>\n<li class=\"bullet-checkmark\" data-rm-block-id=\"block-91\">Vorst<\/li>\n<\/ul>\n\t\t<\/div>\n\t\t\t\t\t<\/div>\n\n\t\n\n\t<div id=\"col-1452801997\" class=\"col medium-4 small-12 large-4\"  >\n\t\t\t\t<div class=\"col-inner\"  >\n\t\t\t\n\t\t\t\n<ul>\n<li class=\"bullet-checkmark\" data-rm-block-id=\"block-93\">Koekelberg<\/li>\n<li class=\"bullet-checkmark\" data-rm-block-id=\"block-94\">Sint-Jans-Molenbeek<\/li>\n<li class=\"bullet-checkmark\" data-rm-block-id=\"block-95\">Sint-Gillis<\/li>\n<li class=\"bullet-checkmark\" data-rm-block-id=\"block-96\">Sint-Joost-ten-Node<\/li>\n<li class=\"bullet-checkmark\" data-rm-block-id=\"block-97\">Schaarbeek<\/li>\n<li class=\"bullet-checkmark\" data-rm-block-id=\"block-98\">Ukkel<\/li>\n<\/ul>\n\t\t<\/div>\n\t\t\t\t\t<\/div>\n\n\t\n\n\t<div id=\"col-2055054365\" class=\"col medium-4 small-12 large-4\"  >\n\t\t\t\t<div class=\"col-inner\"  >\n\t\t\t\n\t\t\t\n<ul>\n<li class=\"bullet-checkmark\" data-rm-block-id=\"block-100\">Ganshoren<\/li>\n<li class=\"bullet-checkmark\" data-rm-block-id=\"block-101\">Elsene<\/li>\n<li class=\"bullet-checkmark\" data-rm-block-id=\"block-102\">Jette<\/li>\n<li class=\"bullet-checkmark\" data-rm-block-id=\"block-103\">Watermaal-Bosvoorde<\/li>\n<li class=\"bullet-checkmark\" data-rm-block-id=\"block-104\">Sint-Lambrechts-Woluwe<\/li>\n<li class=\"bullet-checkmark\" data-rm-block-id=\"block-105\">Sint-Pieters-Woluwe<\/li>\n<\/ul>\n\t\t<\/div>\n\t\t\t\t\t<\/div>\n\n\t\n<\/div>\n","protected":false},"excerpt":{"rendered":"","protected":false},"author":1,"featured_media":0,"parent":0,"menu_order":0,"comment_status":"closed","ping_status":"closed","template":"page-blank.php","meta":{"footnotes":""},"class_list":["post-22202","page","type-page","status-publish","hentry"],"acf":[],"_links":{"self":[{"href":"https:\/\/serviclean.be\/nl\/wp-json\/wp\/v2\/pages\/22202","targetHints":{"allow":["GET"]}}],"collection":[{"href":"https:\/\/serviclean.be\/nl\/wp-json\/wp\/v2\/pages"}],"about":[{"href":"https:\/\/serviclean.be\/nl\/wp-json\/wp\/v2\/types\/page"}],"author":[{"embeddable":true,"href":"https:\/\/serviclean.be\/nl\/wp-json\/wp\/v2\/users\/1"}],"replies":[{"embeddable":true,"href":"https:\/\/serviclean.be\/nl\/wp-json\/wp\/v2\/comments?post=22202"}],"version-history":[{"count":0,"href":"https:\/\/serviclean.be\/nl\/wp-json\/wp\/v2\/pages\/22202\/revisions"}],"wp:attachment":[{"href":"https:\/\/serviclean.be\/nl\/wp-json\/wp\/v2\/media?parent=22202"}],"curies":[{"name":"wp","href":"https:\/\/api.w.org\/{rel}","templated":true}]}}