{"id":30516,"date":"2019-05-29T00:32:29","date_gmt":"2019-05-28T22:32:29","guid":{"rendered":"https:\/\/serviclean.be\/produit\/gruener-scheuerschwamm-10-stueck\/"},"modified":"2019-05-29T00:32:29","modified_gmt":"2019-05-28T22:32:29","slug":"gruener-scheuerschwamm-10-stueck","status":"publish","type":"product","link":"https:\/\/serviclean.be\/de\/produit\/gruener-scheuerschwamm-10-stueck\/","title":{"rendered":"Gr\u00fcner Scheuerschwamm \u2013 10 St\u00fcck"},"content":{"rendered":"","protected":false},"excerpt":{"rendered":"<p>Gr\u00fcner Scheuerschwamm von Nicols f\u00fcr allt\u00e4gliche Reinigungsarbeiten (Geschirr, Tisch, M\u00f6bel)<\/p>\n<p><strong>Art.-Nr.: 2817<\/strong><\/p>\n","protected":false},"featured_media":30518,"template":"","meta":[],"product_brand":[],"product_cat":[573,609],"product_tag":[],"class_list":{"0":"post-30516","1":"product","2":"type-product","3":"status-publish","4":"has-post-thumbnail","6":"product_cat-kuchenhygiene","7":"product_cat-schwamme","9":"first","10":"instock","11":"taxable","12":"shipping-taxable","13":"purchasable","14":"product-type-simple"},"acf":[],"_links":{"self":[{"href":"https:\/\/serviclean.be\/de\/wp-json\/wp\/v2\/product\/30516","targetHints":{"allow":["GET"]}}],"collection":[{"href":"https:\/\/serviclean.be\/de\/wp-json\/wp\/v2\/product"}],"about":[{"href":"https:\/\/serviclean.be\/de\/wp-json\/wp\/v2\/types\/product"}],"wp:featuredmedia":[{"embeddable":true,"href":"https:\/\/serviclean.be\/de\/wp-json\/wp\/v2\/media\/30518"}],"wp:attachment":[{"href":"https:\/\/serviclean.be\/de\/wp-json\/wp\/v2\/media?parent=30516"}],"wp:term":[{"taxonomy":"product_brand","embeddable":true,"href":"https:\/\/serviclean.be\/de\/wp-json\/wp\/v2\/product_brand?post=30516"},{"taxonomy":"product_cat","embeddable":true,"href":"https:\/\/serviclean.be\/de\/wp-json\/wp\/v2\/product_cat?post=30516"},{"taxonomy":"product_tag","embeddable":true,"href":"https:\/\/serviclean.be\/de\/wp-json\/wp\/v2\/product_tag?post=30516"}],"curies":[{"name":"wp","href":"https:\/\/api.w.org\/{rel}","templated":true}]}}