{"id":30509,"date":"2019-05-28T00:40:49","date_gmt":"2019-05-27T22:40:49","guid":{"rendered":"https:\/\/serviclean.be\/produit\/glasschaber-klingen-unger-4-cm-kompatibel-mit-sr-stmin\/"},"modified":"2019-05-28T00:40:49","modified_gmt":"2019-05-27T22:40:49","slug":"glasschaber-klingen-unger-4-cm-kompatibel-mit-sr-stmin","status":"publish","type":"product","link":"https:\/\/serviclean.be\/de\/produit\/glasschaber-klingen-unger-4-cm-kompatibel-mit-sr-stmin\/","title":{"rendered":"Glasschaber-Klingen Unger 4 cm \u2013 kompatibel mit SR &amp; STMIN"},"content":{"rendered":"<p>Die Unger Glasschaber-Klingen 4 cm sind speziell entwickelt, um ein effizientes und pr\u00e4zises Schaben auf Glas und glatten Oberfl\u00e4chen zu gew\u00e4hrleisten.<\/p>\n<p>Aus hochwertigem Stahl gefertigt, entfernen sie m\u00fchelos Farbe, Kleber, Aufkleber und andere fest sitzende Verschmutzungen und sorgen zugleich f\u00fcr optimale Langlebigkeit.<\/p>\n<p>Kompatibel mit den Unger Schabermodellen SR03K, SR04K, SR20K, SR50K und STMIN, lassen sie sich schnell einsetzen und bieten eine sichere, professionelle Anwendung. Verpackt in einer praktischen Box f\u00fcr sichere Aufbewahrung und einfache Handhabung. <\/p>\n<p><strong>Technische Daten:<\/strong><\/p>\n<ul>\n<li>Produkt: Glasschaber-Klingen<\/li>\n<li>Marke: Unger<\/li>\n<li>Breite: 4 cm<\/li>\n<li>Material: Hochwertiger Stahl<\/li>\n<li>Kompatibilit\u00e4t: SR03K, SR04K, SR20K, SR50K, STMIN<\/li>\n<li>Verpackung: Praktische Aufbewahrungsbox<\/li>\n<li>Anwendungen: Entfernen von Kleber, Farbe, Aufklebern, hartn\u00e4ckigen R\u00fcckst\u00e4nden<\/li>\n<\/ul>\n<p><strong>Gebrauchsanweisung:<\/strong><\/p>\n<ul>\n<li>Kompatiblen Schaber \u00f6ffnen.<\/li>\n<li>Eine neue 4-cm-Klinge einsetzen.<\/li>\n<li>Klinge gut fixieren und den Schaber schlie\u00dfen.<\/li>\n<li>Flach auf der Glasoberfl\u00e4che verwenden, um R\u00fcckst\u00e4nde zu entfernen.<\/li>\n<li>Nicht verwendete Klingen in der sicheren Box aufbewahren.<\/li>\n<\/ul>\n","protected":false},"excerpt":{"rendered":"<p>Unger Glasschaber-Klingen 4 cm aus hochwertigem Stahl. Kompatibel mit SR03K, SR04K, SR20K, SR50K, STMIN. Verpackt in einer sicheren Box.  <\/p>\n<p><strong><span style=\"color: #008000;\">Ref.: 1551<\/span><\/strong><\/p>\n","protected":false},"featured_media":30511,"template":"","meta":[],"product_brand":[],"product_cat":[576],"product_tag":[577],"class_list":{"0":"post-30509","1":"product","2":"type-product","3":"status-publish","4":"has-post-thumbnail","6":"product_cat-fensterreinigungszubehor","7":"product_tag-unger","9":"first","10":"instock","11":"taxable","12":"shipping-taxable","13":"purchasable","14":"product-type-simple"},"acf":[],"_links":{"self":[{"href":"https:\/\/serviclean.be\/de\/wp-json\/wp\/v2\/product\/30509","targetHints":{"allow":["GET"]}}],"collection":[{"href":"https:\/\/serviclean.be\/de\/wp-json\/wp\/v2\/product"}],"about":[{"href":"https:\/\/serviclean.be\/de\/wp-json\/wp\/v2\/types\/product"}],"wp:featuredmedia":[{"embeddable":true,"href":"https:\/\/serviclean.be\/de\/wp-json\/wp\/v2\/media\/30511"}],"wp:attachment":[{"href":"https:\/\/serviclean.be\/de\/wp-json\/wp\/v2\/media?parent=30509"}],"wp:term":[{"taxonomy":"product_brand","embeddable":true,"href":"https:\/\/serviclean.be\/de\/wp-json\/wp\/v2\/product_brand?post=30509"},{"taxonomy":"product_cat","embeddable":true,"href":"https:\/\/serviclean.be\/de\/wp-json\/wp\/v2\/product_cat?post=30509"},{"taxonomy":"product_tag","embeddable":true,"href":"https:\/\/serviclean.be\/de\/wp-json\/wp\/v2\/product_tag?post=30509"}],"curies":[{"name":"wp","href":"https:\/\/api.w.org\/{rel}","templated":true}]}}