{"id":30491,"date":"2019-05-30T23:46:38","date_gmt":"2019-05-30T21:46:38","guid":{"rendered":"https:\/\/serviclean.be\/produit\/manueller-terfir-padhalter-mit-terfir-griff\/"},"modified":"2019-05-30T23:46:38","modified_gmt":"2019-05-30T21:46:38","slug":"manueller-terfir-padhalter-mit-terfir-griff","status":"publish","type":"product","link":"https:\/\/serviclean.be\/de\/produit\/manueller-terfir-padhalter-mit-terfir-griff\/","title":{"rendered":"Manueller Terfir \u2013 Padhalter mit \u201eTerfir\u201c-Griff"},"content":{"rendered":"<p>Ergonomischer manueller Padhalter, ideal f\u00fcr eine pr\u00e4zise und effiziente Reinigung. Sein Griff sorgt f\u00fcr einen guten Halt f\u00fcr komfortables Arbeiten auf allen Oberfl\u00e4chen. <\/p>\n","protected":false},"excerpt":{"rendered":"<p>Ergonomischer manueller Padhalter, ideal f\u00fcr eine pr\u00e4zise und effiziente Reinigung. Sein Griff sorgt f\u00fcr einen guten Halt f\u00fcr komfortables Arbeiten auf allen Oberfl\u00e4chen. <\/p>\n<p><span style=\"color: #00a859;\"><strong>Ref.: 6057<\/strong><\/span><\/p>\n<p>&nbsp;<\/p>\n","protected":false},"featured_media":30492,"template":"","meta":[],"product_brand":[],"product_cat":[664,591],"product_tag":[],"class_list":{"0":"post-30491","1":"product","2":"type-product","3":"status-publish","4":"has-post-thumbnail","6":"product_cat-moppbezuge-und-mopps","7":"product_cat-material-zubehor","9":"first","10":"instock","11":"taxable","12":"shipping-taxable","13":"purchasable","14":"product-type-simple"},"acf":[],"_links":{"self":[{"href":"https:\/\/serviclean.be\/de\/wp-json\/wp\/v2\/product\/30491","targetHints":{"allow":["GET"]}}],"collection":[{"href":"https:\/\/serviclean.be\/de\/wp-json\/wp\/v2\/product"}],"about":[{"href":"https:\/\/serviclean.be\/de\/wp-json\/wp\/v2\/types\/product"}],"wp:featuredmedia":[{"embeddable":true,"href":"https:\/\/serviclean.be\/de\/wp-json\/wp\/v2\/media\/30492"}],"wp:attachment":[{"href":"https:\/\/serviclean.be\/de\/wp-json\/wp\/v2\/media?parent=30491"}],"wp:term":[{"taxonomy":"product_brand","embeddable":true,"href":"https:\/\/serviclean.be\/de\/wp-json\/wp\/v2\/product_brand?post=30491"},{"taxonomy":"product_cat","embeddable":true,"href":"https:\/\/serviclean.be\/de\/wp-json\/wp\/v2\/product_cat?post=30491"},{"taxonomy":"product_tag","embeddable":true,"href":"https:\/\/serviclean.be\/de\/wp-json\/wp\/v2\/product_tag?post=30491"}],"curies":[{"name":"wp","href":"https:\/\/api.w.org\/{rel}","templated":true}]}}