{"id":30488,"date":"2019-05-30T23:46:39","date_gmt":"2019-05-30T21:46:39","guid":{"rendered":"https:\/\/serviclean.be\/produit\/schaumstoff-fuer-halter-mit-klett-60-cm\/"},"modified":"2019-05-30T23:46:39","modified_gmt":"2019-05-30T21:46:39","slug":"schaumstoff-fuer-halter-mit-klett-60-cm","status":"publish","type":"product","link":"https:\/\/serviclean.be\/de\/produit\/schaumstoff-fuer-halter-mit-klett-60-cm\/","title":{"rendered":"SCHAUMSTOFF F\u00dcR HALTER MIT KLETT 60 CM"},"content":{"rendered":"","protected":false},"excerpt":{"rendered":"<p>Dieser 60 cm lange Schaumstoff wurde f\u00fcr die effiziente Bodenreinigung entwickelt und l\u00e4sst sich dank des integrierten Klettverschlusses einfach an den Haltern befestigen. Er kann allein verwendet werden, um Staub einzufangen, oder mit impr\u00e4gnierten T\u00fcchern f\u00fcr eine noch leistungsst\u00e4rkere Reinigung. Ideal f\u00fcr eine schnelle, praktische und m\u00fchelose Pflege.  <\/p>\n<p><span style=\"color: #00a859;\"><strong>Art.-Nr.: 1737<\/strong><\/span><\/p>\n","protected":false},"featured_media":30489,"template":"","meta":[],"product_brand":[],"product_cat":[664],"product_tag":[],"class_list":{"0":"post-30488","1":"product","2":"type-product","3":"status-publish","4":"has-post-thumbnail","6":"product_cat-moppbezuge-und-mopps","8":"first","9":"instock","10":"taxable","11":"shipping-taxable","12":"purchasable","13":"product-type-simple"},"acf":[],"_links":{"self":[{"href":"https:\/\/serviclean.be\/de\/wp-json\/wp\/v2\/product\/30488","targetHints":{"allow":["GET"]}}],"collection":[{"href":"https:\/\/serviclean.be\/de\/wp-json\/wp\/v2\/product"}],"about":[{"href":"https:\/\/serviclean.be\/de\/wp-json\/wp\/v2\/types\/product"}],"wp:featuredmedia":[{"embeddable":true,"href":"https:\/\/serviclean.be\/de\/wp-json\/wp\/v2\/media\/30489"}],"wp:attachment":[{"href":"https:\/\/serviclean.be\/de\/wp-json\/wp\/v2\/media?parent=30488"}],"wp:term":[{"taxonomy":"product_brand","embeddable":true,"href":"https:\/\/serviclean.be\/de\/wp-json\/wp\/v2\/product_brand?post=30488"},{"taxonomy":"product_cat","embeddable":true,"href":"https:\/\/serviclean.be\/de\/wp-json\/wp\/v2\/product_cat?post=30488"},{"taxonomy":"product_tag","embeddable":true,"href":"https:\/\/serviclean.be\/de\/wp-json\/wp\/v2\/product_tag?post=30488"}],"curies":[{"name":"wp","href":"https:\/\/api.w.org\/{rel}","templated":true}]}}