{"id":30479,"date":"2019-05-30T23:46:39","date_gmt":"2019-05-30T21:46:39","guid":{"rendered":"https:\/\/serviclean.be\/produit\/universelles-flachwischgestell-40-x-11-cm\/"},"modified":"2019-05-30T23:46:39","modified_gmt":"2019-05-30T21:46:39","slug":"universelles-flachwischgestell-40-x-11-cm","status":"publish","type":"product","link":"https:\/\/serviclean.be\/de\/produit\/universelles-flachwischgestell-40-x-11-cm\/","title":{"rendered":"Universelles Flachwischgestell \u2013 40 \u00d7 11 cm"},"content":{"rendered":"<h3 data-section-id=\"11h7uaf\" data-start=\"58\" data-end=\"108\">Flachmopp-System mit Mikro-Laschen<\/h3>\n<p data-start=\"110\" data-end=\"276\">Flachmopp-System mit Mikro-Laschen, kompatibel mit Rollen-, Backen- oder Flachpressen. Ideal f\u00fcr eine professionelle Hochleistungsreinigung. <\/p>\n<h3 data-section-id=\"cj4kxn\" data-start=\"283\" data-end=\"315\">Leistung und Effizienz<\/h3>\n<p data-start=\"316\" data-end=\"577\">Der Flachmopp bietet eine gr\u00f6\u00dfere Reinigungsfl\u00e4che als herk\u00f6mmliche Fransen vom Typ \u201eKentucky\u201c. In Kombination mit TTS-Mikrofaser-Mopps entfernt er Schmutz und Bakterien effektiv und reduziert gleichzeitig den Verbrauch der Reinigungsl\u00f6sung. <\/p>\n<h3 data-section-id=\"vjpx6n\" data-start=\"584\" data-end=\"599\"> Vorteile<\/h3>\n<ul data-start=\"600\" data-end=\"986\">\n<li data-section-id=\"1aj7io4\" data-start=\"600\" data-end=\"683\">\n<p data-start=\"602\" data-end=\"683\"><strong data-start=\"602\" data-end=\"611\">Leicht<\/strong>: reduziert die Erm\u00fcdung des Anwenders bei l\u00e4ngerer Nutzung<\/p>\n<\/li>\n<li data-section-id=\"pyydv9\" data-start=\"684\" data-end=\"764\">\n<p data-start=\"686\" data-end=\"764\"><strong data-start=\"686\" data-end=\"698\">Praktisch<\/strong>: schnelle Mop-Befestigung dank vereinfachtem Hakensystem<\/p>\n<\/li>\n<li data-section-id=\"dppf1q\" data-start=\"765\" data-end=\"842\">\n<p data-start=\"767\" data-end=\"842\"><strong data-start=\"767\" data-end=\"782\">Ergonomisch<\/strong>: Design, das das Anbringen und die Nutzung erleichtert<\/p>\n<\/li>\n<li data-section-id=\"1saptcf\" data-start=\"843\" data-end=\"918\">\n<p data-start=\"845\" data-end=\"918\"><strong data-start=\"845\" data-end=\"859\">Hygienisch<\/strong>: Entfernen des schmutzigen Mopps ohne direkten Kontakt mit dem Schmutz<\/p>\n<\/li>\n<li data-section-id=\"1bof9ql\" data-start=\"919\" data-end=\"986\">\n<p data-start=\"921\" data-end=\"986\"><strong data-start=\"921\" data-end=\"943\">Pflegeleicht<\/strong>: schnelle und einfache Reinigung des Materials<\/p>\n<\/li>\n<\/ul>\n<h3 data-section-id=\"1n5qqci\" data-start=\"993\" data-end=\"1013\"> Kompatibilit\u00e4t<\/h3>\n<p data-start=\"1014\" data-end=\"1105\">Kompatibel mit allen Stielen mit einer Bohrung von <strong data-start=\"1089\" data-end=\"1104\">18 bis 23 mm<\/strong> Durchmesser.<\/p>\n<h3 data-section-id=\"10v02cv\" data-start=\"1112\" data-end=\"1128\">Materialien<\/h3>\n<p data-start=\"1129\" data-end=\"1227\">Hergestellt aus <strong data-start=\"1141\" data-end=\"1187\">Polyamid, Glasfaser und Polypropylen<\/strong>, f\u00fcr Robustheit und Langlebigkeit.<\/p>\n","protected":false},"excerpt":{"rendered":"<p>Flachwischgestell \u201euniversell\u201c 40 \u00d7 11 cm.<\/p>\n<p><span style=\"color: #00a859;\"><strong>Ref.: 6141<\/strong><\/span><\/p>\n","protected":false},"featured_media":30485,"template":"","meta":[],"product_brand":[],"product_cat":[664,591],"product_tag":[],"class_list":{"0":"post-30479","1":"product","2":"type-product","3":"status-publish","4":"has-post-thumbnail","6":"product_cat-moppbezuge-und-mopps","7":"product_cat-material-zubehor","9":"first","10":"instock","11":"taxable","12":"shipping-taxable","13":"purchasable","14":"product-type-simple"},"acf":[],"_links":{"self":[{"href":"https:\/\/serviclean.be\/de\/wp-json\/wp\/v2\/product\/30479","targetHints":{"allow":["GET"]}}],"collection":[{"href":"https:\/\/serviclean.be\/de\/wp-json\/wp\/v2\/product"}],"about":[{"href":"https:\/\/serviclean.be\/de\/wp-json\/wp\/v2\/types\/product"}],"wp:featuredmedia":[{"embeddable":true,"href":"https:\/\/serviclean.be\/de\/wp-json\/wp\/v2\/media\/30485"}],"wp:attachment":[{"href":"https:\/\/serviclean.be\/de\/wp-json\/wp\/v2\/media?parent=30479"}],"wp:term":[{"taxonomy":"product_brand","embeddable":true,"href":"https:\/\/serviclean.be\/de\/wp-json\/wp\/v2\/product_brand?post=30479"},{"taxonomy":"product_cat","embeddable":true,"href":"https:\/\/serviclean.be\/de\/wp-json\/wp\/v2\/product_cat?post=30479"},{"taxonomy":"product_tag","embeddable":true,"href":"https:\/\/serviclean.be\/de\/wp-json\/wp\/v2\/product_tag?post=30479"}],"curies":[{"name":"wp","href":"https:\/\/api.w.org\/{rel}","templated":true}]}}