{"id":30474,"date":"2019-06-01T03:39:40","date_gmt":"2019-06-01T01:39:40","guid":{"rendered":"https:\/\/serviclean.be\/produit\/terfir-stripper-mit-knieschoner-25-cm\/"},"modified":"2019-06-01T03:39:40","modified_gmt":"2019-06-01T01:39:40","slug":"terfir-stripper-mit-knieschoner-25-cm","status":"publish","type":"product","link":"https:\/\/serviclean.be\/de\/produit\/terfir-stripper-mit-knieschoner-25-cm\/","title":{"rendered":"TERFIR STRIPPER MIT KNIESCHONER &#8211; 25 cm"},"content":{"rendered":"<p>Professionelles Entstaubungswerkzeug (25 cm) mit Knieschoner f\u00fcr komfortableres und sichereres Arbeiten am Boden. Ideal f\u00fcr intensive Entstaubungsarbeiten auf kleinen oder mittleren Fl\u00e4chen. <\/p>\n","protected":false},"excerpt":{"rendered":"<p>Professionelles Entstaubungswerkzeug (25 cm) mit Knieschoner f\u00fcr komfortableres und sichereres Arbeiten am Boden. Ideal f\u00fcr intensive Entstaubungsarbeiten auf kleinen oder mittleren Fl\u00e4chen. <\/p>\n<p><strong><span style=\"color: #008000;\">Ref: 2845<\/span><\/strong><\/p>\n<p>&nbsp;<\/p>\n","protected":false},"featured_media":30478,"template":"","meta":[],"product_brand":[],"product_cat":[664,591],"product_tag":[],"class_list":{"0":"post-30474","1":"product","2":"type-product","3":"status-publish","4":"has-post-thumbnail","6":"product_cat-moppbezuge-und-mopps","7":"product_cat-material-zubehor","9":"first","10":"instock","11":"taxable","12":"shipping-taxable","13":"purchasable","14":"product-type-simple"},"acf":[],"_links":{"self":[{"href":"https:\/\/serviclean.be\/de\/wp-json\/wp\/v2\/product\/30474","targetHints":{"allow":["GET"]}}],"collection":[{"href":"https:\/\/serviclean.be\/de\/wp-json\/wp\/v2\/product"}],"about":[{"href":"https:\/\/serviclean.be\/de\/wp-json\/wp\/v2\/types\/product"}],"wp:featuredmedia":[{"embeddable":true,"href":"https:\/\/serviclean.be\/de\/wp-json\/wp\/v2\/media\/30478"}],"wp:attachment":[{"href":"https:\/\/serviclean.be\/de\/wp-json\/wp\/v2\/media?parent=30474"}],"wp:term":[{"taxonomy":"product_brand","embeddable":true,"href":"https:\/\/serviclean.be\/de\/wp-json\/wp\/v2\/product_brand?post=30474"},{"taxonomy":"product_cat","embeddable":true,"href":"https:\/\/serviclean.be\/de\/wp-json\/wp\/v2\/product_cat?post=30474"},{"taxonomy":"product_tag","embeddable":true,"href":"https:\/\/serviclean.be\/de\/wp-json\/wp\/v2\/product_tag?post=30474"}],"curies":[{"name":"wp","href":"https:\/\/api.w.org\/{rel}","templated":true}]}}