{"id":30469,"date":"2019-05-30T23:46:39","date_gmt":"2019-05-30T21:46:39","guid":{"rendered":"https:\/\/serviclean.be\/produit\/graue-rollenpresse\/"},"modified":"2019-05-30T23:46:39","modified_gmt":"2019-05-30T21:46:39","slug":"graue-rollenpresse","status":"publish","type":"product","link":"https:\/\/serviclean.be\/de\/produit\/graue-rollenpresse\/","title":{"rendered":"Graue Rollenpresse"},"content":{"rendered":"","protected":false},"excerpt":{"rendered":"<p><strong><span style=\"color: #008000;\">Ref.: 2153<\/span><\/strong><\/p>\n<p>Bodenlose Presse mit verstellbarer Gummirolle \u00d8 48 mm und lackiertem Profilgriff<br \/>\nSYSTEM<br \/>\nErgonomisches, bodenloses Presssystem f\u00fcr Laschensysteme<br \/>\nIdeal f\u00fcr gro\u00dfe Bereiche und h\u00e4ufige Reinigungen dank der Ergonomie und der hohen Effizienz des Systems<\/p>\n","protected":false},"featured_media":30471,"template":"","meta":[],"product_brand":[],"product_cat":[606,591],"product_tag":[],"class_list":{"0":"post-30469","1":"product","2":"type-product","3":"status-publish","4":"has-post-thumbnail","6":"product_cat-reinigungswagen-staubsauger","7":"product_cat-material-zubehor","9":"first","10":"instock","11":"taxable","12":"shipping-taxable","13":"purchasable","14":"product-type-simple"},"acf":[],"_links":{"self":[{"href":"https:\/\/serviclean.be\/de\/wp-json\/wp\/v2\/product\/30469","targetHints":{"allow":["GET"]}}],"collection":[{"href":"https:\/\/serviclean.be\/de\/wp-json\/wp\/v2\/product"}],"about":[{"href":"https:\/\/serviclean.be\/de\/wp-json\/wp\/v2\/types\/product"}],"wp:featuredmedia":[{"embeddable":true,"href":"https:\/\/serviclean.be\/de\/wp-json\/wp\/v2\/media\/30471"}],"wp:attachment":[{"href":"https:\/\/serviclean.be\/de\/wp-json\/wp\/v2\/media?parent=30469"}],"wp:term":[{"taxonomy":"product_brand","embeddable":true,"href":"https:\/\/serviclean.be\/de\/wp-json\/wp\/v2\/product_brand?post=30469"},{"taxonomy":"product_cat","embeddable":true,"href":"https:\/\/serviclean.be\/de\/wp-json\/wp\/v2\/product_cat?post=30469"},{"taxonomy":"product_tag","embeddable":true,"href":"https:\/\/serviclean.be\/de\/wp-json\/wp\/v2\/product_tag?post=30469"}],"curies":[{"name":"wp","href":"https:\/\/api.w.org\/{rel}","templated":true}]}}