{"id":30465,"date":"2019-06-01T19:25:21","date_gmt":"2019-06-01T17:25:21","guid":{"rendered":"https:\/\/serviclean.be\/produit\/doodle-bug-scheuerpad-25-x-10-x-25-cm-mehrfarbig\/"},"modified":"2019-06-01T19:25:21","modified_gmt":"2019-06-01T17:25:21","slug":"doodle-bug-scheuerpad-25-x-10-x-25-cm-mehrfarbig","status":"publish","type":"product","link":"https:\/\/serviclean.be\/de\/produit\/doodle-bug-scheuerpad-25-x-10-x-25-cm-mehrfarbig\/","title":{"rendered":"Doodle Bug Scheuerpad &#8211; 25 x 10 x 2,5 cm &#8211; Mehrfarbig"},"content":{"rendered":"<p>Mehrzweckpad, ideal f\u00fcr die Tiefenreinigung von Oberfl\u00e4chen. Erh\u00e4ltlich in Blau, Rot, Schwarz und Wei\u00df, entspricht jede Farbe einem Abrasivit\u00e4tsgrad, um all Ihren Scheueranforderungen gerecht zu werden, von der empfindlichsten bis zur intensivsten Reinigung. <\/p>\n","protected":false},"excerpt":{"rendered":"<p>Mehrzweckpad, ideal f\u00fcr die Tiefenreinigung von Oberfl\u00e4chen. Erh\u00e4ltlich in Blau, Rot, Schwarz und Wei\u00df, entspricht jede Farbe einem Abrasivit\u00e4tsgrad, um all Ihren Scheueranforderungen gerecht zu werden, von der empfindlichsten bis zur intensivsten Reinigung. <\/p>\n<p><span style=\"color: #00a859;\"><strong>Art.-Nr.: 2816, 2814, 2813, 2815<\/strong><\/span><\/p>\n","protected":false},"featured_media":29041,"template":"","meta":[],"product_brand":[],"product_cat":[664],"product_tag":[],"class_list":{"0":"post-30465","1":"product","2":"type-product","3":"status-publish","4":"has-post-thumbnail","6":"product_cat-moppbezuge-und-mopps","8":"first","9":"instock","10":"taxable","11":"shipping-taxable","12":"purchasable","13":"product-type-variable"},"acf":[],"_links":{"self":[{"href":"https:\/\/serviclean.be\/de\/wp-json\/wp\/v2\/product\/30465","targetHints":{"allow":["GET"]}}],"collection":[{"href":"https:\/\/serviclean.be\/de\/wp-json\/wp\/v2\/product"}],"about":[{"href":"https:\/\/serviclean.be\/de\/wp-json\/wp\/v2\/types\/product"}],"wp:featuredmedia":[{"embeddable":true,"href":"https:\/\/serviclean.be\/de\/wp-json\/wp\/v2\/media\/29041"}],"wp:attachment":[{"href":"https:\/\/serviclean.be\/de\/wp-json\/wp\/v2\/media?parent=30465"}],"wp:term":[{"taxonomy":"product_brand","embeddable":true,"href":"https:\/\/serviclean.be\/de\/wp-json\/wp\/v2\/product_brand?post=30465"},{"taxonomy":"product_cat","embeddable":true,"href":"https:\/\/serviclean.be\/de\/wp-json\/wp\/v2\/product_cat?post=30465"},{"taxonomy":"product_tag","embeddable":true,"href":"https:\/\/serviclean.be\/de\/wp-json\/wp\/v2\/product_tag?post=30465"}],"curies":[{"name":"wp","href":"https:\/\/api.w.org\/{rel}","templated":true}]}}