{"id":30464,"date":"2019-06-01T03:31:07","date_gmt":"2019-06-01T01:31:07","guid":{"rendered":"https:\/\/serviclean.be\/produit\/gelenkhalterung-25-cm-fuer-lochstiel\/"},"modified":"2019-06-01T03:31:07","modified_gmt":"2019-06-01T01:31:07","slug":"gelenkhalterung-25-cm-fuer-lochstiel","status":"publish","type":"product","link":"https:\/\/serviclean.be\/de\/produit\/gelenkhalterung-25-cm-fuer-lochstiel\/","title":{"rendered":"Gelenkhalterung 25 cm f\u00fcr Lochstiel"},"content":{"rendered":"<p>Gelenkhalterung 25 cm, kompatibel mit Lochstielen. Ideal zum Befestigen von Pads oder Fransen, bietet sie hohe Man\u00f6vrierf\u00e4higkeit f\u00fcr eine pr\u00e4zise und effiziente Reinigung, selbst an schwer zug\u00e4nglichen Stellen. <\/p>\n","protected":false},"excerpt":{"rendered":"<p>Gelenkhalterung 25 cm, kompatibel mit Lochstielen. Ideal zum Befestigen von Pads oder Fransen, bietet sie hohe Man\u00f6vrierf\u00e4higkeit f\u00fcr eine pr\u00e4zise und effiziente Reinigung, selbst an schwer zug\u00e4nglichen Stellen. <\/p>\n<p><span style=\"color: #00a859;\"><strong>Art.-Nr.: 2845<\/strong><\/span><\/p>\n","protected":false},"featured_media":30468,"template":"","meta":[],"product_brand":[],"product_cat":[664,591],"product_tag":[],"class_list":{"0":"post-30464","1":"product","2":"type-product","3":"status-publish","4":"has-post-thumbnail","6":"product_cat-moppbezuge-und-mopps","7":"product_cat-material-zubehor","9":"first","10":"instock","11":"taxable","12":"shipping-taxable","13":"purchasable","14":"product-type-simple"},"acf":[],"_links":{"self":[{"href":"https:\/\/serviclean.be\/de\/wp-json\/wp\/v2\/product\/30464","targetHints":{"allow":["GET"]}}],"collection":[{"href":"https:\/\/serviclean.be\/de\/wp-json\/wp\/v2\/product"}],"about":[{"href":"https:\/\/serviclean.be\/de\/wp-json\/wp\/v2\/types\/product"}],"wp:featuredmedia":[{"embeddable":true,"href":"https:\/\/serviclean.be\/de\/wp-json\/wp\/v2\/media\/30468"}],"wp:attachment":[{"href":"https:\/\/serviclean.be\/de\/wp-json\/wp\/v2\/media?parent=30464"}],"wp:term":[{"taxonomy":"product_brand","embeddable":true,"href":"https:\/\/serviclean.be\/de\/wp-json\/wp\/v2\/product_brand?post=30464"},{"taxonomy":"product_cat","embeddable":true,"href":"https:\/\/serviclean.be\/de\/wp-json\/wp\/v2\/product_cat?post=30464"},{"taxonomy":"product_tag","embeddable":true,"href":"https:\/\/serviclean.be\/de\/wp-json\/wp\/v2\/product_tag?post=30464"}],"curies":[{"name":"wp","href":"https:\/\/api.w.org\/{rel}","templated":true}]}}