{"id":30460,"date":"2019-06-01T03:31:08","date_gmt":"2019-06-01T01:31:08","guid":{"rendered":"https:\/\/serviclean.be\/produit\/velcro-halterung-ohne-stiel-60-cm\/"},"modified":"2019-06-01T03:31:08","modified_gmt":"2019-06-01T01:31:08","slug":"velcro-halterung-ohne-stiel-60-cm","status":"publish","type":"product","link":"https:\/\/serviclean.be\/de\/produit\/velcro-halterung-ohne-stiel-60-cm\/","title":{"rendered":"VELCRO-Halterung ohne Stiel 60 cm"},"content":{"rendered":"<p>Kletthalterung mit ovalen Befestigungspads. Flachwischsystem, konzipiert f\u00fcr die Verwendung mit vorimpr\u00e4gnierten oder bei Bedarf zu impr\u00e4gnierenden Wischbez\u00fcgen, kompatibel mit integrierten Impr\u00e4gnierungssystemen oder Stieltanks. Ideal f\u00fcr eine intensive und hochleistungsf\u00e4hige professionelle Reinigung.  <\/p>\n","protected":false},"excerpt":{"rendered":"<p>Kletthalterung mit ovalen Befestigungspads. Flachwischsystem, konzipiert f\u00fcr die Verwendung mit vorimpr\u00e4gnierten oder bei Bedarf zu impr\u00e4gnierenden Wischbez\u00fcgen, kompatibel mit integrierten Impr\u00e4gnierungssystemen oder Stieltanks. Ideal f\u00fcr eine intensive und hochleistungsf\u00e4hige professionelle Reinigung.  <\/p>\n<p><span style=\"color: #00a859;\"><strong>Art.-Nr.: 2769<\/strong><\/span><\/p>\n","protected":false},"featured_media":30462,"template":"","meta":[],"product_brand":[],"product_cat":[664],"product_tag":[],"class_list":{"0":"post-30460","1":"product","2":"type-product","3":"status-publish","4":"has-post-thumbnail","6":"product_cat-moppbezuge-und-mopps","8":"first","9":"instock","10":"taxable","11":"shipping-taxable","12":"purchasable","13":"product-type-simple"},"acf":[],"_links":{"self":[{"href":"https:\/\/serviclean.be\/de\/wp-json\/wp\/v2\/product\/30460","targetHints":{"allow":["GET"]}}],"collection":[{"href":"https:\/\/serviclean.be\/de\/wp-json\/wp\/v2\/product"}],"about":[{"href":"https:\/\/serviclean.be\/de\/wp-json\/wp\/v2\/types\/product"}],"wp:featuredmedia":[{"embeddable":true,"href":"https:\/\/serviclean.be\/de\/wp-json\/wp\/v2\/media\/30462"}],"wp:attachment":[{"href":"https:\/\/serviclean.be\/de\/wp-json\/wp\/v2\/media?parent=30460"}],"wp:term":[{"taxonomy":"product_brand","embeddable":true,"href":"https:\/\/serviclean.be\/de\/wp-json\/wp\/v2\/product_brand?post=30460"},{"taxonomy":"product_cat","embeddable":true,"href":"https:\/\/serviclean.be\/de\/wp-json\/wp\/v2\/product_cat?post=30460"},{"taxonomy":"product_tag","embeddable":true,"href":"https:\/\/serviclean.be\/de\/wp-json\/wp\/v2\/product_tag?post=30460"}],"curies":[{"name":"wp","href":"https:\/\/api.w.org\/{rel}","templated":true}]}}