{"id":30428,"date":"2019-06-01T20:17:33","date_gmt":"2019-06-01T18:17:33","guid":{"rendered":"https:\/\/serviclean.be\/produit\/aluminiumstiel-4-loecher-140-cm\/"},"modified":"2019-06-01T20:17:33","modified_gmt":"2019-06-01T18:17:33","slug":"aluminiumstiel-4-loecher-140-cm","status":"publish","type":"product","link":"https:\/\/serviclean.be\/de\/produit\/aluminiumstiel-4-loecher-140-cm\/","title":{"rendered":"Aluminiumstiel 4 L\u00f6cher 140 cm"},"content":{"rendered":"<p>Aluminiumstiel 140 cm \u2013 Steckaufsatz, \u00d8: 2,3 cm, Haushaltszubeh\u00f6rtyp: Stiel<br \/>\nDieser 140 cm lange Aluminiumstiel ist das unverzichtbare Werkzeug f\u00fcr Reinigungsprofis. Sein Steckaufsatz mit 2,3 cm Durchmesser garantiert eine solide und zuverl\u00e4ssige Verbindung mit Ihrem Zubeh\u00f6r, w\u00e4hrend seine Aluminiumkonstruktion ihn zugleich leicht und \u00e4u\u00dferst robust macht.<br \/>\n<strong>Ref.: 1672<\/strong><\/p>\n","protected":false},"excerpt":{"rendered":"<p>ALUMINIUMSTIEL 140 CM 4 L\u00d6CHER.<\/p>\n<p><strong><span style=\"color: #008000;\">REF.: 1672<\/span><\/strong><\/p>\n","protected":false},"featured_media":30443,"template":"","meta":[],"product_brand":[],"product_cat":[664,591],"product_tag":[],"class_list":{"0":"post-30428","1":"product","2":"type-product","3":"status-publish","4":"has-post-thumbnail","6":"product_cat-moppbezuge-und-mopps","7":"product_cat-material-zubehor","9":"first","10":"instock","11":"taxable","12":"shipping-taxable","13":"purchasable","14":"product-type-simple"},"acf":[],"_links":{"self":[{"href":"https:\/\/serviclean.be\/de\/wp-json\/wp\/v2\/product\/30428","targetHints":{"allow":["GET"]}}],"collection":[{"href":"https:\/\/serviclean.be\/de\/wp-json\/wp\/v2\/product"}],"about":[{"href":"https:\/\/serviclean.be\/de\/wp-json\/wp\/v2\/types\/product"}],"wp:featuredmedia":[{"embeddable":true,"href":"https:\/\/serviclean.be\/de\/wp-json\/wp\/v2\/media\/30443"}],"wp:attachment":[{"href":"https:\/\/serviclean.be\/de\/wp-json\/wp\/v2\/media?parent=30428"}],"wp:term":[{"taxonomy":"product_brand","embeddable":true,"href":"https:\/\/serviclean.be\/de\/wp-json\/wp\/v2\/product_brand?post=30428"},{"taxonomy":"product_cat","embeddable":true,"href":"https:\/\/serviclean.be\/de\/wp-json\/wp\/v2\/product_cat?post=30428"},{"taxonomy":"product_tag","embeddable":true,"href":"https:\/\/serviclean.be\/de\/wp-json\/wp\/v2\/product_tag?post=30428"}],"curies":[{"name":"wp","href":"https:\/\/api.w.org\/{rel}","templated":true}]}}