{"id":30411,"date":"2019-06-01T23:30:25","date_gmt":"2019-06-01T21:30:25","guid":{"rendered":"https:\/\/serviclean.be\/produit\/eimer-12-liter-gruen-professionell\/"},"modified":"2019-06-01T23:30:25","modified_gmt":"2019-06-01T21:30:25","slug":"eimer-12-liter-gruen-professionell","status":"publish","type":"product","link":"https:\/\/serviclean.be\/de\/produit\/eimer-12-liter-gruen-professionell\/","title":{"rendered":"Eimer 12 Liter GR\u00dcN &#8211; Professionell"},"content":{"rendered":"<p>Robust und praktisch ist dieser 12-Liter-Eimer ideal f\u00fcr die professionelle Reinigung. Seine gr\u00fcne Farbe erm\u00f6glicht eine Bereichscodierung, um Kreuzkontaminationen zu vermeiden. Ergonomischer Griff und Ausgie\u00dfer f\u00fcr eine einfache Handhabung.  <\/p>\n","protected":false},"excerpt":{"rendered":"<p>Robust und praktisch ist dieser 12-Liter-Eimer ideal f\u00fcr die professionelle Reinigung. Seine gr\u00fcne Farbe erm\u00f6glicht eine Bereichscodierung, um Kreuzkontaminationen zu vermeiden. Ergonomischer Griff und Ausgie\u00dfer f\u00fcr eine einfache Handhabung.  <\/p>\n<p><span style=\"color: #00a859;\"><strong>Art.-Nr.: 5189<\/strong><\/span><\/p>\n","protected":false},"featured_media":30415,"template":"","meta":[],"product_brand":[],"product_cat":[653],"product_tag":[],"class_list":{"0":"post-30411","1":"product","2":"type-product","3":"status-publish","4":"has-post-thumbnail","6":"product_cat-eimer","8":"first","9":"instock","10":"taxable","11":"shipping-taxable","12":"purchasable","13":"product-type-simple"},"acf":[],"_links":{"self":[{"href":"https:\/\/serviclean.be\/de\/wp-json\/wp\/v2\/product\/30411","targetHints":{"allow":["GET"]}}],"collection":[{"href":"https:\/\/serviclean.be\/de\/wp-json\/wp\/v2\/product"}],"about":[{"href":"https:\/\/serviclean.be\/de\/wp-json\/wp\/v2\/types\/product"}],"wp:featuredmedia":[{"embeddable":true,"href":"https:\/\/serviclean.be\/de\/wp-json\/wp\/v2\/media\/30415"}],"wp:attachment":[{"href":"https:\/\/serviclean.be\/de\/wp-json\/wp\/v2\/media?parent=30411"}],"wp:term":[{"taxonomy":"product_brand","embeddable":true,"href":"https:\/\/serviclean.be\/de\/wp-json\/wp\/v2\/product_brand?post=30411"},{"taxonomy":"product_cat","embeddable":true,"href":"https:\/\/serviclean.be\/de\/wp-json\/wp\/v2\/product_cat?post=30411"},{"taxonomy":"product_tag","embeddable":true,"href":"https:\/\/serviclean.be\/de\/wp-json\/wp\/v2\/product_tag?post=30411"}],"curies":[{"name":"wp","href":"https:\/\/api.w.org\/{rel}","templated":true}]}}