{"id":30404,"date":"2019-10-18T22:38:39","date_gmt":"2019-10-18T20:38:39","guid":{"rendered":"https:\/\/serviclean.be\/produit\/optischer-haendetrockner-2500-w-glaenzender-stahl\/"},"modified":"2019-10-18T22:38:39","modified_gmt":"2019-10-18T20:38:39","slug":"optischer-haendetrockner-2500-w-glaenzender-stahl","status":"publish","type":"product","link":"https:\/\/serviclean.be\/de\/produit\/optischer-haendetrockner-2500-w-glaenzender-stahl\/","title":{"rendered":"Optischer H\u00e4ndetrockner 2500 W gl\u00e4nzender Stahl"},"content":{"rendered":"","protected":false},"excerpt":{"rendered":"<p>Optischer H\u00e4ndetrockner mit 2500 W Leistung aus gl\u00e4nzendem Edelstahl, Modell BLIDNER<\/p>\n<p><span style=\"color: #008000;\"><strong>Ref.: 5276<\/strong><\/span><\/p>\n","protected":false},"featured_media":30406,"template":"","meta":[],"product_brand":[],"product_cat":[722],"product_tag":[],"class_list":{"0":"post-30404","1":"product","2":"type-product","3":"status-publish","4":"has-post-thumbnail","6":"product_cat-handetrockner","8":"first","9":"onbackorder","10":"taxable","11":"shipping-taxable","12":"purchasable","13":"product-type-simple"},"acf":[],"_links":{"self":[{"href":"https:\/\/serviclean.be\/de\/wp-json\/wp\/v2\/product\/30404","targetHints":{"allow":["GET"]}}],"collection":[{"href":"https:\/\/serviclean.be\/de\/wp-json\/wp\/v2\/product"}],"about":[{"href":"https:\/\/serviclean.be\/de\/wp-json\/wp\/v2\/types\/product"}],"wp:featuredmedia":[{"embeddable":true,"href":"https:\/\/serviclean.be\/de\/wp-json\/wp\/v2\/media\/30406"}],"wp:attachment":[{"href":"https:\/\/serviclean.be\/de\/wp-json\/wp\/v2\/media?parent=30404"}],"wp:term":[{"taxonomy":"product_brand","embeddable":true,"href":"https:\/\/serviclean.be\/de\/wp-json\/wp\/v2\/product_brand?post=30404"},{"taxonomy":"product_cat","embeddable":true,"href":"https:\/\/serviclean.be\/de\/wp-json\/wp\/v2\/product_cat?post=30404"},{"taxonomy":"product_tag","embeddable":true,"href":"https:\/\/serviclean.be\/de\/wp-json\/wp\/v2\/product_tag?post=30404"}],"curies":[{"name":"wp","href":"https:\/\/api.w.org\/{rel}","templated":true}]}}