{"id":30395,"date":"2019-10-19T13:42:12","date_gmt":"2019-10-19T11:42:12","guid":{"rendered":"https:\/\/serviclean.be\/produit\/papierspender-mit-innenabrollung-star-serie-weiss-braun\/"},"modified":"2019-10-19T13:42:12","modified_gmt":"2019-10-19T11:42:12","slug":"papierspender-mit-innenabrollung-star-serie-weiss-braun","status":"publish","type":"product","link":"https:\/\/serviclean.be\/de\/produit\/papierspender-mit-innenabrollung-star-serie-weiss-braun\/","title":{"rendered":"Papierspender mit Innenabrollung Star-Serie Wei\u00df\/Braun"},"content":{"rendered":"<p>Der Papierspender mit Innenabrollung der Star-Serie, erh\u00e4ltlich in Wei\u00df oder Braun, ist f\u00fcr die einfache und schnelle Papierausgabe im professionellen Bereich konzipiert. Ideal f\u00fcr K\u00fcchen, Werkst\u00e4tten, Sanit\u00e4ranlagen oder Produktionsbereiche erm\u00f6glicht dieser Spender durch sein Innenabrollsystem einen einfachen Zugriff, reduziert Abfall und f\u00f6rdert eine gute Hygiene. Er ist robust, praktisch und mit den meisten Innenabrollungsrollen kompatibel und f\u00fcgt sich perfekt in jede Umgebung ein.  <\/p>\n<p><img decoding=\"async\" class=\"wp-image-1824 size-full\" title=\"Papierspender mit Innenabrollung\" src=\"https:\/\/serviclean.be\/wp-content\/uploads\/2019\/10\/Distributeur-de-papier-D%C3%A9vidage-Central-e1661200719479.png\" alt=\"Papierspender mit Innenabrollung\" width=\"400\" height=\"266\"><\/p>\n","protected":false},"excerpt":{"rendered":"<p>Spender mit Innenabrollung Star-Serie, Wei\u00df oder Braun. Robust, praktisch und hygienisch, ideal f\u00fcr Profi-Bereiche, K\u00fcchen oder Sanit\u00e4ranlagen. <\/p>\n<p><span style=\"color: #008000;\"><strong>Art.-Nr.: 0891, 0872<\/strong><\/span><\/p>\n","protected":false},"featured_media":30399,"template":"","meta":[],"product_brand":[],"product_cat":[585],"product_tag":[],"class_list":{"0":"post-30395","1":"product","2":"type-product","3":"status-publish","4":"has-post-thumbnail","6":"product_cat-handtuchspender","8":"first","9":"instock","10":"taxable","11":"shipping-taxable","12":"purchasable","13":"product-type-variable"},"acf":[],"_links":{"self":[{"href":"https:\/\/serviclean.be\/de\/wp-json\/wp\/v2\/product\/30395","targetHints":{"allow":["GET"]}}],"collection":[{"href":"https:\/\/serviclean.be\/de\/wp-json\/wp\/v2\/product"}],"about":[{"href":"https:\/\/serviclean.be\/de\/wp-json\/wp\/v2\/types\/product"}],"wp:featuredmedia":[{"embeddable":true,"href":"https:\/\/serviclean.be\/de\/wp-json\/wp\/v2\/media\/30399"}],"wp:attachment":[{"href":"https:\/\/serviclean.be\/de\/wp-json\/wp\/v2\/media?parent=30395"}],"wp:term":[{"taxonomy":"product_brand","embeddable":true,"href":"https:\/\/serviclean.be\/de\/wp-json\/wp\/v2\/product_brand?post=30395"},{"taxonomy":"product_cat","embeddable":true,"href":"https:\/\/serviclean.be\/de\/wp-json\/wp\/v2\/product_cat?post=30395"},{"taxonomy":"product_tag","embeddable":true,"href":"https:\/\/serviclean.be\/de\/wp-json\/wp\/v2\/product_tag?post=30395"}],"curies":[{"name":"wp","href":"https:\/\/api.w.org\/{rel}","templated":true}]}}