{"id":30391,"date":"2019-10-19T20:12:28","date_gmt":"2019-10-19T18:12:28","guid":{"rendered":"https:\/\/serviclean.be\/produit\/kompakter-reinigungswagen-tm2815-reflo\/"},"modified":"2026-05-03T23:05:48","modified_gmt":"2026-05-03T21:05:48","slug":"kompakter-reinigungswagen-tm2815-reflo","status":"publish","type":"product","link":"https:\/\/serviclean.be\/de\/produit\/kompakter-reinigungswagen-tm2815-reflo\/","title":{"rendered":"Kompakter Reinigungswagen TM2815 ReFlo"},"content":{"rendered":"<div class=\"row\"  id=\"row-1893740923\">\n\n\t<div id=\"col-1778864375\" class=\"col medium-1\/2 large-6\"  >\n\t\t\t\t<div class=\"col-inner\"  >\n\t\t\t\n\t\t\t\n<p><strong>ENTHALTENES ZUBEH\u00d6R<\/strong><\/p>\n<ul>\n<li>Grauer Eimer 15 L (Schmutzwasser) roter Griff<\/li>\n<li>Grauer Eimer 28 L (Frischwasser) blauer Griff<\/li>\n<li>Produktaufbewahrungsfach 4 L<\/li>\n<li>Universal-Presse ReFlo mit Schaumstoff, Ablauf nach hinten, gerader Griff<\/li>\n<\/ul>\n\t\t<\/div>\n\t\t\t\t\t<\/div>\n\n\t\n\n\t<div id=\"col-519222281\" class=\"col medium-1\/2 large-6\"  >\n\t\t\t\t<div class=\"col-inner\"  >\n\t\t\t\n\t\t\t\n<p><strong>OPTIONALES ZUBEH\u00d6R<\/strong><\/p>\n<ul>\n<li>Vertikale Besenhalterung<\/li>\n<li>Bodengitter f\u00fcr Eimer 28 L<\/li>\n<li>Warnschild \u201eRutschgefahr\u201c 2-seitig klappbar 60 cm<\/li>\n<li>Set mit 2 gro\u00dfen Hinterr\u00e4dern 250 mm \u00d8 mit Querstange\t\t<\/div>\n\t\t\t\t\t<\/div>\n\n\t<\/li>\n<\/ul>\n<\/div>\n","protected":false},"excerpt":{"rendered":"<p>Der kompakte Reinigungswagen TM2815 ReFlo ist ein unverzichtbares Werkzeug f\u00fcr eine effiziente Reinigung. Er besteht aus einem grauen Eimer mit rotem Henkel mit 15 Litern f\u00fcr Schmutzwasser sowie einem grauen Eimer mit blauem Henkel mit 20 Litern f\u00fcr Frischwasser. Diese praktische und funktionale Konstruktion erleichtert die Reinigungsarbeiten und gew\u00e4hrleistet eine angemessene Trennung von Schmutz- und Frischwasser. Entscheiden Sie sich f\u00fcr den kompakten Reinigungswagen TM2815 ReFlo, um Ihre Reinigungsarbeiten zu optimieren.   <\/p>\n","protected":false},"featured_media":30393,"template":"","meta":[],"product_brand":[],"product_cat":[606],"product_tag":[],"class_list":{"0":"post-30391","1":"product","2":"type-product","3":"status-publish","4":"has-post-thumbnail","6":"product_cat-reinigungswagen-staubsauger","8":"first","9":"instock","10":"taxable","11":"shipping-taxable","12":"purchasable","13":"product-type-simple"},"acf":[],"_links":{"self":[{"href":"https:\/\/serviclean.be\/de\/wp-json\/wp\/v2\/product\/30391","targetHints":{"allow":["GET"]}}],"collection":[{"href":"https:\/\/serviclean.be\/de\/wp-json\/wp\/v2\/product"}],"about":[{"href":"https:\/\/serviclean.be\/de\/wp-json\/wp\/v2\/types\/product"}],"wp:featuredmedia":[{"embeddable":true,"href":"https:\/\/serviclean.be\/de\/wp-json\/wp\/v2\/media\/30393"}],"wp:attachment":[{"href":"https:\/\/serviclean.be\/de\/wp-json\/wp\/v2\/media?parent=30391"}],"wp:term":[{"taxonomy":"product_brand","embeddable":true,"href":"https:\/\/serviclean.be\/de\/wp-json\/wp\/v2\/product_brand?post=30391"},{"taxonomy":"product_cat","embeddable":true,"href":"https:\/\/serviclean.be\/de\/wp-json\/wp\/v2\/product_cat?post=30391"},{"taxonomy":"product_tag","embeddable":true,"href":"https:\/\/serviclean.be\/de\/wp-json\/wp\/v2\/product_tag?post=30391"}],"curies":[{"name":"wp","href":"https:\/\/api.w.org\/{rel}","templated":true}]}}