{"id":30385,"date":"2019-10-19T21:17:50","date_gmt":"2019-10-19T19:17:50","guid":{"rendered":"https:\/\/serviclean.be\/produit\/numatic-reflo-scg1405\/"},"modified":"2026-05-03T23:05:48","modified_gmt":"2026-05-03T21:05:48","slug":"numatic-reflo-scg1405","status":"publish","type":"product","link":"https:\/\/serviclean.be\/de\/produit\/numatic-reflo-scg1405\/","title":{"rendered":"Numatic ReFlo SCG1405"},"content":{"rendered":"<p>Merkmale des Numatic ReFlo SCG1405 Wagens:<\/p>\n<div class=\"row row-boxed\"  id=\"row-1074931905\">\n\n\t<div id=\"col-1665282077\" class=\"col medium-1\/3 large-4\"  >\n\t\t\t\t<div class=\"col-inner\"  >\n\t\t\t\n\t\t\t\n<strong>INKLUSIVE ZUBEH\u00d6R<\/strong><\/p>\n<ul>\n<li class=\"bullet-checkmark\">Befestigungsset f\u00fcr grauen 5-l-Schwenkeimer, Griff <strong>rot<\/strong><\/li>\n<li class=\"bullet-checkmark\">Befestigungsset f\u00fcr grauen 5-l-Schwenkeimer, Griff <strong>blau<\/strong><\/li>\n<li class=\"bullet-checkmark\">Besenhalter<\/li>\n<li class=\"bullet-checkmark\">Vertikale Besenhalterung<\/li>\n<\/ul>\n\t\t<\/div>\n\t\t\t\t\t<\/div>\n\n\t\n\n\t<div id=\"col-168767434\" class=\"col medium-1\/3 large-4\"  >\n\t\t\t\t<div class=\"col-inner\"  >\n\t\t\t\n\t\t\t\n<strong>INKLUSIVE WISCHSET NC KIT SRK0:<\/strong><\/p>\n<ul>\n<li class=\"bullet-checkmark\">ReFlo Universalpresse \u2013 Abfluss nach unten<\/li>\n<li class=\"bullet-checkmark\">Grauer 15-l-Eimer, Griff rot<\/li>\n<li class=\"bullet-checkmark\">Grauer 15-l-Eimer, Griff blau<\/li>\n<\/ul>\n\t\t<\/div>\n\t\t\t\t\t<\/div>\n\n\t\n\n\t<div id=\"col-1246466871\" class=\"col medium-1\/3 large-4\"  >\n\t\t\t\t<div class=\"col-inner\"  >\n\t\t\t\n\t\t\t\n<strong>OPTIONALES ZUBEH\u00d6R<\/strong><\/p>\n<p>&nbsp;<\/p>\n<ul>\n<li class=\"bullet-checkmark\">W\u00e4schenetz blau<\/li>\n<li class=\"bullet-checkmark\">W\u00e4schenetz rot629190 Halterung f\u00fcr W\u00e4schenetz blau<\/li>\n<li class=\"bullet-checkmark\">Halterung f\u00fcr W\u00e4schenetz rot<\/li>\n<li class=\"bullet-checkmark\">Grauer 5-l-Schwenkeimer, Griff rot (ohne Befestigungsset)<\/li>\n<li class=\"bullet-checkmark\">Grauer 5-l-Schwenkeimer, Griff blau (ohne Befestigungsset)<\/li>\n<li class=\"bullet-checkmark\">Kompletter Faubert-Mopp<\/li>\n<li class=\"bullet-checkmark\">Flachwischmopp 40 cm mit Laschen<\/li>\n<\/ul>\n\t\t<\/div>\n\t\t\t\t\t<\/div>\n\n\t\n<\/div>\n<p>&nbsp;<\/p>\n<p>&nbsp;<\/p>\n","protected":false},"excerpt":{"rendered":"<p>Der Numatic ReFlo SCG1405 ist ein kompakter Wagen, der die Abfallentsorgung optimiert. Er zeichnet sich durch drei Funktionszonen aus, darunter eine Abfall-Sammelzone mit einem Sammler mit 120 l Fassungsverm\u00f6gen. Dieser Wagen vereint Effizienz und Praktikabilit\u00e4t und erleichtert so die Arbeit von Fachkr\u00e4ften in verschiedensten Umgebungen. Sein durchdachtes Design erf\u00fcllt die spezifischen Anforderungen der Reinigung und gew\u00e4hrleistet zugleich eine optimale Raumnutzung.   <\/p>\n<p><strong><span style=\"color: #008000;\">REF: 11717<\/span><\/strong><\/p>\n","protected":false},"featured_media":30389,"template":"","meta":[],"product_brand":[],"product_cat":[606],"product_tag":[623],"class_list":{"0":"post-30385","1":"product","2":"type-product","3":"status-publish","4":"has-post-thumbnail","6":"product_cat-reinigungswagen-staubsauger","7":"product_tag-numatic","9":"first","10":"instock","11":"taxable","12":"shipping-taxable","13":"purchasable","14":"product-type-simple"},"acf":[],"_links":{"self":[{"href":"https:\/\/serviclean.be\/de\/wp-json\/wp\/v2\/product\/30385","targetHints":{"allow":["GET"]}}],"collection":[{"href":"https:\/\/serviclean.be\/de\/wp-json\/wp\/v2\/product"}],"about":[{"href":"https:\/\/serviclean.be\/de\/wp-json\/wp\/v2\/types\/product"}],"wp:featuredmedia":[{"embeddable":true,"href":"https:\/\/serviclean.be\/de\/wp-json\/wp\/v2\/media\/30389"}],"wp:attachment":[{"href":"https:\/\/serviclean.be\/de\/wp-json\/wp\/v2\/media?parent=30385"}],"wp:term":[{"taxonomy":"product_brand","embeddable":true,"href":"https:\/\/serviclean.be\/de\/wp-json\/wp\/v2\/product_brand?post=30385"},{"taxonomy":"product_cat","embeddable":true,"href":"https:\/\/serviclean.be\/de\/wp-json\/wp\/v2\/product_cat?post=30385"},{"taxonomy":"product_tag","embeddable":true,"href":"https:\/\/serviclean.be\/de\/wp-json\/wp\/v2\/product_tag?post=30385"}],"curies":[{"name":"wp","href":"https:\/\/api.w.org\/{rel}","templated":true}]}}