{"id":30380,"date":"2019-10-19T19:37:09","date_gmt":"2019-10-19T17:37:09","guid":{"rendered":"https:\/\/serviclean.be\/produit\/waeschewagen-fuer-hotels\/"},"modified":"2019-10-19T19:37:09","modified_gmt":"2019-10-19T17:37:09","slug":"waeschewagen-fuer-hotels","status":"publish","type":"product","link":"https:\/\/serviclean.be\/de\/produit\/waeschewagen-fuer-hotels\/","title":{"rendered":"W\u00e4schewagen f\u00fcr Hotels"},"content":{"rendered":"","protected":false},"excerpt":{"rendered":"<p>NUMATIC W\u00c4SCHEWAGEN + 1 STOFFSACK 200 LITER.<br \/>\n<strong>Ref: 0473<\/strong><\/p>\n","protected":false},"featured_media":30386,"template":"","meta":[],"product_brand":[],"product_cat":[606],"product_tag":[],"class_list":{"0":"post-30380","1":"product","2":"type-product","3":"status-publish","4":"has-post-thumbnail","6":"product_cat-reinigungswagen-staubsauger","8":"first","9":"instock","10":"taxable","11":"shipping-taxable","12":"purchasable","13":"product-type-simple"},"acf":[],"_links":{"self":[{"href":"https:\/\/serviclean.be\/de\/wp-json\/wp\/v2\/product\/30380","targetHints":{"allow":["GET"]}}],"collection":[{"href":"https:\/\/serviclean.be\/de\/wp-json\/wp\/v2\/product"}],"about":[{"href":"https:\/\/serviclean.be\/de\/wp-json\/wp\/v2\/types\/product"}],"wp:featuredmedia":[{"embeddable":true,"href":"https:\/\/serviclean.be\/de\/wp-json\/wp\/v2\/media\/30386"}],"wp:attachment":[{"href":"https:\/\/serviclean.be\/de\/wp-json\/wp\/v2\/media?parent=30380"}],"wp:term":[{"taxonomy":"product_brand","embeddable":true,"href":"https:\/\/serviclean.be\/de\/wp-json\/wp\/v2\/product_brand?post=30380"},{"taxonomy":"product_cat","embeddable":true,"href":"https:\/\/serviclean.be\/de\/wp-json\/wp\/v2\/product_cat?post=30380"},{"taxonomy":"product_tag","embeddable":true,"href":"https:\/\/serviclean.be\/de\/wp-json\/wp\/v2\/product_tag?post=30380"}],"curies":[{"name":"wp","href":"https:\/\/api.w.org\/{rel}","templated":true}]}}