{"id":30373,"date":"2019-10-20T15:58:02","date_gmt":"2019-10-20T13:58:02","guid":{"rendered":"https:\/\/serviclean.be\/produit\/numatic-staubsauger-ppr-240-gruen\/"},"modified":"2026-05-03T23:05:48","modified_gmt":"2026-05-03T21:05:48","slug":"numatic-staubsauger-ppr-240-gruen","status":"publish","type":"product","link":"https:\/\/serviclean.be\/de\/produit\/numatic-staubsauger-ppr-240-gruen\/","title":{"rendered":"NUMATIC STAUBSAUGER PPR 240 GR\u00dcN"},"content":{"rendered":"<p><strong>Die Saugkraft des Staubsaugers entfernt m\u00fchelos hartn\u00e4ckige Haare auf Teppichb\u00f6den und beseitigt Tierhaare im Auto oder auf Treppen.<\/strong><\/p>\n<div class=\"row row-text\"  id=\"row-2077897275\"><\/div>\n\n\t<div id=\"col-1855134968\" class=\"col medium-1\/3 large-4\"  >\n\t\t\t\t<div class=\"col-inner\"  >\n\t\t\t\n\t\t\t\n<strong>ZUBEH\u00d6R INKLUSIVE<\/strong><\/p>\n<ul>\n<li class=\"bullet-checkmark\">Kompletter FLOMAX-Schlauch 2,20 m \u00d8 32 mm<\/li>\n<li class=\"bullet-checkmark\">Edelstahl-Bogenrohr NPC mit Luftstromregelung \u00d8 32 mm<\/li>\n<li class=\"bullet-checkmark\">Edelstahl-Saugrohr \u00d8 32 mm (2 St\u00fcck im Kit vorgesehen)<\/li>\n<li class=\"bullet-checkmark\">Kombid\u00fcse 2 Positionen 300 mm \u00d8 32 mm mit Parkfunktion-Clip<\/li>\n<li class=\"bullet-checkmark\">Doppeladapter \u00d8 32 mm<\/li>\n<li class=\"bullet-checkmark\">Fugend\u00fcse \u00d8 32 mm<\/li>\n<li class=\"bullet-checkmark\">Rundb\u00fcrste \u00d8 65 mm, Anschluss \u00d8 32 mm<\/li>\n<li class=\"bullet-checkmark\">Polsterd\u00fcse \u00d8 32 mm<\/li>\n<li class=\"bullet-checkmark\">Abnehmbare Aufsteckb\u00fcrste f\u00fcr 601145<\/li>\n<li class=\"bullet-checkmark\">Turbob\u00fcrste AB270 290 mm \u00d8 32 mm<\/li>\n<li class=\"bullet-checkmark\">Turbob\u00fcrste 140 mm \u00d8 32 mm\t\t<\/div>\n\t\t\t\t\t<\/div>\n\n\t\n\n\t<div id=\"col-1142663345\" class=\"col medium-1\/3 large-4\"  >\n\t\t\t\t<div class=\"col-inner\"  >\n\t\t\t\n\t\t\t\n<strong>FILTER INKLUSIVE<\/strong><\/p>\n<ul>\n<li class=\"bullet-checkmark\">Microfresh-Filter \u2013 Aktivkohle<\/li>\n<\/ul>\n\t\t<\/div>\n\t\t\t\t\t<\/div>\n\n\t\n\n\t<div id=\"col-121455680\" class=\"col medium-1\/3 large-4\"  >\n\t\t\t\t<div class=\"col-inner\"  >\n\t\t\t\n\t\t\t\n<strong>OPTIONALES ZUBEH\u00d6R<\/strong><\/p>\n<ul>\n<li class=\"bullet-checkmark\">Set mit 10 Hepaflo-Filtern 9 l<\/li>\n<li class=\"bullet-checkmark\">Kombid\u00fcse 2 Positionen 300 mm \u2013 Parkfunktion<\/li>\n<li class=\"bullet-checkmark\">Rollend\u00fcse 300 mm \u2013 Parkfunktion<\/li>\n<li class=\"bullet-checkmark\">Kabel ohne Stecker 2 x 1 mm\u00b2, L\u00e4nge 10 m\t\t<\/div>\n\t\t\t\t\t<\/div>\n\n\t<\/li>\n<\/ul>\n<\/li>\n<\/ul>\n<p>&nbsp;<\/p>\n<p>&nbsp;<\/p>\n","protected":false},"excerpt":{"rendered":"<p>NUMATIC STAUBSAUGER PPR 240 GR\u00dcN, inkl. Zubeh\u00f6r-Kit.<\/p>\n<p><span style=\"color: #008000;\">Ref: 0161<\/span><\/p>\n","protected":false},"featured_media":30384,"template":"","meta":[],"product_brand":[],"product_cat":[606],"product_tag":[623],"class_list":{"0":"post-30373","1":"product","2":"type-product","3":"status-publish","4":"has-post-thumbnail","6":"product_cat-reinigungswagen-staubsauger","7":"product_tag-numatic","9":"first","10":"onbackorder","11":"taxable","12":"shipping-taxable","13":"purchasable","14":"product-type-simple"},"acf":[],"_links":{"self":[{"href":"https:\/\/serviclean.be\/de\/wp-json\/wp\/v2\/product\/30373","targetHints":{"allow":["GET"]}}],"collection":[{"href":"https:\/\/serviclean.be\/de\/wp-json\/wp\/v2\/product"}],"about":[{"href":"https:\/\/serviclean.be\/de\/wp-json\/wp\/v2\/types\/product"}],"wp:featuredmedia":[{"embeddable":true,"href":"https:\/\/serviclean.be\/de\/wp-json\/wp\/v2\/media\/30384"}],"wp:attachment":[{"href":"https:\/\/serviclean.be\/de\/wp-json\/wp\/v2\/media?parent=30373"}],"wp:term":[{"taxonomy":"product_brand","embeddable":true,"href":"https:\/\/serviclean.be\/de\/wp-json\/wp\/v2\/product_brand?post=30373"},{"taxonomy":"product_cat","embeddable":true,"href":"https:\/\/serviclean.be\/de\/wp-json\/wp\/v2\/product_cat?post=30373"},{"taxonomy":"product_tag","embeddable":true,"href":"https:\/\/serviclean.be\/de\/wp-json\/wp\/v2\/product_tag?post=30373"}],"curies":[{"name":"wp","href":"https:\/\/api.w.org\/{rel}","templated":true}]}}