{"id":30372,"date":"2019-10-19T19:44:15","date_gmt":"2019-10-19T17:44:15","guid":{"rendered":"https:\/\/serviclean.be\/produit\/nks1ll-hotelwagen\/"},"modified":"2026-05-03T23:05:31","modified_gmt":"2026-05-03T21:05:31","slug":"nks1ll-hotelwagen","status":"publish","type":"product","link":"https:\/\/serviclean.be\/de\/produit\/nks1ll-hotelwagen\/","title":{"rendered":"NKS1LL Hotelwagen"},"content":{"rendered":"<p>&nbsp;<\/p>\n<div class=\"row\"  id=\"row-2073023825\">\n\n\t<div id=\"col-504476646\" class=\"col medium-1\/2 large-6\"  >\n\t\t\t\t<div class=\"col-inner\"  >\n\t\t\t\n\t\t\t\n<p><strong>INKLUSIVE ZUBEH\u00d6R <\/strong><\/p>\n<ul>\n<li>Kit NKA 100P, Erweiterungsset: grauer Stoffbeutel 100 L f\u00fcr W\u00e4sche<\/li>\n<\/ul>\n\t\t<\/div>\n\t\t\t\t\t<\/div>\n\n\t\n\n\t<div id=\"col-1140961464\" class=\"col medium-1\/2 large-6\"  >\n\t\t\t\t<div class=\"col-inner\"  >\n\t\t\t\n\t\t\t\n<p><strong>Optional<\/strong><\/p>\n<p>ANPASSBARE NUKEEPER-SACKSETS<\/p>\n<ul>\n<li>NKA 100PA \u2013 Erweiterungsset: grauer Stoffbeutel 100 L mit klappbarem Griff<\/li>\n<li>NKA 101P \u2013 Erweiterungsset: Kunststoffsack 120 L mit Deckel<\/li>\n<li>NKA 102P \u2013 Erweiterungsset: M\u00fcllsack f\u00fcr getrennte Sammlung (2 \u00d7 70 L)<\/li>\n<li>NKA 103P \u2013 Erweiterungsset mit Deckel: wei\u00dfer W\u00e4schesack 120 L mit Kordelzug<\/li>\n<li>NKA 140P \u2013 Erweiterungsset: grauer Stoffbeutel 100 L f\u00fcr W\u00e4sche + Deckel mit Ablagefach<\/li>\n<\/ul>\n\t\t<\/div>\n\t\t\t\t\t<\/div>\n\n\t\n<\/div>\n","protected":false},"excerpt":{"rendered":"<p>Der kompakte NKS1LL-Wagen der Marke Numatic verf\u00fcgt \u00fcber ein einfaches Regal und eine Halterung f\u00fcr einen 100-L-W\u00e4schesack.<\/p>\n","protected":false},"featured_media":30374,"template":"","meta":[],"product_brand":[],"product_cat":[606],"product_tag":[623],"class_list":{"0":"post-30372","1":"product","2":"type-product","3":"status-publish","4":"has-post-thumbnail","6":"product_cat-reinigungswagen-staubsauger","7":"product_tag-numatic","9":"first","10":"instock","11":"taxable","12":"shipping-taxable","13":"purchasable","14":"product-type-simple"},"acf":[],"_links":{"self":[{"href":"https:\/\/serviclean.be\/de\/wp-json\/wp\/v2\/product\/30372","targetHints":{"allow":["GET"]}}],"collection":[{"href":"https:\/\/serviclean.be\/de\/wp-json\/wp\/v2\/product"}],"about":[{"href":"https:\/\/serviclean.be\/de\/wp-json\/wp\/v2\/types\/product"}],"wp:featuredmedia":[{"embeddable":true,"href":"https:\/\/serviclean.be\/de\/wp-json\/wp\/v2\/media\/30374"}],"wp:attachment":[{"href":"https:\/\/serviclean.be\/de\/wp-json\/wp\/v2\/media?parent=30372"}],"wp:term":[{"taxonomy":"product_brand","embeddable":true,"href":"https:\/\/serviclean.be\/de\/wp-json\/wp\/v2\/product_brand?post=30372"},{"taxonomy":"product_cat","embeddable":true,"href":"https:\/\/serviclean.be\/de\/wp-json\/wp\/v2\/product_cat?post=30372"},{"taxonomy":"product_tag","embeddable":true,"href":"https:\/\/serviclean.be\/de\/wp-json\/wp\/v2\/product_tag?post=30372"}],"curies":[{"name":"wp","href":"https:\/\/api.w.org\/{rel}","templated":true}]}}