{"id":30367,"date":"2019-11-24T15:54:46","date_gmt":"2019-11-24T14:54:46","guid":{"rendered":"https:\/\/serviclean.be\/produit\/edelstahl-spiralreiniger-10-x-65-g\/"},"modified":"2019-11-24T15:54:46","modified_gmt":"2019-11-24T14:54:46","slug":"edelstahl-spiralreiniger-10-x-65-g","status":"publish","type":"product","link":"https:\/\/serviclean.be\/de\/produit\/edelstahl-spiralreiniger-10-x-65-g\/","title":{"rendered":"Edelstahl-Spiralreiniger 10 x 65 g"},"content":{"rendered":"<p data-start=\"175\" data-end=\"555\">Der professionelle Edelstahl-Spiralreiniger ist das ideale Werkzeug f\u00fcr eine intensive und dauerhafte Reinigung. Aus hochwertigem Edelstahl gefertigt, rostet er nicht und beh\u00e4lt seine Wirksamkeit auch nach mehrmaligem Gebrauch. Seine robuste Textur entfernt m\u00fchelos hartn\u00e4ckiges Fett, Verkrustungen und schwierigen Schmutz und bietet gleichzeitig hervorragende Reinigungseigenschaften.  <\/p>\n<p data-start=\"557\" data-end=\"581\"><strong data-start=\"557\" data-end=\"579\">Eigenschaften:<\/strong><\/p>\n<ul data-start=\"582\" data-end=\"956\">\n<li data-start=\"582\" data-end=\"660\">\n<p data-start=\"584\" data-end=\"660\"><strong data-start=\"584\" data-end=\"611\">100 % rostfreier Edelstahl:<\/strong> hohe Verschlei\u00df- und Korrosionsbest\u00e4ndigkeit.<\/p>\n<\/li>\n<li data-start=\"661\" data-end=\"739\">\n<p data-start=\"663\" data-end=\"739\"><strong data-start=\"663\" data-end=\"687\">Kraftvolle Reinigung:<\/strong> entfernt schnell hartn\u00e4ckigste Flecken.<\/p>\n<\/li>\n<li data-start=\"740\" data-end=\"807\">\n<p data-start=\"742\" data-end=\"807\"><strong data-start=\"742\" data-end=\"767\">Lange Lebensdauer:<\/strong> franst nicht aus und beh\u00e4lt seine Form.<\/p>\n<\/li>\n<li data-start=\"808\" data-end=\"904\">\n<p data-start=\"810\" data-end=\"904\"><strong data-start=\"810\" data-end=\"836\">Professionelles Format:<\/strong> ideal f\u00fcr K\u00fcchen, Werkst\u00e4tten, Gemeinschaftseinrichtungen, Gastronomie usw.<\/p>\n<\/li>\n<li data-start=\"905\" data-end=\"956\">\n<p data-start=\"907\" data-end=\"956\"><strong data-start=\"907\" data-end=\"927\">Sparpack:<\/strong> 10 Schw\u00e4mme zu je 100 g.<\/p>\n<\/li>\n<\/ul>\n<p data-start=\"958\" data-end=\"1080\"><strong data-start=\"958\" data-end=\"975\">Ideal f\u00fcr:<\/strong><br data-start=\"975\" data-end=\"978\">Arbeitsfl\u00e4chen, Edelstahlutensilien, T\u00f6pfe, Kochplatten, Grills, professionelle Ger\u00e4te\u2026<\/p>\n<p data-start=\"1082\" data-end=\"1199\">Entscheiden Sie sich f\u00fcr eine zuverl\u00e4ssige, langlebige und leistungsstarke Reinigungsl\u00f6sung mit diesen professionellen Edelstahl-Spiralreinigern!<\/p>\n","protected":false},"excerpt":{"rendered":"<p>Der professionelle Edelstahl-Spiralreiniger reinigt effizient und ist absolut rostfrei. Er bietet hervorragende Reinigungseigenschaften. <\/p>\n<p><strong><span style=\"color: #008000;\">Art.-Nr.: 5518<\/span><\/strong><\/p>\n","protected":false},"featured_media":30370,"template":"","meta":[],"product_brand":[],"product_cat":[573,609],"product_tag":[],"class_list":{"0":"post-30367","1":"product","2":"type-product","3":"status-publish","4":"has-post-thumbnail","6":"product_cat-kuchenhygiene","7":"product_cat-schwamme","9":"first","10":"instock","11":"taxable","12":"shipping-taxable","13":"purchasable","14":"product-type-simple"},"acf":[],"_links":{"self":[{"href":"https:\/\/serviclean.be\/de\/wp-json\/wp\/v2\/product\/30367","targetHints":{"allow":["GET"]}}],"collection":[{"href":"https:\/\/serviclean.be\/de\/wp-json\/wp\/v2\/product"}],"about":[{"href":"https:\/\/serviclean.be\/de\/wp-json\/wp\/v2\/types\/product"}],"wp:featuredmedia":[{"embeddable":true,"href":"https:\/\/serviclean.be\/de\/wp-json\/wp\/v2\/media\/30370"}],"wp:attachment":[{"href":"https:\/\/serviclean.be\/de\/wp-json\/wp\/v2\/media?parent=30367"}],"wp:term":[{"taxonomy":"product_brand","embeddable":true,"href":"https:\/\/serviclean.be\/de\/wp-json\/wp\/v2\/product_brand?post=30367"},{"taxonomy":"product_cat","embeddable":true,"href":"https:\/\/serviclean.be\/de\/wp-json\/wp\/v2\/product_cat?post=30367"},{"taxonomy":"product_tag","embeddable":true,"href":"https:\/\/serviclean.be\/de\/wp-json\/wp\/v2\/product_tag?post=30367"}],"curies":[{"name":"wp","href":"https:\/\/api.w.org\/{rel}","templated":true}]}}