{"id":30355,"date":"2019-11-24T15:42:52","date_gmt":"2019-11-24T14:42:52","guid":{"rendered":"https:\/\/serviclean.be\/produit\/pflanzenschwamm-mit-gruener-scheuerseite-gross-14x8x25-cm-10-stk\/"},"modified":"2019-11-24T15:42:52","modified_gmt":"2019-11-24T14:42:52","slug":"pflanzenschwamm-mit-gruener-scheuerseite-gross-14x8x25-cm-10-stk","status":"publish","type":"product","link":"https:\/\/serviclean.be\/de\/produit\/pflanzenschwamm-mit-gruener-scheuerseite-gross-14x8x25-cm-10-stk\/","title":{"rendered":"Pflanzenschwamm mit gr\u00fcner Scheuerseite gro\u00df (14x8x2,5 cm) \u2013 10 Stk."},"content":{"rendered":"","protected":false},"excerpt":{"rendered":"<p>Pflanzenschwamm mit gr\u00fcner Scheuerseite gro\u00df (14x8x2,5 cm), 10 Stk. Professionell, <\/p>\n<p>f\u00fcr alle Zwecke geeignet: Geschirrsp\u00fclen, Oberfl\u00e4chenreinigung&#8230; <u>F\u00dcR DIE HORECA (Hotels, Restaurants, Caf\u00e9s)<\/u><\/p>\n<p><strong><span style=\"color: #008000;\">Ref: 5628<\/span><\/strong><\/p>\n","protected":false},"featured_media":30366,"template":"","meta":[],"product_brand":[],"product_cat":[573,609],"product_tag":[],"class_list":{"0":"post-30355","1":"product","2":"type-product","3":"status-publish","4":"has-post-thumbnail","6":"product_cat-kuchenhygiene","7":"product_cat-schwamme","9":"first","10":"instock","11":"taxable","12":"shipping-taxable","13":"purchasable","14":"product-type-simple"},"acf":[],"_links":{"self":[{"href":"https:\/\/serviclean.be\/de\/wp-json\/wp\/v2\/product\/30355","targetHints":{"allow":["GET"]}}],"collection":[{"href":"https:\/\/serviclean.be\/de\/wp-json\/wp\/v2\/product"}],"about":[{"href":"https:\/\/serviclean.be\/de\/wp-json\/wp\/v2\/types\/product"}],"wp:featuredmedia":[{"embeddable":true,"href":"https:\/\/serviclean.be\/de\/wp-json\/wp\/v2\/media\/30366"}],"wp:attachment":[{"href":"https:\/\/serviclean.be\/de\/wp-json\/wp\/v2\/media?parent=30355"}],"wp:term":[{"taxonomy":"product_brand","embeddable":true,"href":"https:\/\/serviclean.be\/de\/wp-json\/wp\/v2\/product_brand?post=30355"},{"taxonomy":"product_cat","embeddable":true,"href":"https:\/\/serviclean.be\/de\/wp-json\/wp\/v2\/product_cat?post=30355"},{"taxonomy":"product_tag","embeddable":true,"href":"https:\/\/serviclean.be\/de\/wp-json\/wp\/v2\/product_tag?post=30355"}],"curies":[{"name":"wp","href":"https:\/\/api.w.org\/{rel}","templated":true}]}}