{"id":30354,"date":"2019-10-20T16:14:45","date_gmt":"2019-10-20T14:14:45","guid":{"rendered":"https:\/\/serviclean.be\/produit\/staubsauger-numatic-ppr-240-rot\/"},"modified":"2019-10-20T16:14:45","modified_gmt":"2019-10-20T14:14:45","slug":"staubsauger-numatic-ppr-240-rot","status":"publish","type":"product","link":"https:\/\/serviclean.be\/de\/produit\/staubsauger-numatic-ppr-240-rot\/","title":{"rendered":"STAUBSAUGER NUMATIC PPR 240 ROT"},"content":{"rendered":"<p data-rm-block-id=\"block-1\">Der Staubsauger Numatic PPR 240 ist eine Referenzwahl unter Reinigungsprofis.<\/p>\n<p data-rm-block-id=\"block-2\">Dieser Staubsauger ist sowohl langlebig als auch leise. Er zeichnet sich durch sein gro\u00dfes Nutzvolumen und seine hohe Saugleistung aus, w\u00e4hrend er nur 620 Watt verbraucht, was ihn besonders energieeffizient macht. Das Ger\u00e4t entspricht den strengsten Energienormen.  <\/p>\n<p data-rm-block-id=\"block-3\">F\u00fcr einen Hauch von Originalit\u00e4t kann der Staubsauger mit dem ber\u00fchmten Gesicht von Henry, dem kultigen Maskottchen der Marke Numatic, ausgestattet werden.<\/p>\n<p data-rm-block-id=\"block-4\"><span style=\"color: #50b848;\"><strong>Ref.: 5310<\/strong><\/span><\/p>\n","protected":false},"excerpt":{"rendered":"<p>STAUBSAUGER NUMATIC PPR 240 ROT, inkl. Zubeh\u00f6r-Kit.<br \/>\n<span style=\"color: #008000;\">Ref.: 5310<\/span><\/p>\n","protected":false},"featured_media":30362,"template":"","meta":[],"product_brand":[],"product_cat":[606],"product_tag":[623],"class_list":{"0":"post-30354","1":"product","2":"type-product","3":"status-publish","4":"has-post-thumbnail","6":"product_cat-reinigungswagen-staubsauger","7":"product_tag-numatic","9":"first","10":"onbackorder","11":"taxable","12":"shipping-taxable","13":"purchasable","14":"product-type-simple"},"acf":[],"_links":{"self":[{"href":"https:\/\/serviclean.be\/de\/wp-json\/wp\/v2\/product\/30354","targetHints":{"allow":["GET"]}}],"collection":[{"href":"https:\/\/serviclean.be\/de\/wp-json\/wp\/v2\/product"}],"about":[{"href":"https:\/\/serviclean.be\/de\/wp-json\/wp\/v2\/types\/product"}],"wp:featuredmedia":[{"embeddable":true,"href":"https:\/\/serviclean.be\/de\/wp-json\/wp\/v2\/media\/30362"}],"wp:attachment":[{"href":"https:\/\/serviclean.be\/de\/wp-json\/wp\/v2\/media?parent=30354"}],"wp:term":[{"taxonomy":"product_brand","embeddable":true,"href":"https:\/\/serviclean.be\/de\/wp-json\/wp\/v2\/product_brand?post=30354"},{"taxonomy":"product_cat","embeddable":true,"href":"https:\/\/serviclean.be\/de\/wp-json\/wp\/v2\/product_cat?post=30354"},{"taxonomy":"product_tag","embeddable":true,"href":"https:\/\/serviclean.be\/de\/wp-json\/wp\/v2\/product_tag?post=30354"}],"curies":[{"name":"wp","href":"https:\/\/api.w.org\/{rel}","templated":true}]}}