{"id":30350,"date":"2019-10-20T23:43:33","date_gmt":"2019-10-20T21:43:33","guid":{"rendered":"https:\/\/serviclean.be\/produit\/kontrollierter-toilettenpapierspender-anti-verschwendung-und-hygiene\/"},"modified":"2019-10-20T23:43:33","modified_gmt":"2019-10-20T21:43:33","slug":"kontrollierter-toilettenpapierspender-anti-verschwendung-und-hygiene","status":"publish","type":"product","link":"https:\/\/serviclean.be\/de\/produit\/kontrollierter-toilettenpapierspender-anti-verschwendung-und-hygiene\/","title":{"rendered":"Kontrollierter Toilettenpapierspender \u2013 Anti-Verschwendung und Hygiene"},"content":{"rendered":"<p>Der kontrollierte Toilettenpapierspender wurde entwickelt, um den Verbrauch von Toilettenpapier zu optimieren und gleichzeitig Verschwendung zu reduzieren. Dank seines Ausgabe-Systems Blatt f\u00fcr Blatt oder portionsweise gew\u00e4hrleistet er eine effiziente Papierverwaltung in stark frequentierten Sanit\u00e4rbereichen wie Unternehmen, Schulen und \u00f6ffentlichen Einrichtungen. Dieses Modell bietet verbesserte Hygiene und erleichtert die Wartung durch einfaches und schnelles Nachf\u00fcllen. Kompatibel mit verschiedenen Papierformaten passt er sich allen professionellen Strukturen an.   <\/p>\n<p><strong>Technische Daten:<\/strong><\/p>\n<ul>\n<li>Ausgabesystem: Blatt f\u00fcr Blatt oder portionsweise<\/li>\n<li>Ideal f\u00fcr: Unternehmen, Schulen, \u00f6ffentliche Einrichtungen, \u00f6ffentliche Sanit\u00e4ranlagen<\/li>\n<li>Reduzierung von Verschwendung: Ja, dank pr\u00e4ziser Dosierung<\/li>\n<li>Kompatibilit\u00e4t: Verschiedene Papierformate<\/li>\n<li>Material: Robust und leicht zu reinigen<\/li>\n<li>Installation: Wandmontage, f\u00fcr optimale Platzersparnis<\/li>\n<li>Wartung: Vereinfacht, Beh\u00e4lter leicht nachzuf\u00fcllen<\/li>\n<\/ul>\n<p><img decoding=\"async\" class=\"wp-image-1803 size-full\" title=\"TECHNISCHE MERKMALE Toilettenpapierspender\" src=\"https:\/\/serviclean.be\/wp-content\/uploads\/2019\/10\/CARACT%C3%89RISTIQUES-TECHNIQUES-Distributeurs-Papier-toilette.png\" alt=\"TECHNISCHE MERKMALE Toilettenpapierspender\" width=\"466\" height=\"319\"><\/p>\n","protected":false},"excerpt":{"rendered":"<p>Optimieren Sie die Hygiene und reduzieren Sie Verschwendung mit diesem kontrollierten Toilettenpapierspender. Perfekt f\u00fcr stark frequentierte \u00f6ffentliche und professionelle Sanit\u00e4rbereiche. <\/p>\n<p><span style=\"color: #008000;\"><strong>Ref.: 5274<\/strong><\/span><\/p>\n","protected":false},"featured_media":29034,"template":"","meta":[],"product_brand":[],"product_cat":[588],"product_tag":[],"class_list":{"0":"post-30350","1":"product","2":"type-product","3":"status-publish","4":"has-post-thumbnail","6":"product_cat-spender-und-toilettenpapier","8":"first","9":"instock","10":"taxable","11":"shipping-taxable","12":"purchasable","13":"product-type-variable"},"acf":[],"_links":{"self":[{"href":"https:\/\/serviclean.be\/de\/wp-json\/wp\/v2\/product\/30350","targetHints":{"allow":["GET"]}}],"collection":[{"href":"https:\/\/serviclean.be\/de\/wp-json\/wp\/v2\/product"}],"about":[{"href":"https:\/\/serviclean.be\/de\/wp-json\/wp\/v2\/types\/product"}],"wp:featuredmedia":[{"embeddable":true,"href":"https:\/\/serviclean.be\/de\/wp-json\/wp\/v2\/media\/29034"}],"wp:attachment":[{"href":"https:\/\/serviclean.be\/de\/wp-json\/wp\/v2\/media?parent=30350"}],"wp:term":[{"taxonomy":"product_brand","embeddable":true,"href":"https:\/\/serviclean.be\/de\/wp-json\/wp\/v2\/product_brand?post=30350"},{"taxonomy":"product_cat","embeddable":true,"href":"https:\/\/serviclean.be\/de\/wp-json\/wp\/v2\/product_cat?post=30350"},{"taxonomy":"product_tag","embeddable":true,"href":"https:\/\/serviclean.be\/de\/wp-json\/wp\/v2\/product_tag?post=30350"}],"curies":[{"name":"wp","href":"https:\/\/api.w.org\/{rel}","templated":true}]}}