{"id":30349,"date":"2019-11-25T22:49:58","date_gmt":"2019-11-25T21:49:58","guid":{"rendered":"https:\/\/serviclean.be\/produit\/abfalleimer-mit-schwingdeckel-25-50-liter\/"},"modified":"2019-11-25T22:49:58","modified_gmt":"2019-11-25T21:49:58","slug":"abfalleimer-mit-schwingdeckel-25-50-liter","status":"publish","type":"product","link":"https:\/\/serviclean.be\/de\/produit\/abfalleimer-mit-schwingdeckel-25-50-liter\/","title":{"rendered":"Abfalleimer mit Schwingdeckel 25 \/ 50 Liter"},"content":{"rendered":"","protected":false},"excerpt":{"rendered":"<p>Abfalleimer mit Schwingdeckel 25 \/ 50 Liter f\u00fcr K\u00fcchen, Hotels, Restaurants, Krankenh\u00e4user, Operationss\u00e4le und Labore. Mit abgerundeten Ecken, leicht zu reinigen. <\/p>\n<p><span style=\"color: #008000;\"><strong>Ref: 5762, 2140<\/strong><\/span><\/p>\n","protected":false},"featured_media":30352,"template":"","meta":[],"product_brand":[],"product_cat":[572],"product_tag":[],"class_list":{"0":"post-30349","1":"product","2":"type-product","3":"status-publish","4":"has-post-thumbnail","6":"product_cat-mulleimer","8":"first","9":"instock","10":"taxable","11":"shipping-taxable","12":"purchasable","13":"product-type-variable"},"acf":[],"_links":{"self":[{"href":"https:\/\/serviclean.be\/de\/wp-json\/wp\/v2\/product\/30349","targetHints":{"allow":["GET"]}}],"collection":[{"href":"https:\/\/serviclean.be\/de\/wp-json\/wp\/v2\/product"}],"about":[{"href":"https:\/\/serviclean.be\/de\/wp-json\/wp\/v2\/types\/product"}],"wp:featuredmedia":[{"embeddable":true,"href":"https:\/\/serviclean.be\/de\/wp-json\/wp\/v2\/media\/30352"}],"wp:attachment":[{"href":"https:\/\/serviclean.be\/de\/wp-json\/wp\/v2\/media?parent=30349"}],"wp:term":[{"taxonomy":"product_brand","embeddable":true,"href":"https:\/\/serviclean.be\/de\/wp-json\/wp\/v2\/product_brand?post=30349"},{"taxonomy":"product_cat","embeddable":true,"href":"https:\/\/serviclean.be\/de\/wp-json\/wp\/v2\/product_cat?post=30349"},{"taxonomy":"product_tag","embeddable":true,"href":"https:\/\/serviclean.be\/de\/wp-json\/wp\/v2\/product_tag?post=30349"}],"curies":[{"name":"wp","href":"https:\/\/api.w.org\/{rel}","templated":true}]}}