{"id":30327,"date":"2019-10-21T01:23:03","date_gmt":"2019-10-20T23:23:03","guid":{"rendered":"https:\/\/serviclean.be\/produit\/handtuchspender-600-tuecher-weiss-braun\/"},"modified":"2019-10-21T01:23:03","modified_gmt":"2019-10-20T23:23:03","slug":"handtuchspender-600-tuecher-weiss-braun","status":"publish","type":"product","link":"https:\/\/serviclean.be\/de\/produit\/handtuchspender-600-tuecher-weiss-braun\/","title":{"rendered":"Handtuchspender 600 T\u00fccher Wei\u00df\/Braun"},"content":{"rendered":"<p>Der Handtuchspender 600 T\u00fccher Wei\u00df\/Braun ist f\u00fcr den intensiven Einsatz in professionellen Umgebungen konzipiert: Sanit\u00e4rbereiche, K\u00fcchen, Gemeinschaftseinrichtungen, Gesundheitseinrichtungen oder \u00f6ffentliche Orte. Er fasst bis zu 600 gefaltete T\u00fccher (ineinander verschachtelt oder Z-Falz) und sorgt f\u00fcr eine wirtschaftliche und hygienische Einzelblattentnahme. Aus robustem Material gefertigt, ist er in Wei\u00df oder Braun erh\u00e4ltlich und passt sich problemlos an alle R\u00e4ume an. Einfach nachzuf\u00fcllen und zu reinigen.   <\/p>\n<p><img decoding=\"async\" class=\"wp-image-1816 \" title=\"Handtuchspender 600 Blatt\" src=\"https:\/\/serviclean.be\/wp-content\/uploads\/2019\/10\/Distributeur-essuie-mains-600-feuilles.png\" alt=\"Handtuchspender 600 Blatt\" width=\"320\" height=\"201\" srcset=\"https:\/\/serviclean.be\/wp-content\/uploads\/2019\/10\/Distributeur-essuie-mains-600-feuilles.png 463w, https:\/\/serviclean.be\/wp-content\/uploads\/2019\/10\/Distributeur-essuie-mains-600-feuilles-300x188.png 300w\" sizes=\"(max-width: 320px) 100vw, 320px\" \/><\/p>\n","protected":false},"excerpt":{"rendered":"<p>Handtuchspender 600 T\u00fccher, wei\u00df oder braun. Robust, hohe Kapazit\u00e4t, ideal f\u00fcr Sanit\u00e4rbereiche, Gemeinschaftseinrichtungen, K\u00fcchen usw. <\/p>\n<p><span style=\"color: #008000;\"><strong>Ref.: 5272, 5270<\/strong><\/span><\/p>\n","protected":false},"featured_media":29541,"template":"","meta":[],"product_brand":[],"product_cat":[585,598],"product_tag":[],"class_list":{"0":"post-30327","1":"product","2":"type-product","3":"status-publish","4":"has-post-thumbnail","6":"product_cat-handtuchspender","7":"product_cat-hygiene-reinigung","9":"first","10":"instock","11":"taxable","12":"shipping-taxable","13":"purchasable","14":"product-type-variable"},"acf":[],"_links":{"self":[{"href":"https:\/\/serviclean.be\/de\/wp-json\/wp\/v2\/product\/30327","targetHints":{"allow":["GET"]}}],"collection":[{"href":"https:\/\/serviclean.be\/de\/wp-json\/wp\/v2\/product"}],"about":[{"href":"https:\/\/serviclean.be\/de\/wp-json\/wp\/v2\/types\/product"}],"wp:featuredmedia":[{"embeddable":true,"href":"https:\/\/serviclean.be\/de\/wp-json\/wp\/v2\/media\/29541"}],"wp:attachment":[{"href":"https:\/\/serviclean.be\/de\/wp-json\/wp\/v2\/media?parent=30327"}],"wp:term":[{"taxonomy":"product_brand","embeddable":true,"href":"https:\/\/serviclean.be\/de\/wp-json\/wp\/v2\/product_brand?post=30327"},{"taxonomy":"product_cat","embeddable":true,"href":"https:\/\/serviclean.be\/de\/wp-json\/wp\/v2\/product_cat?post=30327"},{"taxonomy":"product_tag","embeddable":true,"href":"https:\/\/serviclean.be\/de\/wp-json\/wp\/v2\/product_tag?post=30327"}],"curies":[{"name":"wp","href":"https:\/\/api.w.org\/{rel}","templated":true}]}}