{"id":30324,"date":"2019-11-11T22:53:28","date_gmt":"2019-11-11T21:53:28","guid":{"rendered":"https:\/\/serviclean.be\/produit\/glaeserbuerste-effektive-und-gruendliche-reinigung\/"},"modified":"2019-11-11T22:53:28","modified_gmt":"2019-11-11T21:53:28","slug":"glaeserbuerste-effektive-und-gruendliche-reinigung","status":"publish","type":"product","link":"https:\/\/serviclean.be\/de\/produit\/glaeserbuerste-effektive-und-gruendliche-reinigung\/","title":{"rendered":"Gl\u00e4serb\u00fcrste \u2013 Effektive und gr\u00fcndliche Reinigung"},"content":{"rendered":"<p>Diese Gl\u00e4serb\u00fcrste ist speziell entwickelt, um hartn\u00e4ckige Flecken und Schmutz auf Ihren Gl\u00e4sern zu entfernen. Ihre weichen Borsten erreichen m\u00fchelos alle Ecken und Winkel, auch auf glatten Oberfl\u00e4chen. Reinigen Sie Ihre Gl\u00e4ser schnell und effektiv mit dieser hochwertigen B\u00fcrste.  <\/p>\n","protected":false},"excerpt":{"rendered":"<p>Gl\u00e4serb\u00fcrste mit weichen Borsten f\u00fcr eine gr\u00fcndliche und m\u00fchelose Reinigung von Gl\u00e4sern und glatten Oberfl\u00e4chen.<\/p>\n<p><span style=\"color: #008000;\"><strong>Art.-Nr.: 0395<\/strong><\/span><\/p>\n","protected":false},"featured_media":30325,"template":"","meta":[],"product_brand":[],"product_cat":[594,660],"product_tag":[],"class_list":{"0":"post-30324","1":"product","2":"type-product","3":"status-publish","4":"has-post-thumbnail","6":"product_cat-bursten-und-abzieher","7":"product_cat-handgeschirrspulmittel","9":"first","10":"instock","11":"taxable","12":"shipping-taxable","13":"purchasable","14":"product-type-simple"},"acf":[],"_links":{"self":[{"href":"https:\/\/serviclean.be\/de\/wp-json\/wp\/v2\/product\/30324","targetHints":{"allow":["GET"]}}],"collection":[{"href":"https:\/\/serviclean.be\/de\/wp-json\/wp\/v2\/product"}],"about":[{"href":"https:\/\/serviclean.be\/de\/wp-json\/wp\/v2\/types\/product"}],"wp:featuredmedia":[{"embeddable":true,"href":"https:\/\/serviclean.be\/de\/wp-json\/wp\/v2\/media\/30325"}],"wp:attachment":[{"href":"https:\/\/serviclean.be\/de\/wp-json\/wp\/v2\/media?parent=30324"}],"wp:term":[{"taxonomy":"product_brand","embeddable":true,"href":"https:\/\/serviclean.be\/de\/wp-json\/wp\/v2\/product_brand?post=30324"},{"taxonomy":"product_cat","embeddable":true,"href":"https:\/\/serviclean.be\/de\/wp-json\/wp\/v2\/product_cat?post=30324"},{"taxonomy":"product_tag","embeddable":true,"href":"https:\/\/serviclean.be\/de\/wp-json\/wp\/v2\/product_tag?post=30324"}],"curies":[{"name":"wp","href":"https:\/\/api.w.org\/{rel}","templated":true}]}}