{"id":30294,"date":"2019-12-21T18:16:46","date_gmt":"2019-12-21T17:16:46","guid":{"rendered":"https:\/\/serviclean.be\/produit\/cif-professional-gel-mit-bleiche-2l\/"},"modified":"2019-12-21T18:16:46","modified_gmt":"2019-12-21T17:16:46","slug":"cif-professional-gel-mit-bleiche-2l","status":"publish","type":"product","link":"https:\/\/serviclean.be\/de\/produit\/cif-professional-gel-mit-bleiche-2l\/","title":{"rendered":"CIF PROFESSIONAL GEL MIT BLEICHE 2L"},"content":{"rendered":"<p>Universalreiniger mit Bleichmitteln. Cif Professional Gel mit Bleiche ist ein konzentrierter Universalreiniger mit Bleichmitteln f\u00fcr die hygienische Reinigung von Oberfl\u00e4chen in K\u00fcchen und Badezimmern. Konzentrierter Fl\u00fcssigreiniger mit Bleichmitteln zur Reinigung von Oberfl\u00e4chen in K\u00fcchen und Badezimmern. Eine ausgewogene Mischung aus anionischen Tensiden macht Cif Professional Gel mit Bleiche hochwirksam gegen Fett. Die Formulierung enth\u00e4lt zudem Bleichmittel zur effektiven Entfernung von Obst-, Tee-, Kaffee- und Proteinflecken.   <\/p>\n","protected":false},"excerpt":{"rendered":"<p>Cif Professional Gel mit Bleiche ist ein konzentrierter Universalreiniger mit Bleichmitteln f\u00fcr die hygienische Reinigung von Oberfl\u00e4chen in K\u00fcchen und Badezimmern. Konzentrierter Fl\u00fcssigreiniger mit Bleichmitteln zur Reinigung von Oberfl\u00e4chen in K\u00fcchen und Badezimmern. <\/p>\n<p><span style=\"color: #00a859;\"><strong>Ref.: 0528<\/strong><\/span><\/p>\n","protected":false},"featured_media":30307,"template":"","meta":[],"product_brand":[],"product_cat":[573,578],"product_tag":[],"class_list":{"0":"post-30294","1":"product","2":"type-product","3":"status-publish","4":"has-post-thumbnail","6":"product_cat-kuchenhygiene","7":"product_cat-pflegeprodukte","9":"first","10":"instock","11":"taxable","12":"shipping-taxable","13":"purchasable","14":"product-type-simple"},"acf":[],"_links":{"self":[{"href":"https:\/\/serviclean.be\/de\/wp-json\/wp\/v2\/product\/30294","targetHints":{"allow":["GET"]}}],"collection":[{"href":"https:\/\/serviclean.be\/de\/wp-json\/wp\/v2\/product"}],"about":[{"href":"https:\/\/serviclean.be\/de\/wp-json\/wp\/v2\/types\/product"}],"wp:featuredmedia":[{"embeddable":true,"href":"https:\/\/serviclean.be\/de\/wp-json\/wp\/v2\/media\/30307"}],"wp:attachment":[{"href":"https:\/\/serviclean.be\/de\/wp-json\/wp\/v2\/media?parent=30294"}],"wp:term":[{"taxonomy":"product_brand","embeddable":true,"href":"https:\/\/serviclean.be\/de\/wp-json\/wp\/v2\/product_brand?post=30294"},{"taxonomy":"product_cat","embeddable":true,"href":"https:\/\/serviclean.be\/de\/wp-json\/wp\/v2\/product_cat?post=30294"},{"taxonomy":"product_tag","embeddable":true,"href":"https:\/\/serviclean.be\/de\/wp-json\/wp\/v2\/product_tag?post=30294"}],"curies":[{"name":"wp","href":"https:\/\/api.w.org\/{rel}","templated":true}]}}