{"id":30285,"date":"2021-01-13T14:07:49","date_gmt":"2021-01-13T13:07:49","guid":{"rendered":"https:\/\/serviclean.be\/produit\/dosapumpe-mit-pvc-auslaufschlauch\/"},"modified":"2021-01-13T14:07:49","modified_gmt":"2021-01-13T13:07:49","slug":"dosapumpe-mit-pvc-auslaufschlauch","status":"publish","type":"product","link":"https:\/\/serviclean.be\/de\/produit\/dosapumpe-mit-pvc-auslaufschlauch\/","title":{"rendered":"Dosapumpe mit PVC-Auslaufschlauch"},"content":{"rendered":"","protected":false},"excerpt":{"rendered":"<p>Eine einfache und praktische L\u00f6sung f\u00fcr die manuelle Dosierung aller Produkte. Ideal f\u00fcr Hotels, Restaurants, Schulen, K\u00fcchen\u2026 <\/p>\n<p><span style=\"color: #008000;\"><strong>Art.-Nr.: 5611<\/strong><\/span><\/p>\n","protected":false},"featured_media":30302,"template":"","meta":[],"product_brand":[],"product_cat":[646],"product_tag":[],"class_list":{"0":"post-30285","1":"product","2":"type-product","3":"status-publish","4":"has-post-thumbnail","6":"product_cat-dosiersystem","8":"first","9":"instock","10":"taxable","11":"shipping-taxable","12":"purchasable","13":"product-type-simple"},"acf":[],"_links":{"self":[{"href":"https:\/\/serviclean.be\/de\/wp-json\/wp\/v2\/product\/30285","targetHints":{"allow":["GET"]}}],"collection":[{"href":"https:\/\/serviclean.be\/de\/wp-json\/wp\/v2\/product"}],"about":[{"href":"https:\/\/serviclean.be\/de\/wp-json\/wp\/v2\/types\/product"}],"wp:featuredmedia":[{"embeddable":true,"href":"https:\/\/serviclean.be\/de\/wp-json\/wp\/v2\/media\/30302"}],"wp:attachment":[{"href":"https:\/\/serviclean.be\/de\/wp-json\/wp\/v2\/media?parent=30285"}],"wp:term":[{"taxonomy":"product_brand","embeddable":true,"href":"https:\/\/serviclean.be\/de\/wp-json\/wp\/v2\/product_brand?post=30285"},{"taxonomy":"product_cat","embeddable":true,"href":"https:\/\/serviclean.be\/de\/wp-json\/wp\/v2\/product_cat?post=30285"},{"taxonomy":"product_tag","embeddable":true,"href":"https:\/\/serviclean.be\/de\/wp-json\/wp\/v2\/product_tag?post=30285"}],"curies":[{"name":"wp","href":"https:\/\/api.w.org\/{rel}","templated":true}]}}