{"id":30266,"date":"2019-12-21T18:13:29","date_gmt":"2019-12-21T17:13:29","guid":{"rendered":"https:\/\/serviclean.be\/produit\/professioneller-kraftvoller-entfetter-clean-2000-light-1-l-5-l\/"},"modified":"2019-12-21T18:13:29","modified_gmt":"2019-12-21T17:13:29","slug":"professioneller-kraftvoller-entfetter-clean-2000-light-1-l-5-l","status":"publish","type":"product","link":"https:\/\/serviclean.be\/de\/produit\/professioneller-kraftvoller-entfetter-clean-2000-light-1-l-5-l\/","title":{"rendered":"Professioneller kraftvoller Entfetter Clean 2000 Light 1 l\/5 l"},"content":{"rendered":"<p>Clean 2000 Light 1 l \/ 5 l ist ein alkalischer Mehrzweck-Entfetterreiniger, entwickelt f\u00fcr eine vollst\u00e4ndige Reinigung auf allen abwaschbaren Oberfl\u00e4chen. Das Entfetterprodukt Nr. 1 f\u00fcr Profis, die Leistung, Vielseitigkeit und Anwendungssicherheit suchen. <\/p>\n<p>Seine Formel auf Basis aktiver alkalischer Wirkstoffe bek\u00e4mpft effektiv alle Fette, eingebrannte R\u00fcckst\u00e4nde, Nikotinspuren, Karosserieverschmutzungen sowie mechanisches Fett. Clean 2000 Light wirkt schnell, ohne empfindliche Oberfl\u00e4chen zu besch\u00e4digen, und eignet sich besonders f\u00fcr: <\/p>\n<ul>\n<li>PVC-Oberfl\u00e4chen<\/li>\n<li>Durch Rauch vergilbte W\u00e4nde und Decken<\/li>\n<li>Karosserien und Industrieausr\u00fcstung<\/li>\n<li>K\u00fcchen, Werkst\u00e4tten, Garagen, Gemeinschaftseinrichtungen usw.<\/li>\n<\/ul>\n<p>Einfach manuell oder mit Reinigungsger\u00e4ten (Spr\u00fchger\u00e4t, Scheuersaugmaschine &#8230;) anzuwenden, sorgt es f\u00fcr ein sauberes, streifenfreies Ergebnis und entfernt selbst hartn\u00e4ckigste Flecken schnell.<\/p>\n","protected":false},"excerpt":{"rendered":"<p><strong>Clean 2000 Light<\/strong> ist ein <strong>kraftvoller Entfetter<\/strong>, der speziell entwickelt wurde, um selbst unter extremen Bedingungen die hartn\u00e4ckigsten Fette schnell zu entfernen. Ein echter kraftvoller Entfetter.  <strong style=\"color: #008000;\">Ref.: 11435, 0549<\/strong><\/p>\n","protected":false},"featured_media":28391,"template":"","meta":[],"product_brand":[],"product_cat":[605,597,573,578],"product_tag":[582],"class_list":{"0":"post-30266","1":"product","2":"type-product","3":"status-publish","4":"has-post-thumbnail","6":"product_cat-entfettungsprodukte","7":"product_cat-fettloser","8":"product_cat-kuchenhygiene","9":"product_cat-pflegeprodukte","10":"product_tag-servi-clean","12":"first","13":"instock","14":"taxable","15":"shipping-taxable","16":"purchasable","17":"product-type-variable"},"acf":[],"_links":{"self":[{"href":"https:\/\/serviclean.be\/de\/wp-json\/wp\/v2\/product\/30266","targetHints":{"allow":["GET"]}}],"collection":[{"href":"https:\/\/serviclean.be\/de\/wp-json\/wp\/v2\/product"}],"about":[{"href":"https:\/\/serviclean.be\/de\/wp-json\/wp\/v2\/types\/product"}],"wp:featuredmedia":[{"embeddable":true,"href":"https:\/\/serviclean.be\/de\/wp-json\/wp\/v2\/media\/28391"}],"wp:attachment":[{"href":"https:\/\/serviclean.be\/de\/wp-json\/wp\/v2\/media?parent=30266"}],"wp:term":[{"taxonomy":"product_brand","embeddable":true,"href":"https:\/\/serviclean.be\/de\/wp-json\/wp\/v2\/product_brand?post=30266"},{"taxonomy":"product_cat","embeddable":true,"href":"https:\/\/serviclean.be\/de\/wp-json\/wp\/v2\/product_cat?post=30266"},{"taxonomy":"product_tag","embeddable":true,"href":"https:\/\/serviclean.be\/de\/wp-json\/wp\/v2\/product_tag?post=30266"}],"curies":[{"name":"wp","href":"https:\/\/api.w.org\/{rel}","templated":true}]}}