{"id":30258,"date":"2021-01-28T19:11:54","date_gmt":"2021-01-28T18:11:54","guid":{"rendered":"https:\/\/serviclean.be\/produit\/weisser-muellsack-restmuell-bruessel-30-60-l\/"},"modified":"2021-01-28T19:11:54","modified_gmt":"2021-01-28T18:11:54","slug":"weisser-muellsack-restmuell-bruessel-30-60-l","status":"publish","type":"product","link":"https:\/\/serviclean.be\/de\/produit\/weisser-muellsack-restmuell-bruessel-30-60-l\/","title":{"rendered":"Wei\u00dfer M\u00fcllsack Restm\u00fcll Br\u00fcssel 30\/60 l"},"content":{"rendered":"<p data-rm-block-id=\"block-1\">Dieser wei\u00dfe M\u00fcllsack wurde speziell entwickelt, um die strengen Normen von Bruxelles Propret\u00e9 zu erf\u00fcllen. So ist gew\u00e4hrleistet, dass Sie die lokalen Vorschriften einhalten. Mit einem Fassungsverm\u00f6gen von 30 oder 60 Litern ist dieser Sack in gro\u00dfen Mengen erh\u00e4ltlich, um all Ihren Anforderungen an die Abfallentsorgung gerecht zu werden. <\/p>\n","protected":false},"excerpt":{"rendered":"<p>Der wei\u00dfe M\u00fcllsack f\u00fcr Restm\u00fcll in Br\u00fcssel wird in zwei praktischen Formaten mit 30 und 60 Litern angeboten. Dieses Produkt wurde entwickelt, um die Abfallentsorgung zu erleichtern und gleichzeitig die geltenden Umweltstandards einzuhalten.<br \/>\n<strong><span style=\"color: #008000;\">Ref.: 8018, 10577<\/span><\/strong><\/p>\n","protected":false},"featured_media":30267,"template":"","meta":[],"product_brand":[],"product_cat":[652],"product_tag":[],"class_list":{"0":"post-30258","1":"product","2":"type-product","3":"status-publish","4":"has-post-thumbnail","6":"product_cat-mullsacke","8":"first","9":"instock","10":"taxable","11":"shipping-taxable","12":"purchasable","13":"product-type-variable"},"acf":[],"_links":{"self":[{"href":"https:\/\/serviclean.be\/de\/wp-json\/wp\/v2\/product\/30258","targetHints":{"allow":["GET"]}}],"collection":[{"href":"https:\/\/serviclean.be\/de\/wp-json\/wp\/v2\/product"}],"about":[{"href":"https:\/\/serviclean.be\/de\/wp-json\/wp\/v2\/types\/product"}],"wp:featuredmedia":[{"embeddable":true,"href":"https:\/\/serviclean.be\/de\/wp-json\/wp\/v2\/media\/30267"}],"wp:attachment":[{"href":"https:\/\/serviclean.be\/de\/wp-json\/wp\/v2\/media?parent=30258"}],"wp:term":[{"taxonomy":"product_brand","embeddable":true,"href":"https:\/\/serviclean.be\/de\/wp-json\/wp\/v2\/product_brand?post=30258"},{"taxonomy":"product_cat","embeddable":true,"href":"https:\/\/serviclean.be\/de\/wp-json\/wp\/v2\/product_cat?post=30258"},{"taxonomy":"product_tag","embeddable":true,"href":"https:\/\/serviclean.be\/de\/wp-json\/wp\/v2\/product_tag?post=30258"}],"curies":[{"name":"wp","href":"https:\/\/api.w.org\/{rel}","templated":true}]}}