{"id":30230,"date":"2020-02-15T14:19:06","date_gmt":"2020-02-15T13:19:06","guid":{"rendered":"https:\/\/serviclean.be\/produit\/wasserenthaertersalz-25-kg\/"},"modified":"2020-02-15T14:19:06","modified_gmt":"2020-02-15T13:19:06","slug":"wasserenthaertersalz-25-kg","status":"publish","type":"product","link":"https:\/\/serviclean.be\/de\/produit\/wasserenthaertersalz-25-kg\/","title":{"rendered":"Wasserenth\u00e4rtersalz 25 kg"},"content":{"rendered":"<div class=\"short-description\">\n<div class=\"std\">\n<p>SALZTABLETTEN, die Garantie f\u00fcr weiches Wasser!<\/p>\n<p>SALZTABLETTEN ist ein hochreines Salz, das in Form von runden Tabletten gepresst wird. Die hohe Qualit\u00e4t des Salzes beg\u00fcnstigt eine sehr effiziente Nutzung und eine l\u00e4ngere Lebensdauer des Wasserenth\u00e4rters.<br \/>\nSEL pro enth\u00e4lt weder Bindemittel noch andere Chemikalien. <\/p>\n<p>Die Salztabletten pro sind f\u00fcr alle Arten von Wasserenth\u00e4rtern geeignet.<br \/>\nAxal pro ist nicht f\u00fcr die Membran-Elektrolyse geeignet.<\/p>\n<\/div>\n<\/div>\n<p><strong>Verpackung<\/strong><\/p>\n<p>Sack 25 kg<\/p>\n","protected":false},"excerpt":{"rendered":"<p>Regeneriersalz 25 kg<\/p>\n<p><span style=\"color: #008000;\"><strong>Ref: 2517<\/strong><\/span><\/p>\n","protected":false},"featured_media":30251,"template":"","meta":[],"product_brand":[],"product_cat":[617],"product_tag":[],"class_list":{"0":"post-30230","1":"product","2":"type-product","3":"status-publish","4":"has-post-thumbnail","6":"product_cat-verschiedenes","8":"first","9":"instock","10":"taxable","11":"shipping-taxable","12":"purchasable","13":"product-type-simple"},"acf":[],"_links":{"self":[{"href":"https:\/\/serviclean.be\/de\/wp-json\/wp\/v2\/product\/30230","targetHints":{"allow":["GET"]}}],"collection":[{"href":"https:\/\/serviclean.be\/de\/wp-json\/wp\/v2\/product"}],"about":[{"href":"https:\/\/serviclean.be\/de\/wp-json\/wp\/v2\/types\/product"}],"wp:featuredmedia":[{"embeddable":true,"href":"https:\/\/serviclean.be\/de\/wp-json\/wp\/v2\/media\/30251"}],"wp:attachment":[{"href":"https:\/\/serviclean.be\/de\/wp-json\/wp\/v2\/media?parent=30230"}],"wp:term":[{"taxonomy":"product_brand","embeddable":true,"href":"https:\/\/serviclean.be\/de\/wp-json\/wp\/v2\/product_brand?post=30230"},{"taxonomy":"product_cat","embeddable":true,"href":"https:\/\/serviclean.be\/de\/wp-json\/wp\/v2\/product_cat?post=30230"},{"taxonomy":"product_tag","embeddable":true,"href":"https:\/\/serviclean.be\/de\/wp-json\/wp\/v2\/product_tag?post=30230"}],"curies":[{"name":"wp","href":"https:\/\/api.w.org\/{rel}","templated":true}]}}