{"id":30228,"date":"2021-01-27T16:55:03","date_gmt":"2021-01-27T15:55:03","guid":{"rendered":"https:\/\/serviclean.be\/produit\/tretmuelleimer-industriell-45l\/"},"modified":"2021-01-27T16:55:03","modified_gmt":"2021-01-27T15:55:03","slug":"tretmuelleimer-industriell-45l","status":"publish","type":"product","link":"https:\/\/serviclean.be\/de\/produit\/tretmuelleimer-industriell-45l\/","title":{"rendered":"TRETM\u00dcLLEIMER INDUSTRIELL 45L"},"content":{"rendered":"<ul>\n<li><strong>Farbe:<\/strong> Edelstahl matt<\/li>\n<li><strong>Gr\u00f6\u00dfe:<\/strong> B 370 mm L 370 mm H 590 mm<\/li>\n<\/ul>\n","protected":false},"excerpt":{"rendered":"<p>Robuster Tretm\u00fclleimer f\u00fcr den industriellen und\/oder professionellen Einsatz. Ausgestattet mit einem Soft-Closing-Deckel und einer Sackhalterung. Der Korpus steht auf F\u00fc\u00dfen. Dieser Beh\u00e4lter entspricht den HACCP-Normen.   <\/p>\n<p><strong><span style=\"color: #008000;\">REF: 5175<\/span><\/strong><\/p>\n","protected":false},"featured_media":30231,"template":"","meta":[],"product_brand":[],"product_cat":[572],"product_tag":[],"class_list":{"0":"post-30228","1":"product","2":"type-product","3":"status-publish","4":"has-post-thumbnail","6":"product_cat-mulleimer","8":"first","9":"instock","10":"taxable","11":"shipping-taxable","12":"purchasable","13":"product-type-simple"},"acf":[],"_links":{"self":[{"href":"https:\/\/serviclean.be\/de\/wp-json\/wp\/v2\/product\/30228","targetHints":{"allow":["GET"]}}],"collection":[{"href":"https:\/\/serviclean.be\/de\/wp-json\/wp\/v2\/product"}],"about":[{"href":"https:\/\/serviclean.be\/de\/wp-json\/wp\/v2\/types\/product"}],"wp:featuredmedia":[{"embeddable":true,"href":"https:\/\/serviclean.be\/de\/wp-json\/wp\/v2\/media\/30231"}],"wp:attachment":[{"href":"https:\/\/serviclean.be\/de\/wp-json\/wp\/v2\/media?parent=30228"}],"wp:term":[{"taxonomy":"product_brand","embeddable":true,"href":"https:\/\/serviclean.be\/de\/wp-json\/wp\/v2\/product_brand?post=30228"},{"taxonomy":"product_cat","embeddable":true,"href":"https:\/\/serviclean.be\/de\/wp-json\/wp\/v2\/product_cat?post=30228"},{"taxonomy":"product_tag","embeddable":true,"href":"https:\/\/serviclean.be\/de\/wp-json\/wp\/v2\/product_tag?post=30228"}],"curies":[{"name":"wp","href":"https:\/\/api.w.org\/{rel}","templated":true}]}}