{"id":30224,"date":"2021-02-06T15:11:27","date_gmt":"2021-02-06T14:11:27","guid":{"rendered":"https:\/\/serviclean.be\/produit\/professioneller-bodenabzieher-schwarz-45-55-75-cm\/"},"modified":"2021-02-06T15:11:27","modified_gmt":"2021-02-06T14:11:27","slug":"professioneller-bodenabzieher-schwarz-45-55-75-cm","status":"publish","type":"product","link":"https:\/\/serviclean.be\/de\/produit\/professioneller-bodenabzieher-schwarz-45-55-75-cm\/","title":{"rendered":"Professioneller Bodenabzieher schwarz 45\/55\/75 cm"},"content":{"rendered":"<p>Ein vielseitiger Bodenabzieher, perfekt f\u00fcr die Reinigung von Fliesen-, Guss- und unebenen B\u00f6den. Der Abzieher ist ideal f\u00fcr Fliesen, Badezimmer, K\u00fcchen, Schwimmb\u00e4der, Saunen und mehr. Er kann mit fast jedem Standardstiel verwendet werden.  <\/p>\n","protected":false},"excerpt":{"rendered":"<p>Der schwarze Bodenabzieher ist die Antwort auf all Ihre Probleme mit nassen B\u00f6den. Hergestellt aus professionellen, widerstandsf\u00e4higen Materialien und ausgestattet mit einem robusten, ergonomischen Stiel. <\/p>\n<p><strong>Art.-Nr.: 2204, 6363, 2199<\/strong><\/p>\n","protected":false},"featured_media":30225,"template":"","meta":[],"product_brand":[],"product_cat":[594],"product_tag":[],"class_list":{"0":"post-30224","1":"product","2":"type-product","3":"status-publish","4":"has-post-thumbnail","6":"product_cat-bursten-und-abzieher","8":"first","9":"instock","10":"taxable","11":"shipping-taxable","12":"purchasable","13":"product-type-variable"},"acf":[],"_links":{"self":[{"href":"https:\/\/serviclean.be\/de\/wp-json\/wp\/v2\/product\/30224","targetHints":{"allow":["GET"]}}],"collection":[{"href":"https:\/\/serviclean.be\/de\/wp-json\/wp\/v2\/product"}],"about":[{"href":"https:\/\/serviclean.be\/de\/wp-json\/wp\/v2\/types\/product"}],"wp:featuredmedia":[{"embeddable":true,"href":"https:\/\/serviclean.be\/de\/wp-json\/wp\/v2\/media\/30225"}],"wp:attachment":[{"href":"https:\/\/serviclean.be\/de\/wp-json\/wp\/v2\/media?parent=30224"}],"wp:term":[{"taxonomy":"product_brand","embeddable":true,"href":"https:\/\/serviclean.be\/de\/wp-json\/wp\/v2\/product_brand?post=30224"},{"taxonomy":"product_cat","embeddable":true,"href":"https:\/\/serviclean.be\/de\/wp-json\/wp\/v2\/product_cat?post=30224"},{"taxonomy":"product_tag","embeddable":true,"href":"https:\/\/serviclean.be\/de\/wp-json\/wp\/v2\/product_tag?post=30224"}],"curies":[{"name":"wp","href":"https:\/\/api.w.org\/{rel}","templated":true}]}}