{"id":30215,"date":"2021-02-28T22:27:39","date_gmt":"2021-02-28T21:27:39","guid":{"rendered":"https:\/\/serviclean.be\/produit\/salatschuessel-deckel-pp\/"},"modified":"2021-02-28T22:27:39","modified_gmt":"2021-02-28T21:27:39","slug":"salatschuessel-deckel-pp","status":"publish","type":"product","link":"https:\/\/serviclean.be\/de\/produit\/salatschuessel-deckel-pp\/","title":{"rendered":"Salatsch\u00fcssel-Deckel PP"},"content":{"rendered":"","protected":false},"excerpt":{"rendered":"<p>Deckel f\u00fcr Kraft-Salatsch\u00fcsseln 500\/750\/1000\/1300 ml, PP f\u00fcr warme Speisen.<\/p>\n","protected":false},"featured_media":0,"template":"","meta":[],"product_brand":[],"product_cat":[624],"product_tag":[],"class_list":{"0":"post-30215","1":"product","2":"type-product","3":"status-publish","5":"product_cat-catering","7":"first","8":"instock","9":"taxable","10":"shipping-taxable","11":"purchasable","12":"product-type-variable"},"acf":[],"_links":{"self":[{"href":"https:\/\/serviclean.be\/de\/wp-json\/wp\/v2\/product\/30215","targetHints":{"allow":["GET"]}}],"collection":[{"href":"https:\/\/serviclean.be\/de\/wp-json\/wp\/v2\/product"}],"about":[{"href":"https:\/\/serviclean.be\/de\/wp-json\/wp\/v2\/types\/product"}],"wp:attachment":[{"href":"https:\/\/serviclean.be\/de\/wp-json\/wp\/v2\/media?parent=30215"}],"wp:term":[{"taxonomy":"product_brand","embeddable":true,"href":"https:\/\/serviclean.be\/de\/wp-json\/wp\/v2\/product_brand?post=30215"},{"taxonomy":"product_cat","embeddable":true,"href":"https:\/\/serviclean.be\/de\/wp-json\/wp\/v2\/product_cat?post=30215"},{"taxonomy":"product_tag","embeddable":true,"href":"https:\/\/serviclean.be\/de\/wp-json\/wp\/v2\/product_tag?post=30215"}],"curies":[{"name":"wp","href":"https:\/\/api.w.org\/{rel}","templated":true}]}}