{"id":30194,"date":"2021-05-22T16:20:22","date_gmt":"2021-05-22T14:20:22","guid":{"rendered":"https:\/\/serviclean.be\/produit\/poltech-ultra-des-flaechendesinfektionsmittel-tp2-tp4\/"},"modified":"2021-05-22T16:20:22","modified_gmt":"2021-05-22T14:20:22","slug":"poltech-ultra-des-flaechendesinfektionsmittel-tp2-tp4","status":"publish","type":"product","link":"https:\/\/serviclean.be\/de\/produit\/poltech-ultra-des-flaechendesinfektionsmittel-tp2-tp4\/","title":{"rendered":"PolTech Ultra Des \u2013 Fl\u00e4chendesinfektionsmittel TP2 &amp; TP4"},"content":{"rendered":"<p>PolTech Ultra Des ist ein gebrauchsfertiger Desinfektionsreiniger (TP2 &amp; TP4), erh\u00e4ltlich in 750 ml oder 5 L, speziell entwickelt f\u00fcr die Reinigung und Desinfektion in einem Schritt aller waschbaren Oberfl\u00e4chen: Tische, Arbeitsfl\u00e4chen, Handl\u00e4ufe, Schalter usw.<\/p>\n<p>Seine parf\u00fcmfreie Formel mit alkalischem pH-Wert (10,5 \u00b11) ist geeignet f\u00fcr den Gesundheitsbereich, die allgemeine Reinigung sowie f\u00fcr die Anwendung auf nicht-kritischen Medizinprodukten. Es ist viruzid, bakterizid und levurizid, konform mit europ\u00e4ischen Normen: <\/p>\n<p>Bakterizid: EN1276, EN13697, EN13727 (medizinischer Bereich)<\/p>\n<p>Levurizid: EN1650, EN13697, EN13624 (medizinischer Bereich)<\/p>\n<p>Viruzid: EN14476 (beh\u00fcllte Viren, Adenovirus, Coronavirus)<\/p>\n<p>Zugelassenes Produkt unter der Nr. BE-REG-02235.<\/p>\n<p><strong>Technische Informationen<\/strong><\/p>\n<ul>\n<li>Produkttyp: Gebrauchsfertiger Desinfektionsreiniger<\/li>\n<li>Anwendung: TP2 (Humanhygiene) &amp; TP4 (Oberfl\u00e4chen in Kontakt mit Lebensmitteln oder Material)<\/li>\n<li>Formulierung: Ohne Parf\u00fcm<\/li>\n<li>pH-Wert: 10,5 \u00b11<\/li>\n<li>Normen:<\/li>\n<li>Bakterizid: EN1276, EN13697, EN13727<\/li>\n<li>Levurizid: EN1650, EN13697, EN13624<\/li>\n<li>Viruzid: EN14476 (beh\u00fcllte Viren, Adenovirus, Coronavirus)<\/li>\n<li>Kompatibilit\u00e4t: Nicht-kritische Medizinprodukte<\/li>\n<li>Anwendungsbereiche: Gesundheitswesen, allgemeine Reinigung, Gemeinschaftseinrichtungen, Gastronomie<\/li>\n<li>Kompatible Oberfl\u00e4chen: Tische, Arbeitsfl\u00e4chen, Handl\u00e4ufe, Schalter, nicht-kritische medizinische Ger\u00e4te<\/li>\n<li>Zulassungsnummer: BE-REG-02235<\/li>\n<li>Gebinde: Sprayflasche 750 ml \/ Kanister 5 L<\/li>\n<\/ul>\n","protected":false},"excerpt":{"rendered":"<p>Desinfektionsreiniger TP2 &amp; TP4 ohne Parf\u00fcm, f\u00fcr alle waschbaren Oberfl\u00e4chen. Viruzid, bakterizid, levurizid. Konform mit medizinischen Normen.<br \/>\n<span style=\"color: #008000;\"><strong>Art.-Nr.: 5233, 5232<\/strong><\/span><\/p>\n","protected":false},"featured_media":30204,"template":"","meta":[],"product_brand":[],"product_cat":[619,574],"product_tag":[],"class_list":{"0":"post-30194","1":"product","2":"type-product","3":"status-publish","4":"has-post-thumbnail","6":"product_cat-medizinische-hygiene","7":"product_cat-hand-und-flachendesinfektion","9":"first","10":"instock","11":"taxable","12":"shipping-taxable","13":"purchasable","14":"product-type-variable"},"acf":[],"_links":{"self":[{"href":"https:\/\/serviclean.be\/de\/wp-json\/wp\/v2\/product\/30194","targetHints":{"allow":["GET"]}}],"collection":[{"href":"https:\/\/serviclean.be\/de\/wp-json\/wp\/v2\/product"}],"about":[{"href":"https:\/\/serviclean.be\/de\/wp-json\/wp\/v2\/types\/product"}],"wp:featuredmedia":[{"embeddable":true,"href":"https:\/\/serviclean.be\/de\/wp-json\/wp\/v2\/media\/30204"}],"wp:attachment":[{"href":"https:\/\/serviclean.be\/de\/wp-json\/wp\/v2\/media?parent=30194"}],"wp:term":[{"taxonomy":"product_brand","embeddable":true,"href":"https:\/\/serviclean.be\/de\/wp-json\/wp\/v2\/product_brand?post=30194"},{"taxonomy":"product_cat","embeddable":true,"href":"https:\/\/serviclean.be\/de\/wp-json\/wp\/v2\/product_cat?post=30194"},{"taxonomy":"product_tag","embeddable":true,"href":"https:\/\/serviclean.be\/de\/wp-json\/wp\/v2\/product_tag?post=30194"}],"curies":[{"name":"wp","href":"https:\/\/api.w.org\/{rel}","templated":true}]}}