{"id":30148,"date":"2021-06-08T23:13:11","date_gmt":"2021-06-08T21:13:11","guid":{"rendered":"https:\/\/serviclean.be\/produit\/kenosept-fluessiges-haendedesinfektionsmittel-5-l-alkoholbasiert\/"},"modified":"2021-06-08T23:13:11","modified_gmt":"2021-06-08T21:13:11","slug":"kenosept-fluessiges-haendedesinfektionsmittel-5-l-alkoholbasiert","status":"publish","type":"product","link":"https:\/\/serviclean.be\/de\/produit\/kenosept-fluessiges-haendedesinfektionsmittel-5-l-alkoholbasiert\/","title":{"rendered":"Kenosept Fl\u00fcssiges H\u00e4ndedesinfektionsmittel 5 L \u2013 Alkoholbasiert"},"content":{"rendered":"<p>Kenosept ist ein fl\u00fcssiges Desinfektionsmittel auf Alkoholbasis, speziell formuliert, um eine schnelle und effektive H\u00e4ndehygiene in allen professionellen und \u00f6ffentlichen Umgebungen zu gew\u00e4hrleisten.<\/p>\n<p>Seine breite Wirksamkeit wirkt gegen Bakterien, Pilze und Viren, w\u00e4hrend es ohne Wasser oder Absp\u00fclen verwendet wird. Innerhalb weniger Sekunden sind die H\u00e4nde sauber, trocken und gesch\u00fctzt. <\/p>\n<p>Praktisch und wirtschaftlich ist sein 5-Liter-Format ideal zum Nachf\u00fcllen manueller oder automatischer Spender in B\u00fcros, Schulen, Gesch\u00e4ften, Krankenh\u00e4usern, Gemeinden oder \u00f6ffentlichen Bereichen.<\/p>\n<p><strong>Technische Daten:<\/strong><\/p>\n<ul>\n<li>Produkt: Fl\u00fcssiges H\u00e4ndedesinfektionsmittel<\/li>\n<li>Marke: Kenosept<\/li>\n<li>Inhalt: 5 L<\/li>\n<li>Aktive Basis: Alkohol<\/li>\n<\/ul>\n<p><strong>Eigenschaften:<\/strong><\/p>\n<ul>\n<li>Breites Wirksamkeitsspektrum (Bakterien, Pilze, Viren)<\/li>\n<li>Schnelle Wirkung, ohne Absp\u00fclen<\/li>\n<li>Fl\u00fcssig, leicht zu dosieren und anzuwenden<\/li>\n<li>Wirtschaftliches Format zum Nachf\u00fcllen<\/li>\n<\/ul>\n<p><strong>Anwendungen:<\/strong> Gesundheit, Gastgewerbe, Gemeinden, Unternehmen, \u00f6ffentliche Bereiche<\/p>\n<p><strong>Gebrauchsanweisung:<\/strong><\/p>\n<ul>\n<li>Eine kleine Menge in die Handfl\u00e4che geben oder spenden.<\/li>\n<li>Handfl\u00e4chen, Handr\u00fccken und Fingerzwischenr\u00e4ume sorgf\u00e4ltig einreiben.<\/li>\n<li>An der Luft trocknen lassen, nicht absp\u00fclen.<\/li>\n<li>So oft wie n\u00f6tig wiederholen.<\/li>\n<\/ul>\n","protected":false},"excerpt":{"rendered":"<p>Kenosept fl\u00fcssiges H\u00e4ndedesinfektionsmittel 5 L auf Alkoholbasis. Breites antibakterielles und antivirales Spektrum, ohne Absp\u00fclen. Ideal zum Nachf\u00fcllen von professionellen Spendern.  <\/p>\n<p><strong><span style=\"color: #008000;\">Art.-Nr.: 5242<\/span><\/strong><\/p>\n","protected":false},"featured_media":30159,"template":"","meta":[],"product_brand":[],"product_cat":[619,574],"product_tag":[],"class_list":{"0":"post-30148","1":"product","2":"type-product","3":"status-publish","4":"has-post-thumbnail","6":"product_cat-medizinische-hygiene","7":"product_cat-hand-und-flachendesinfektion","9":"first","10":"instock","11":"taxable","12":"shipping-taxable","13":"purchasable","14":"product-type-simple"},"acf":[],"_links":{"self":[{"href":"https:\/\/serviclean.be\/de\/wp-json\/wp\/v2\/product\/30148","targetHints":{"allow":["GET"]}}],"collection":[{"href":"https:\/\/serviclean.be\/de\/wp-json\/wp\/v2\/product"}],"about":[{"href":"https:\/\/serviclean.be\/de\/wp-json\/wp\/v2\/types\/product"}],"wp:featuredmedia":[{"embeddable":true,"href":"https:\/\/serviclean.be\/de\/wp-json\/wp\/v2\/media\/30159"}],"wp:attachment":[{"href":"https:\/\/serviclean.be\/de\/wp-json\/wp\/v2\/media?parent=30148"}],"wp:term":[{"taxonomy":"product_brand","embeddable":true,"href":"https:\/\/serviclean.be\/de\/wp-json\/wp\/v2\/product_brand?post=30148"},{"taxonomy":"product_cat","embeddable":true,"href":"https:\/\/serviclean.be\/de\/wp-json\/wp\/v2\/product_cat?post=30148"},{"taxonomy":"product_tag","embeddable":true,"href":"https:\/\/serviclean.be\/de\/wp-json\/wp\/v2\/product_tag?post=30148"}],"curies":[{"name":"wp","href":"https:\/\/api.w.org\/{rel}","templated":true}]}}