{"id":30136,"date":"2022-02-04T16:31:58","date_gmt":"2022-02-04T15:31:58","guid":{"rendered":"https:\/\/serviclean.be\/produit\/teleskopstiel-aluminium-4-loch-184-cm\/"},"modified":"2022-02-04T16:31:58","modified_gmt":"2022-02-04T15:31:58","slug":"teleskopstiel-aluminium-4-loch-184-cm","status":"publish","type":"product","link":"https:\/\/serviclean.be\/de\/produit\/teleskopstiel-aluminium-4-loch-184-cm\/","title":{"rendered":"Teleskopstiel Aluminium 4-Loch 184 cm"},"content":{"rendered":"<p>Teleskopstiel Aluminium 4-Loch 184 cm \u2013 Optimieren Sie Ihre Reinigungsroutine mit diesem f\u00fcr Profis entwickelten Teleskopstiel aus Aluminium. Sein ergonomischer, rutschfester Griff sorgt f\u00fcr einen stabilen Halt, w\u00e4hrend das Teleskopsystem sich Ihren Bed\u00fcrfnissen anpasst und von 102 bis 184 cm ausziehbar ist, damit Sie auch hohe Bereiche m\u00fchelos erreichen. <\/p>\n<p>Leicht und robust bietet dieser Stiel hohe Ergonomie und erstklassigen Bedienkomfort. Er ist das unverzichtbare Werkzeug f\u00fcr eine effiziente, m\u00fchelose Reinigung und hilft Ihnen, Ihre Aufgaben schnell zu erledigen. <\/p>\n<p>Ergonomischer Teleskopstiel 184 cm \u2013 Ref.: 5459<\/p>\n","protected":false},"excerpt":{"rendered":"<p>Teleskopstiel Aluminium 4-Loch 184 cm. Ergonomischer, rutschfester Griff und farbige Kappe. Ideal f\u00fcr die professionelle Reinigung mit h\u00f6chster Ergonomie. Ausziehbar von 102 bis 184 cm, Au\u00dfen-\u00f8 26 mm, Innen-\u00f8 23 mm.   <\/p>\n<p><span style=\"color: #00a859;\"><strong>Ref.: 5459<\/strong><\/span><\/p>\n","protected":false},"featured_media":30139,"template":"","meta":[],"product_brand":[],"product_cat":[664,591],"product_tag":[],"class_list":{"0":"post-30136","1":"product","2":"type-product","3":"status-publish","4":"has-post-thumbnail","6":"product_cat-moppbezuge-und-mopps","7":"product_cat-material-zubehor","9":"first","10":"instock","11":"taxable","12":"shipping-taxable","13":"purchasable","14":"product-type-simple"},"acf":[],"_links":{"self":[{"href":"https:\/\/serviclean.be\/de\/wp-json\/wp\/v2\/product\/30136","targetHints":{"allow":["GET"]}}],"collection":[{"href":"https:\/\/serviclean.be\/de\/wp-json\/wp\/v2\/product"}],"about":[{"href":"https:\/\/serviclean.be\/de\/wp-json\/wp\/v2\/types\/product"}],"wp:featuredmedia":[{"embeddable":true,"href":"https:\/\/serviclean.be\/de\/wp-json\/wp\/v2\/media\/30139"}],"wp:attachment":[{"href":"https:\/\/serviclean.be\/de\/wp-json\/wp\/v2\/media?parent=30136"}],"wp:term":[{"taxonomy":"product_brand","embeddable":true,"href":"https:\/\/serviclean.be\/de\/wp-json\/wp\/v2\/product_brand?post=30136"},{"taxonomy":"product_cat","embeddable":true,"href":"https:\/\/serviclean.be\/de\/wp-json\/wp\/v2\/product_cat?post=30136"},{"taxonomy":"product_tag","embeddable":true,"href":"https:\/\/serviclean.be\/de\/wp-json\/wp\/v2\/product_tag?post=30136"}],"curies":[{"name":"wp","href":"https:\/\/api.w.org\/{rel}","templated":true}]}}