{"id":30114,"date":"2022-02-05T19:09:30","date_gmt":"2022-02-05T18:09:30","guid":{"rendered":"https:\/\/serviclean.be\/produit\/trapez-halter-velcro-40-cm\/"},"modified":"2022-02-05T19:09:30","modified_gmt":"2022-02-05T18:09:30","slug":"trapez-halter-velcro-40-cm","status":"publish","type":"product","link":"https:\/\/serviclean.be\/de\/produit\/trapez-halter-velcro-40-cm\/","title":{"rendered":"Trapez-Halter Velcro &#8211; 40 cm"},"content":{"rendered":"<p>Halter mit Klettverschluss-System und ovalen Befestigungspunkten. Trapez-Wischmopp Velcro 40 cm.<br \/>\nFlachsystem mit Klett-Halter, zur Verwendung vorgetr\u00e4nkt oder bei Bedarf getr\u00e4nkt mit integriertem Tr\u00e4nksystem oder mit Reservoir-Stiel.<br \/>\nIdeal f\u00fcr professionelle Hochleistungsreinigung <\/p>\n<p>&nbsp;<\/p>\n","protected":false},"excerpt":{"rendered":"<p>Trapez-Halter Velcro &#8211; 40 cm. Flachsystem mit Halter mit Klettverschluss-System, zur Verwendung vorgetr\u00e4nkt oder bei Bedarf getr\u00e4nkt mit integriertem Tr\u00e4nksystem oder mit Reservoir-Stiel. Ideal f\u00fcr professionelle Hochleistungsreinigung.  <\/p>\n<p><strong><span style=\"color: #008000;\">Art.-Nr.: 5466<\/span><\/strong><\/p>\n","protected":false},"featured_media":27581,"template":"","meta":[],"product_brand":[],"product_cat":[600],"product_tag":[],"class_list":{"0":"post-30114","1":"product","2":"type-product","3":"status-publish","4":"has-post-thumbnail","6":"product_cat-kehren-entstauben","8":"first","9":"onbackorder","10":"taxable","11":"shipping-taxable","12":"purchasable","13":"product-type-simple"},"acf":[],"_links":{"self":[{"href":"https:\/\/serviclean.be\/de\/wp-json\/wp\/v2\/product\/30114","targetHints":{"allow":["GET"]}}],"collection":[{"href":"https:\/\/serviclean.be\/de\/wp-json\/wp\/v2\/product"}],"about":[{"href":"https:\/\/serviclean.be\/de\/wp-json\/wp\/v2\/types\/product"}],"wp:featuredmedia":[{"embeddable":true,"href":"https:\/\/serviclean.be\/de\/wp-json\/wp\/v2\/media\/27581"}],"wp:attachment":[{"href":"https:\/\/serviclean.be\/de\/wp-json\/wp\/v2\/media?parent=30114"}],"wp:term":[{"taxonomy":"product_brand","embeddable":true,"href":"https:\/\/serviclean.be\/de\/wp-json\/wp\/v2\/product_brand?post=30114"},{"taxonomy":"product_cat","embeddable":true,"href":"https:\/\/serviclean.be\/de\/wp-json\/wp\/v2\/product_cat?post=30114"},{"taxonomy":"product_tag","embeddable":true,"href":"https:\/\/serviclean.be\/de\/wp-json\/wp\/v2\/product_tag?post=30114"}],"curies":[{"name":"wp","href":"https:\/\/api.w.org\/{rel}","templated":true}]}}