{"id":30111,"date":"2022-02-04T16:09:00","date_gmt":"2022-02-04T15:09:00","guid":{"rendered":"https:\/\/serviclean.be\/produit\/trapez-staubwischgestell-grau-60-cm\/"},"modified":"2022-02-04T16:09:00","modified_gmt":"2022-02-04T15:09:00","slug":"trapez-staubwischgestell-grau-60-cm","status":"publish","type":"product","link":"https:\/\/serviclean.be\/de\/produit\/trapez-staubwischgestell-grau-60-cm\/","title":{"rendered":"TRAPEZ-STAUBWISCHGESTELL GRAU 60 CM"},"content":{"rendered":"<p>Gelenkst\u00fcck und Befestigungssystem f\u00fcr Staubt\u00fccher. Einteiliger Stiel oder Teleskopstiel. <\/p>\n<p>Effizient: Der Schwamm passt sich jeder Oberfl\u00e4che perfekt an und sorgt f\u00fcr eine gr\u00fcndliche Entstaubung<br \/>\nSto\u00dffest: Eine Reihe von Rippen verst\u00e4rkt das Werkzeug<br \/>\nVielseitig: Dank der praktischen Universalclips mit jedem Tuch oder jeder Gaze verwendbar<br \/>\nPraktisch: Das 360\u00b0-Gelenk erm\u00f6glicht eine einfache Anwendung in schwer zug\u00e4nglichen Bereichen<\/p>\n","protected":false},"excerpt":{"rendered":"<p>Polypropylen-Rahmen mit Schwamm 60 CM x 10 CM. Entstaubungssystem mit Gazet\u00fcchern oder antistatischen T\u00fcchern. Ideal f\u00fcr eine leistungsstarke professionelle Reinigung.  <\/p>\n<p>Art.-Nr.: 2769<\/p>\n","protected":false},"featured_media":30115,"template":"","meta":[],"product_brand":[],"product_cat":[600],"product_tag":[],"class_list":{"0":"post-30111","1":"product","2":"type-product","3":"status-publish","4":"has-post-thumbnail","6":"product_cat-kehren-entstauben","8":"first","9":"instock","10":"taxable","11":"shipping-taxable","12":"purchasable","13":"product-type-simple"},"acf":[],"_links":{"self":[{"href":"https:\/\/serviclean.be\/de\/wp-json\/wp\/v2\/product\/30111","targetHints":{"allow":["GET"]}}],"collection":[{"href":"https:\/\/serviclean.be\/de\/wp-json\/wp\/v2\/product"}],"about":[{"href":"https:\/\/serviclean.be\/de\/wp-json\/wp\/v2\/types\/product"}],"wp:featuredmedia":[{"embeddable":true,"href":"https:\/\/serviclean.be\/de\/wp-json\/wp\/v2\/media\/30115"}],"wp:attachment":[{"href":"https:\/\/serviclean.be\/de\/wp-json\/wp\/v2\/media?parent=30111"}],"wp:term":[{"taxonomy":"product_brand","embeddable":true,"href":"https:\/\/serviclean.be\/de\/wp-json\/wp\/v2\/product_brand?post=30111"},{"taxonomy":"product_cat","embeddable":true,"href":"https:\/\/serviclean.be\/de\/wp-json\/wp\/v2\/product_cat?post=30111"},{"taxonomy":"product_tag","embeddable":true,"href":"https:\/\/serviclean.be\/de\/wp-json\/wp\/v2\/product_tag?post=30111"}],"curies":[{"name":"wp","href":"https:\/\/api.w.org\/{rel}","templated":true}]}}