{"id":30107,"date":"2022-02-05T20:16:29","date_gmt":"2022-02-05T19:16:29","guid":{"rendered":"https:\/\/serviclean.be\/produit\/warnschild-rutschgefahr-nasser-boden\/"},"modified":"2022-02-05T20:16:29","modified_gmt":"2022-02-05T19:16:29","slug":"warnschild-rutschgefahr-nasser-boden","status":"publish","type":"product","link":"https:\/\/serviclean.be\/de\/produit\/warnschild-rutschgefahr-nasser-boden\/","title":{"rendered":"Warnschild Rutschgefahr\/Nasser Boden"},"content":{"rendered":"<p>Das Warnschild \u201eRUTSCHGEFAHR\u201c besteht aus zwei identischen Teilen: Schwarzer Siebdruck mit \u201eACHTUNG\u201c und \u201eRUTSCHGEFAHR\u201c sowie einem vorschriftsm\u00e4\u00dfigen Piktogramm<br \/>\n&#8211; Die beiden Teile sind oben am Griff miteinander verbunden.<br \/>\n&#8211; Selbstt\u00e4tige Arretierung der \u00d6ffnung, sobald ein Winkel von 45 Grad erreicht ist.<br \/>\n&#8211; Gute Standfestigkeit auf dem Boden.<\/p>\n","protected":false},"excerpt":{"rendered":"<p>Die beidseitige Kennzeichnung warnt Passanten von beiden Seiten vor dem nassen Boden. Mit Abmessungen von 300 x 620 mm und einem Nettogewicht von 680 Gramm ist dieses Produkt platzsparend zu lagern und l\u00e4sst sich m\u00fchelos transportieren. Der aufgedruckte Text ist auf Franz\u00f6sisch.  <\/p>\n<p>Art.-Nr.: 5192<\/p>\n","protected":false},"featured_media":30109,"template":"","meta":[],"product_brand":[],"product_cat":[591,575],"product_tag":[],"class_list":{"0":"post-30107","1":"product","2":"type-product","3":"status-publish","4":"has-post-thumbnail","6":"product_cat-material-zubehor","7":"product_cat-angebote","9":"first","10":"instock","11":"sale","12":"taxable","13":"shipping-taxable","14":"purchasable","15":"product-type-simple"},"acf":[],"_links":{"self":[{"href":"https:\/\/serviclean.be\/de\/wp-json\/wp\/v2\/product\/30107","targetHints":{"allow":["GET"]}}],"collection":[{"href":"https:\/\/serviclean.be\/de\/wp-json\/wp\/v2\/product"}],"about":[{"href":"https:\/\/serviclean.be\/de\/wp-json\/wp\/v2\/types\/product"}],"wp:featuredmedia":[{"embeddable":true,"href":"https:\/\/serviclean.be\/de\/wp-json\/wp\/v2\/media\/30109"}],"wp:attachment":[{"href":"https:\/\/serviclean.be\/de\/wp-json\/wp\/v2\/media?parent=30107"}],"wp:term":[{"taxonomy":"product_brand","embeddable":true,"href":"https:\/\/serviclean.be\/de\/wp-json\/wp\/v2\/product_brand?post=30107"},{"taxonomy":"product_cat","embeddable":true,"href":"https:\/\/serviclean.be\/de\/wp-json\/wp\/v2\/product_cat?post=30107"},{"taxonomy":"product_tag","embeddable":true,"href":"https:\/\/serviclean.be\/de\/wp-json\/wp\/v2\/product_tag?post=30107"}],"curies":[{"name":"wp","href":"https:\/\/api.w.org\/{rel}","templated":true}]}}