{"id":30102,"date":"2022-02-15T17:08:02","date_gmt":"2022-02-15T16:08:02","guid":{"rendered":"https:\/\/serviclean.be\/produit\/poltech-perfume-tropical-konzentrierter-lufterfrischer-1-l\/"},"modified":"2022-02-15T17:08:02","modified_gmt":"2022-02-15T16:08:02","slug":"poltech-perfume-tropical-konzentrierter-lufterfrischer-1-l","status":"publish","type":"product","link":"https:\/\/serviclean.be\/de\/produit\/poltech-perfume-tropical-konzentrierter-lufterfrischer-1-l\/","title":{"rendered":"PolTech Perfume Tropical \u2013 Konzentrierter Lufterfrischer 1 l"},"content":{"rendered":"<p>PolTech Perfume Tropical 1 l ist ein konzentrierter Lufterfrischer mit exotischem Duft, der Mango, Ananas, Kokosnuss und tropische Blumen vereint. Er neutralisiert unangenehme Ger\u00fcche schnell und schafft ein warmes, sonniges Ambiente in allen gewerblichen R\u00e4umen. <\/p>\n<p>Vielseitig einsetzbar, wird er als Raumspray oder als Zusatz im Wischwasser verwendet, um Flure, B\u00fcros, Sanit\u00e4ranlagen, Empfangshallen, Gesch\u00e4fte, Hotels und Fahrzeuge zu parf\u00fcmieren.<\/p>\n<p>Sein fr\u00f6hlicher, nicht aufdringlicher tropischer Duft bietet langanhaltende Frische. Er neutralisiert effektiv hartn\u00e4ckige Ger\u00fcche in Sanit\u00e4ranlagen, Umkleider\u00e4umen oder Abfallbereichen, ohne Spuren oder R\u00fcckst\u00e4nde auf B\u00f6den und waschbaren Oberfl\u00e4chen zu hinterlassen. <\/p>\n<p>Kompatibel mit Spr\u00fchflasche, Eimer, Mopp und Scheuersaugmaschine garantiert seine konzentrierte Formel eine wirtschaftliche Anwendung.<\/p>\n<p><strong>Anwendung:<\/strong><\/p>\n<ul>\n<li>Raumspray: Pur in die Luft oder auf ein Mikrofasertuch spr\u00fchen (einige Spr\u00fchst\u00f6\u00dfe gen\u00fcgen).<\/li>\n<li>Wischwasser \/ Scheuersaugmaschine: 5\u201320 ml\/l (0,5\u20132 %) oder 0,2\u20130,5 % in der Scheuersaugmaschine.<\/li>\n<li>Kompatibel mit neutralen Reinigungsmitteln. Nicht mit Bleichmittel oder stark alkalischen Produkten mischen. <\/li>\n<\/ul>\n<p><strong>Vorsichtsma\u00dfnahmen:<\/strong><\/p>\n<p>Vor Gebrauch an einer unauff\u00e4lligen Stelle testen. Empfindliche Textilien und duftempfindliche Oberfl\u00e4chen vermeiden.  Au\u00dferhalb der Reichweite von Kindern aufbewahren.<\/p>\n","protected":false},"excerpt":{"rendered":"<p>PolTech Perfume Tropical 1 l Lufterfrischer, konzentriert mit exotischem Duft. Neutralisiert Ger\u00fcche, fr\u00f6hlicher langanhaltender Duft, vielseitig und wirtschaftlich im Gebrauch. <\/p>\n<p><span style=\"color: #008000;\"><strong>Art.-Nr.: 5480<\/strong><\/span><\/p>\n","protected":false},"featured_media":30104,"template":"","meta":[],"product_brand":[],"product_cat":[579,644],"product_tag":[],"class_list":{"0":"post-30102","1":"product","2":"type-product","3":"status-publish","4":"has-post-thumbnail","6":"product_cat-bodenreinigung","7":"product_cat-umweltzeichen-produkte","9":"first","10":"instock","11":"taxable","12":"shipping-taxable","13":"purchasable","14":"product-type-simple"},"acf":[],"_links":{"self":[{"href":"https:\/\/serviclean.be\/de\/wp-json\/wp\/v2\/product\/30102","targetHints":{"allow":["GET"]}}],"collection":[{"href":"https:\/\/serviclean.be\/de\/wp-json\/wp\/v2\/product"}],"about":[{"href":"https:\/\/serviclean.be\/de\/wp-json\/wp\/v2\/types\/product"}],"wp:featuredmedia":[{"embeddable":true,"href":"https:\/\/serviclean.be\/de\/wp-json\/wp\/v2\/media\/30104"}],"wp:attachment":[{"href":"https:\/\/serviclean.be\/de\/wp-json\/wp\/v2\/media?parent=30102"}],"wp:term":[{"taxonomy":"product_brand","embeddable":true,"href":"https:\/\/serviclean.be\/de\/wp-json\/wp\/v2\/product_brand?post=30102"},{"taxonomy":"product_cat","embeddable":true,"href":"https:\/\/serviclean.be\/de\/wp-json\/wp\/v2\/product_cat?post=30102"},{"taxonomy":"product_tag","embeddable":true,"href":"https:\/\/serviclean.be\/de\/wp-json\/wp\/v2\/product_tag?post=30102"}],"curies":[{"name":"wp","href":"https:\/\/api.w.org\/{rel}","templated":true}]}}