{"id":30096,"date":"2022-02-15T17:25:12","date_gmt":"2022-02-15T16:25:12","guid":{"rendered":"https:\/\/serviclean.be\/produit\/poltech-grease-spray-750-ml\/"},"modified":"2022-02-15T17:25:12","modified_gmt":"2022-02-15T16:25:12","slug":"poltech-grease-spray-750-ml","status":"publish","type":"product","link":"https:\/\/serviclean.be\/de\/produit\/poltech-grease-spray-750-ml\/","title":{"rendered":"PolTech Grease Spray 750 ml"},"content":{"rendered":"<p>Das PolTech Grease Spray 750 ml ist ein Multifunktionsspray, das die Eigenschaften eines Hochleistungsschmiermittels und eines gebrauchsfertigen Entfettungsreinigers vereint. Es wurde entwickelt, um selbst hartn\u00e4ckigste Flecken schnell zu entfernen und gleichzeitig eine dauerhafte Schmierung mechanischer Teile zu gew\u00e4hrleisten. <\/p>\n<p>Im Lebensmittelbereich entfernt es effektiv mineralische und pflanzliche Fette auf allen abwaschbaren Oberfl\u00e4chen, ohne R\u00fcckst\u00e4nde zu hinterlassen. Im nicht-lebensmittelbezogenen Bereich kann es auch auf allen Teppicharten, einschlie\u00dflich Wolle, verwendet werden. Es ist sehr wirksam bei der Entfernung von Absatzspuren, Bleistiftspuren, Tinte, Klebstoff, Nikotin sowie Fetten, Kohlenwasserstoffr\u00fcckst\u00e4nden und anderen organischen Flecken.  <\/p>\n<p>Seine haftende Formel ist wasser-, hitze- und extremen Umgebungen gegen\u00fcber best\u00e4ndig und erleichtert gleichzeitig die Wartung von Oberfl\u00e4chen und Ger\u00e4ten.<\/p>\n","protected":false},"excerpt":{"rendered":"<p>Gebrauchsfertiges Schmier- und Reinigungsspray 750 ml, wirksam gegen Fette, hartn\u00e4ckige Flecken und R\u00fcckst\u00e4nde in Lebensmittel- und Industriebereichen.<\/p>\n<p><span style=\"color: #008000;\"><strong>Art.-Nr.: 5481<\/strong><\/span><\/p>\n","protected":false},"featured_media":30100,"template":"","meta":[],"product_brand":[],"product_cat":[593,605],"product_tag":[],"class_list":{"0":"post-30096","1":"product","2":"type-product","3":"status-publish","4":"has-post-thumbnail","6":"product_cat-produkte-fur-glas-und-oberflachen","7":"product_cat-entfettungsprodukte","9":"first","10":"instock","11":"taxable","12":"shipping-taxable","13":"purchasable","14":"product-type-simple"},"acf":[],"_links":{"self":[{"href":"https:\/\/serviclean.be\/de\/wp-json\/wp\/v2\/product\/30096","targetHints":{"allow":["GET"]}}],"collection":[{"href":"https:\/\/serviclean.be\/de\/wp-json\/wp\/v2\/product"}],"about":[{"href":"https:\/\/serviclean.be\/de\/wp-json\/wp\/v2\/types\/product"}],"wp:featuredmedia":[{"embeddable":true,"href":"https:\/\/serviclean.be\/de\/wp-json\/wp\/v2\/media\/30100"}],"wp:attachment":[{"href":"https:\/\/serviclean.be\/de\/wp-json\/wp\/v2\/media?parent=30096"}],"wp:term":[{"taxonomy":"product_brand","embeddable":true,"href":"https:\/\/serviclean.be\/de\/wp-json\/wp\/v2\/product_brand?post=30096"},{"taxonomy":"product_cat","embeddable":true,"href":"https:\/\/serviclean.be\/de\/wp-json\/wp\/v2\/product_cat?post=30096"},{"taxonomy":"product_tag","embeddable":true,"href":"https:\/\/serviclean.be\/de\/wp-json\/wp\/v2\/product_tag?post=30096"}],"curies":[{"name":"wp","href":"https:\/\/api.w.org\/{rel}","templated":true}]}}