{"id":30080,"date":"2022-05-15T17:58:52","date_gmt":"2022-05-15T15:58:52","guid":{"rendered":"https:\/\/serviclean.be\/produit\/greenr-wind-oekologischer-glasreiniger-5-l\/"},"modified":"2022-05-15T17:58:52","modified_gmt":"2022-05-15T15:58:52","slug":"greenr-wind-oekologischer-glasreiniger-5-l","status":"publish","type":"product","link":"https:\/\/serviclean.be\/de\/produit\/greenr-wind-oekologischer-glasreiniger-5-l\/","title":{"rendered":"Green\u2019R Wind \u00d6kologischer Glasreiniger 5 l"},"content":{"rendered":"<p>Green\u2019R Wind 5 l ist ein gebrauchsfertiger \u00f6kologischer Glasreiniger, der speziell entwickelt wurde, um auf all Ihren Glasfl\u00e4chen sowie gl\u00e4nzenden, modernen und laminierten Oberfl\u00e4chen ein makelloses Ergebnis zu erzielen.<\/p>\n<p>Seine einzigartige Formel sorgt f\u00fcr schnelles Trocknen ohne Streifen oder Schleier \u2013 f\u00fcr perfekte Transparenz nach jedem Wisch. Sein fr\u00fchlingshafter Blumenduft sorgt bei der Anwendung f\u00fcr ein angenehmes Frischegef\u00fchl. <\/p>\n<p>Umweltfreundlich und f\u00fcr den Einsatz im Lebensmittelbereich geeignet, vereint Green\u2019R Wind professionelle Leistung mit geringer Umweltbelastung.<br \/>\nEine ideale Wahl f\u00fcr B\u00fcros, \u00f6ffentliche Einrichtungen, Gesch\u00e4fte, Hotels, Restaurants, Profik\u00fcchen \u2013 aber auch f\u00fcr einen umweltbewussten Haushalt.<\/p>\n<p><strong>Technische Daten:<\/strong><\/p>\n<ul>\n<li>Produktname: Green\u2019R Wind \u2013 \u00d6kologischer Glasreiniger<\/li>\n<li>Format: 5 l<\/li>\n<li>Typ: gebrauchsfertiger Glasreiniger<\/li>\n<\/ul>\n<p><strong>Eigenschaften:<\/strong><\/p>\n<ul>\n<li>Schnelltrocknend, ohne Streifen oder Schleier<\/li>\n<li>Fr\u00fchlingshafter Blumenduft<\/li>\n<li>Umweltfreundlich (geringe Umweltbelastung)<\/li>\n<li>F\u00fcr den Einsatz im Lebensmittelbereich geeignet<\/li>\n<li>Wirksam auf Glas, gl\u00e4nzenden und laminierten Oberfl\u00e4chen<\/li>\n<\/ul>\n<p><strong>Kompatible Untergr\u00fcnde:<\/strong><\/p>\n<ul>\n<li>Fenster und Spiegel<\/li>\n<li>Laminierte und gl\u00e4nzende Oberfl\u00e4chen<\/li>\n<li>Glastische und Glasvitrinen<\/li>\n<\/ul>\n<p><strong>Anwendungsbereiche:<\/strong><\/p>\n<ul>\n<li>\u00d6ffentliche Einrichtungen, B\u00fcros und Schulen<\/li>\n<li>Gesch\u00e4fte, Hotels, Restaurants, HORECA<\/li>\n<li>Profik\u00fcchen<\/li>\n<li>\u00d6kologischer Haushaltsgebrauch<\/li>\n<\/ul>\n<p><strong>Gebrauchsanweisung:<\/strong><\/p>\n<ul>\n<li>Green\u2019R Wind direkt auf die Glasfl\u00e4che spr\u00fchen.<\/li>\n<li>Sofort mit einem sauberen, trockenen Tuch oder einem Mikrofasertuch abwischen.<\/li>\n<li>Nicht nachsp\u00fclen.<\/li>\n<li>F\u00fcr ein optimales Ergebnis direkte Sonneneinstrahlung w\u00e4hrend der Reinigung vermeiden.<\/li>\n<\/ul>\n","protected":false},"excerpt":{"rendered":"<p>Green\u2019R Wind 5 l. <strong>\u00d6kologischer Glasreiniger<\/strong> gebrauchsfertig. Schnelltrocknend, streifenfrei, frischer Blumenduft. Ideal f\u00fcr Profi- und Haushaltsgebrauch.  <\/p>\n<p><span style=\"color: #008000;\"><strong>Ref.: 5623<\/strong><\/span><\/p>\n","protected":false},"featured_media":30085,"template":"","meta":[],"product_brand":[],"product_cat":[593,644],"product_tag":[687],"class_list":{"0":"post-30080","1":"product","2":"type-product","3":"status-publish","4":"has-post-thumbnail","6":"product_cat-produkte-fur-glas-und-oberflachen","7":"product_cat-umweltzeichen-produkte","8":"product_tag-greenr","10":"first","11":"instock","12":"taxable","13":"shipping-taxable","14":"purchasable","15":"product-type-simple"},"acf":[],"_links":{"self":[{"href":"https:\/\/serviclean.be\/de\/wp-json\/wp\/v2\/product\/30080","targetHints":{"allow":["GET"]}}],"collection":[{"href":"https:\/\/serviclean.be\/de\/wp-json\/wp\/v2\/product"}],"about":[{"href":"https:\/\/serviclean.be\/de\/wp-json\/wp\/v2\/types\/product"}],"wp:featuredmedia":[{"embeddable":true,"href":"https:\/\/serviclean.be\/de\/wp-json\/wp\/v2\/media\/30085"}],"wp:attachment":[{"href":"https:\/\/serviclean.be\/de\/wp-json\/wp\/v2\/media?parent=30080"}],"wp:term":[{"taxonomy":"product_brand","embeddable":true,"href":"https:\/\/serviclean.be\/de\/wp-json\/wp\/v2\/product_brand?post=30080"},{"taxonomy":"product_cat","embeddable":true,"href":"https:\/\/serviclean.be\/de\/wp-json\/wp\/v2\/product_cat?post=30080"},{"taxonomy":"product_tag","embeddable":true,"href":"https:\/\/serviclean.be\/de\/wp-json\/wp\/v2\/product_tag?post=30080"}],"curies":[{"name":"wp","href":"https:\/\/api.w.org\/{rel}","templated":true}]}}