{"id":30076,"date":"2022-02-23T23:51:46","date_gmt":"2022-02-23T22:51:46","guid":{"rendered":"https:\/\/serviclean.be\/produit\/braune-kraftpapierbecher-8-oz-240-ml-1000-stk\/"},"modified":"2022-02-23T23:51:46","modified_gmt":"2022-02-23T22:51:46","slug":"braune-kraftpapierbecher-8-oz-240-ml-1000-stk","status":"publish","type":"product","link":"https:\/\/serviclean.be\/de\/produit\/braune-kraftpapierbecher-8-oz-240-ml-1000-stk\/","title":{"rendered":"Braune Kraftpapierbecher 8 oz 240 ml (1000 Stk.)"},"content":{"rendered":"<p>Die braunen Kraftpapierbecher 8 oz 240 ml sind eine kluge Wahl f\u00fcr Profis in Gastronomie und Hotellerie. Ihre robuste Ausf\u00fchrung sorgt f\u00fcr zuverl\u00e4ssigen Einsatz, w\u00e4hrend die nat\u00fcrliche Optik sich harmonisch in verschiedene Umgebungen einf\u00fcgt. Zudem erf\u00fcllen diese Becher Umweltstandards und bieten damit eine \u00f6kologische Alternative. Mit den braunen Papierbechern 8 oz 240 ml sichern Sie einen hochwertigen und umweltbewussten Service.   <\/p>\n","protected":false},"excerpt":{"rendered":"<p>Die braunen Kraftpapierbecher 8 oz 240 ml, erh\u00e4ltlich im Pack mit 1.000 St\u00fcck, sind die ideale L\u00f6sung f\u00fcr den Einsatz in Caf\u00e9s, B\u00fcros, Hotels und im Catering. Entwickelt, um Robustheit und Eleganz zu vereinen, bieten diese Becher Funktionalit\u00e4t und \u00c4sthetik zugleich. Ihr sorgf\u00e4ltiges Design macht sie f\u00fcr verschiedene Umgebungen geeignet und entspricht zugleich \u00f6kologischen Standards. Entscheiden Sie sich f\u00fcr die braunen Kraftpapierbecher 8 oz 240 ml f\u00fcr einen Service von h\u00f6chster Qualit\u00e4t.   <\/p>\n<p><span style=\"color: #008000;\"><strong>Ref.: 5266<\/strong><\/span><\/p>\n","protected":false},"featured_media":27816,"template":"","meta":[],"product_brand":[],"product_cat":[624,667],"product_tag":[],"class_list":{"0":"post-30076","1":"product","2":"type-product","3":"status-publish","4":"has-post-thumbnail","6":"product_cat-catering","7":"product_cat-pappbecher-aus-kraftpapier","9":"first","10":"instock","11":"taxable","12":"shipping-taxable","13":"purchasable","14":"product-type-simple"},"acf":[],"_links":{"self":[{"href":"https:\/\/serviclean.be\/de\/wp-json\/wp\/v2\/product\/30076","targetHints":{"allow":["GET"]}}],"collection":[{"href":"https:\/\/serviclean.be\/de\/wp-json\/wp\/v2\/product"}],"about":[{"href":"https:\/\/serviclean.be\/de\/wp-json\/wp\/v2\/types\/product"}],"wp:featuredmedia":[{"embeddable":true,"href":"https:\/\/serviclean.be\/de\/wp-json\/wp\/v2\/media\/27816"}],"wp:attachment":[{"href":"https:\/\/serviclean.be\/de\/wp-json\/wp\/v2\/media?parent=30076"}],"wp:term":[{"taxonomy":"product_brand","embeddable":true,"href":"https:\/\/serviclean.be\/de\/wp-json\/wp\/v2\/product_brand?post=30076"},{"taxonomy":"product_cat","embeddable":true,"href":"https:\/\/serviclean.be\/de\/wp-json\/wp\/v2\/product_cat?post=30076"},{"taxonomy":"product_tag","embeddable":true,"href":"https:\/\/serviclean.be\/de\/wp-json\/wp\/v2\/product_tag?post=30076"}],"curies":[{"name":"wp","href":"https:\/\/api.w.org\/{rel}","templated":true}]}}